{"id":14248,"date":"2022-08-30T09:52:21","date_gmt":"2022-08-30T07:52:21","guid":{"rendered":"https:\/\/pronokalprewpes.omatech.com\/be-fr\/?page_id=14248"},"modified":"2022-08-30T09:52:21","modified_gmt":"2022-08-30T07:52:21","slug":"reclamations","status":"publish","type":"page","link":"https:\/\/pronokalprewpes.omatech.com\/be-fr\/reclamations\/","title":{"rendered":"R\u00e9clamations"},"content":{"rendered":"<p>&nbsp;<\/p>\n<h1 style=\"padding-left: 120px;\"><strong><em>Speak Up:<\/em><\/strong><strong> le canal de r\u00e9clamations du groupe PronoKal<\/strong><\/h1>\n<p style=\"padding-left: 120px; padding-right: 120px;\">Pour garantir le respect des <a href=\"https:\/\/pronokalprewpes.omatech.com\/be-fr\/wp-content\/uploads\/sites\/7\/2022\/08\/2_Corporate-Business-Principles-FR_c.pdf\" target=\"_blank\" rel=\"noopener\"><u>Principes Commerciaux<\/u><\/a> qui r\u00e9gissent le groupe PronoKal, ainsi que du <a href=\"https:\/\/pronokalprewpes.omatech.com\/be-fr\/wp-content\/uploads\/sites\/7\/2022\/08\/1_Code-of-Conduct-FR_c.pdf\" target=\"_blank\" rel=\"noopener\"><u>Code de Conduite<\/u><\/a> de l\u2019entreprise, nous mettons notre<strong> Canal de D\u00e9nonciations <\/strong>(<strong><em>Speak Up<\/em><\/strong>) \u00e0 la disposition de nos employ\u00e9s, fournisseurs et clients, afin qu&rsquo;en cas de besoin, ils puissent signaler d&rsquo;\u00e9ventuelles violations ou infractions aux r\u00e9glementations susmentionn\u00e9es.<\/strong>.<\/p>\n<p style=\"padding-left: 120px; padding-right: 120px;\">Notre canal de r\u00e9clamations, <strong>actif 24 heures sur 24, 365 jours par an<\/strong>, est g\u00e9r\u00e9 par un prestataire externe, ce qui nous permet de <strong>garantir la confidentialit\u00e9 maximale du plaignant<\/strong> et d&rsquo;assurer son anonymat \u00e0 tout moment, sauf accord expr\u00e8s de notre part.<\/p>\n<p>&nbsp;<\/p>\n<hr \/>\n<blockquote>\n<p style=\"padding-left: 120px; padding-right: 120px; text-align: center;\"><strong>IMPORTANT! Si vous souhaitez d\u00e9poser une plainte ou une r\u00e9clamation concernant nos produits et\/ou services, vous devrez le faire via <a href=\"https:\/\/pronokalprewpes.omatech.com\/be-fr\/contact\/\">le Service Client<\/a>.<\/strong><\/p>\n<\/blockquote>\n<hr \/>\n<p>&nbsp;<\/p>\n<h2><\/h2>\n<h2 style=\"padding-left: 120px; padding-right: 120px;\"><strong>Comment d\u00e9poser une plainte?<\/strong><\/h2>\n<p style=\"padding-left: 120px; padding-right: 120px;\">Il existe deux fa\u00e7ons de d\u00e9poser une plainte via Speak Up: via un formulaire Web ou via un appel t\u00e9l\u00e9phonique (gratuit).<\/p>\n<p style=\"padding-left: 120px; padding-right: 120px;\">Dans les deux cas, la personne recevra un\u00a0<strong>num\u00e9ro d&rsquo;identification<\/strong> qui lui permettra de suivre l&rsquo;\u00e9tat de la plainte d\u00e9pos\u00e9e et, si n\u00e9cessaire, de fournir des informations suppl\u00e9mentaires pour la r\u00e9solution du cas.<\/p>\n<p>&nbsp;<\/p>\n<ul>\n<li style=\"list-style-type: none;\">\n<ul>\n<li style=\"list-style-type: none;\">\n<ul>\n<li style=\"list-style-type: none;\">\n<ul>\n<li style=\"list-style-type: none;\">\n<ul>\n<li><strong>PLAINTE PAR FORMULAIRE WEB<br \/>\n<\/strong>Acc\u00e8s via le lien suivant: <a href=\"https:\/\/www.speakupfeedback.eu\/web\/A2VY73\/be\/select_language\/b19\" target=\"_blank\" rel=\"noopener\">signalez ici<\/a><\/p>\n<p style=\"padding-left: 0px; padding-right: 120px;\">Pour assurer une enqu\u00eate efficace sur les faits, il est important de <strong>fournir une description d\u00e9taill\u00e9e de l&rsquo;incident<\/strong> (qui, quoi, quand, comment) <strong>et des preuves \u00e0 l&rsquo;appui<\/strong> (par exemple, des copies de documents, des captures d&rsquo;\u00e9cran ou des noms de t\u00e9moins) qui permettent de corroborer et de v\u00e9rifier les faits rapport\u00e9s.<\/p>\n<\/li>\n<\/ul>\n<\/li>\n<\/ul>\n<\/li>\n<\/ul>\n<\/li>\n<\/ul>\n<\/li>\n<\/ul>\n<p>&nbsp;<\/p>\n<ul>\n<li style=\"list-style-type: none;\">\n<ul>\n<li style=\"list-style-type: none;\">\n<ul>\n<li style=\"list-style-type: none;\">\n<ul>\n<li style=\"list-style-type: none;\">\n<ul>\n<li><strong>PLAINTE PAR APPEL T\u00c9L\u00c9PHONIQUE<br \/>\n<\/strong>Appelez le <strong>0800-71365<\/strong> et entrez le code d&rsquo;acc\u00e8s 82357.<\/p>\n<p style=\"padding-left: 0px; padding-right: 120px;\">L&rsquo;appel n&rsquo;est pas assur\u00e9 par un op\u00e9rateur, mais plut\u00f4t par un syst\u00e8me de messagerie vocale. Ce syst\u00e8me enregistre la plainte d\u00e9pos\u00e9e, qui est transmise \u00e0 la personne charg\u00e9e d&rsquo;enqu\u00eater sur le cas.<\/p>\n<\/li>\n<\/ul>\n<\/li>\n<\/ul>\n<\/li>\n<\/ul>\n<\/li>\n<\/ul>\n<\/li>\n<\/ul>\n<p>&nbsp;<\/p>\n<p style=\"padding-left: 120px; padding-right: 120px;\">PronoKal Group s&rsquo;engage \u00e0 traiter toutes les r\u00e9clamations re\u00e7ues dans les meilleurs d\u00e9lais et \u00e0 prendre les mesures pertinentes dans chaque cas. De m\u00eame, nous garantissons que la personne sera inform\u00e9e \u00e0 tout moment de l&rsquo;\u00e9volution de la plainte.<\/p>\n<p>&nbsp;<\/p>\n<h2 style=\"padding-left: 120px; padding-right: 120px;\"><strong>Que se passe-t-il apr\u00e8s le d\u00e9p\u00f4t d&rsquo;une plainte?<\/strong><\/h2>\n<p style=\"padding-left: 120px; padding-right: 120px;\">Acc\u00e9dez aux diff\u00e9rentes \u00e9tapes du processus <a href=\"https:\/\/pronokalprewpes.omatech.com\/be-fr\/wp-content\/uploads\/sites\/7\/2022\/08\/Proceso-de-gestion-de-denuncias-FR_c.pdf\" target=\"_blank\" rel=\"noopener\"><strong><u>ici<\/u><\/strong><\/a>.<\/p>\n","protected":false},"excerpt":{"rendered":"&nbsp; Speak Up: le canal de r\u00e9clamations du groupe PronoKal Pour garantir le respect des Principes Commerciaux qui r\u00e9gissent le groupe PronoKal, ainsi que du Code de Conduite de l\u2019entreprise, nous mettons notre Canal de D\u00e9nonciations (Speak Up) \u00e0 la disposition de nos employ\u00e9s, fournisseurs et clients, afin qu&rsquo;en cas de besoin, ils puissent signaler [&hellip;]","protected":false},"author":5,"featured_media":0,"parent":0,"menu_order":0,"comment_status":"closed","ping_status":"closed","template":"","meta":[],"acf":[],"_links":{"self":[{"href":"https:\/\/pronokalprewpes.omatech.com\/be-fr\/wp-json\/wp\/v2\/pages\/14248"}],"collection":[{"href":"https:\/\/pronokalprewpes.omatech.com\/be-fr\/wp-json\/wp\/v2\/pages"}],"about":[{"href":"https:\/\/pronokalprewpes.omatech.com\/be-fr\/wp-json\/wp\/v2\/types\/page"}],"author":[{"embeddable":true,"href":"https:\/\/pronokalprewpes.omatech.com\/be-fr\/wp-json\/wp\/v2\/users\/5"}],"replies":[{"embeddable":true,"href":"https:\/\/pronokalprewpes.omatech.com\/be-fr\/wp-json\/wp\/v2\/comments?post=14248"}],"version-history":[{"count":1,"href":"https:\/\/pronokalprewpes.omatech.com\/be-fr\/wp-json\/wp\/v2\/pages\/14248\/revisions"}],"predecessor-version":[{"id":14252,"href":"https:\/\/pronokalprewpes.omatech.com\/be-fr\/wp-json\/wp\/v2\/pages\/14248\/revisions\/14252"}],"wp:attachment":[{"href":"https:\/\/pronokalprewpes.omatech.com\/be-fr\/wp-json\/wp\/v2\/media?parent=14248"}],"curies":[{"name":"wp","href":"https:\/\/api.w.org\/{rel}","templated":true}]}}