{"id":13191,"date":"2021-12-20T13:33:01","date_gmt":"2021-12-20T11:33:01","guid":{"rendered":"https:\/\/pronokalprewpes.omatech.com\/ch-fr\/?page_id=13191"},"modified":"2021-12-20T13:35:13","modified_gmt":"2021-12-20T11:35:13","slug":"politique-de-confidentialite-utilisation-whatsapp","status":"publish","type":"page","link":"https:\/\/pronokalprewpes.omatech.com\/ch-fr\/politique-de-confidentialite-utilisation-whatsapp\/","title":{"rendered":"Politique de confidentialit\u00e9: Whatsapp"},"content":{"rendered":"\t\t<div data-elementor-type=\"wp-post\" data-elementor-id=\"13191\" class=\"elementor elementor-13191\">\n\t\t\t\t\t\t<div class=\"elementor-inner\">\n\t\t\t\t<div class=\"elementor-section-wrap\">\n\t\t\t\t\t\t\t\t\t<section class=\"elementor-section elementor-top-section elementor-element elementor-element-9806ab4 elementor-section-boxed elementor-section-height-default elementor-section-height-default\" data-id=\"9806ab4\" data-element_type=\"section\">\n\t\t\t\t\t\t<div class=\"elementor-container elementor-column-gap-default\">\n\t\t\t\t\t\t\t<div class=\"elementor-row\">\n\t\t\t\t\t<div class=\"elementor-column elementor-col-100 elementor-top-column elementor-element elementor-element-da0f975\" data-id=\"da0f975\" data-element_type=\"column\">\n\t\t\t<div class=\"elementor-column-wrap elementor-element-populated\">\n\t\t\t\t\t\t\t<div class=\"elementor-widget-wrap\">\n\t\t\t\t\t\t<div class=\"elementor-element elementor-element-2bfabcd elementor-widget elementor-widget-heading\" data-id=\"2bfabcd\" data-element_type=\"widget\" data-widget_type=\"heading.default\">\n\t\t\t\t<div class=\"elementor-widget-container\">\n\t\t\t<h2 class=\"elementor-heading-title elementor-size-default\">POLITIQUE DE CONFIDENTIALIT\u00c9 POUR L'UTILISATION COMMERCIALE DE WHATSAPP<\/h2>\t\t<\/div>\n\t\t\t\t<\/div>\n\t\t\t\t\t\t<\/div>\n\t\t\t\t\t<\/div>\n\t\t<\/div>\n\t\t\t\t\t\t\t\t<\/div>\n\t\t\t\t\t<\/div>\n\t\t<\/section>\n\t\t\t\t<section class=\"elementor-section elementor-top-section elementor-element elementor-element-6c79a64 elementor-section-boxed elementor-section-height-default elementor-section-height-default\" data-id=\"6c79a64\" data-element_type=\"section\">\n\t\t\t\t\t\t<div class=\"elementor-container elementor-column-gap-default\">\n\t\t\t\t\t\t\t<div class=\"elementor-row\">\n\t\t\t\t\t<div class=\"elementor-column elementor-col-16 elementor-top-column elementor-element elementor-element-1933392\" data-id=\"1933392\" data-element_type=\"column\">\n\t\t\t<div class=\"elementor-column-wrap\">\n\t\t\t\t\t\t\t<div class=\"elementor-widget-wrap\">\n\t\t\t\t\t\t\t\t<\/div>\n\t\t\t\t\t<\/div>\n\t\t<\/div>\n\t\t\t\t<div class=\"elementor-column elementor-col-66 elementor-top-column elementor-element elementor-element-698c140\" data-id=\"698c140\" data-element_type=\"column\">\n\t\t\t<div class=\"elementor-column-wrap elementor-element-populated\">\n\t\t\t\t\t\t\t<div class=\"elementor-widget-wrap\">\n\t\t\t\t\t\t<div class=\"elementor-element elementor-element-3fca405 elementor-widget elementor-widget-text-editor\" data-id=\"3fca405\" data-element_type=\"widget\" data-widget_type=\"text-editor.default\">\n\t\t\t\t<div class=\"elementor-widget-container\">\n\t\t\t\t\t\t\t\t<div class=\"elementor-text-editor elementor-clearfix\">\n\t\t\t\t<h2>1.\u00a0\u00a0\u00a0\u00a0\u00a0 INTRODUCTION<\/h2><p>\u00a0<\/p><p>Votre vie priv\u00e9e est importante pour nous, c&rsquo;est pourquoi \u00e0 travers ce document, nous expliquons quelles donn\u00e9es nous collectons aupr\u00e8s des utilisateurs, comment nous les utilisons et pour quoi, entre autres indications.<\/p><p>\u00a0<\/p><p>Pour votre information, nous ne demanderons jamais plus d&rsquo;informations que ce dont nous avons r\u00e9ellement besoin pour les services requis ; nous ne les partagerons jamais avec des tiers, sauf obligation l\u00e9gale ou avec votre autorisation pr\u00e9alable ; et nous n&rsquo;utiliserons jamais vos donn\u00e9es \u00e0 des fins non pr\u00e9c\u00e9demment indiqu\u00e9es.\u00a0En tant qu&rsquo;utilisateur, vous devez lire attentivement cette politique de confidentialit\u00e9 de mani\u00e8re r\u00e9guli\u00e8re et chaque fois que vous saisissez vos donn\u00e9es personnelles, car ce document peut subir des modifications, en effet le fournisseur de service peut modifier tout type d&rsquo;informations pouvant appara\u00eetre sur le Web pour se conformer \u00e0 la r\u00e9glementation ou mettre \u00e0 jour la politique, et sans aucune obligation de donner un pr\u00e9avis ou d&rsquo;informer les utilisateurs de ces obligations. La publication de celles-ci sur le site web du fournisseur \u00e9tant suffisant.<\/p><p>\u00a0<\/p><h2><strong>2. <\/strong><strong>ASPECTS G\u00c9N\u00c9RAUX DU TRAITEMENT DES DONN\u00c9ES PERSONNELLES<\/strong><\/h2><p><strong><u>\u00a0<\/u><\/strong><\/p><h3>RESPONSABLE POUR LE TRAITEMENT :<\/h3><p>Identit\u00e9 : <strong>\u00a0<\/strong><strong>Protein Supplies (Suisse) Sarl<\/strong><strong>\u00a0 (<\/strong>\u00e9galement prestataire ou <strong>PronoKal\u00ae, propri\u00e9taire du domaine <\/strong><a href=\"http:\/\/pronokalprewpes.omatech.com\/ch-fr\/\">pronokalprewpes.omatech.com\/ch-fr\/<\/a>)<\/p><p>IDE : <strong>CHE-342.936.239<\/strong><strong>\u00a0\u00a0\u00a0\u00a0\u00a0\u00a0\u00a0\u00a0\u00a0\u00a0 <\/strong><\/p><p>Adresse postale : <strong>Place de l\u2019Universit\u00e9 6, 1205 Gen\u00e8ve, Suisse<\/strong><\/p><p>Email : <a href=\"mailto:info.ch@pronokal.com\">info.ch@pronokal.com<\/a><\/p><p><strong>T\u00e9l\u00e9phone : 0800334000<\/strong><\/p><p>D\u00e9l\u00e9gu\u00e9 \u00e0 la protection des donn\u00e9es : <a href=\"mailto:DPO@pronokalgroup.com\"><strong>DPO@pronokalgroup.com<\/strong><\/a><\/p><p>Donn\u00e9es de registre : Registre du Commerce du Canton de Gen\u00e8ve, Dossier 08139\/2013<\/p><p>\u00a0<\/p><p><strong>PronoKal\u00ae,<\/strong> \u00a0en tant que responsable du site conform\u00e9ment aux dispositions du R\u00e8glement (UE) 2016\/679 du 27 avril 2016 (RGPD) relatif \u00e0 la protection des personnes physiques \u00e0 l&rsquo;\u00e9gard des traitements de donn\u00e9es \u00e0 caract\u00e8re personnel et \u00e0 la libre circulation de ces donn\u00e9es et autres r\u00e9glementations en vigueur sur la protection des donn\u00e9es personnelles, et par la l\u00e9gislation applicable sur les services de la soci\u00e9t\u00e9 de l&rsquo;information, vous informe qu&rsquo;elle a mis en place les mesures de s\u00e9curit\u00e9 n\u00e9cessaires, de nature technique et organisationnelle, pour garantir et prot\u00e9ger la confidentialit\u00e9, l&rsquo;int\u00e9grit\u00e9 et la disponibilit\u00e9 des donn\u00e9es saisies.<\/p><p>\u00a0<\/p><p>Lorsque les utilisateurs donnent leur consentement dans le but de communiquer avec le fournisseur via l&rsquo;application pour maximiser la gestion des services et am\u00e9liorer les communications en partageant ses donn\u00e9es de contact m\u00e9dical \/ utilisateur, la soci\u00e9t\u00e9 traitera vos donn\u00e9es personnelles, conform\u00e9ment \u00e0 la pr\u00e9sente politique de confidentialit\u00e9.<\/p><p>\u00a0<\/p><p>\u00a0<\/p><p>La Soci\u00e9t\u00e9 se r\u00e9serve le droit de modifier cette politique de confidentialit\u00e9 \u00e0 tout moment, nous vous recommandons donc de la visiter \u00e0 chaque fois que vous y acc\u00e9dez lors de l&rsquo;utilisation de l&rsquo;application.<\/p><p>\u00a0<\/p><p><strong><u>DONN\u00c9ES COLLECT\u00c9ES PAR PRONOKAL\u00ae, M\u00c9THODE D&rsquo;OBTENTION ET OBJECTIF :<\/u><\/strong><\/p><p><strong><u>\u00a0<\/u><\/strong><\/p><p>La m\u00e9thode d&rsquo;obtention des donn\u00e9es s\u2019effectue \u00e0 travers de WhatsApp Business, un ensemble de donn\u00e9es que la Soci\u00e9t\u00e9 collecte et les finalit\u00e9s pour lesquelles elles seront utilis\u00e9es\u00a0:<\/p><p>\u00a0<\/p><p>Le traitement des donn\u00e9es des personnes qui communiquent via l&rsquo;activit\u00e9 WhatsApp de PronoKal\u00ae sera r\u00e9gi par cette section, ainsi que les conditions d&rsquo;utilisation, les politiques de confidentialit\u00e9 et les r\u00e8gles d&rsquo;acc\u00e8s qui appartiennent \u00e0 l&rsquo;application qui se d\u00e9roulent dans chaque cas et pr\u00e9alablement accept\u00e9es par l&rsquo;utilisateur. PronoKal\u00ae, traitera vos donn\u00e9es afin de communiquer avec vous via cette application afin de maximiser la gestion des services et d&rsquo;am\u00e9liorer ces communications en partageant vos donn\u00e9es de contact m\u00e9dical \/ utilisateur, pour lesquelles nous avons demand\u00e9 votre consentement expr\u00e8s. Il est interdit d&rsquo;utiliser le WhatsApp de PronoKal\u00ae, pour l&rsquo;envoi de contenus qui ne sont pas n\u00e9cessaires \u00e0 la r\u00e9ponse aux services contract\u00e9s et qui sont illicites par des r\u00e9glementations nationales ou internationales qui violent les droits fondamentaux des personnes et en g\u00e9n\u00e9ral qui transgressent les principes de l\u00e9galit\u00e9, honn\u00eatet\u00e9, responsabilit\u00e9, protection de la vie priv\u00e9e, protection des consommateurs et droits de propri\u00e9t\u00e9 intellectuelle et industrielle.<\/p><p>\u00a0<\/p><p><strong>DESTINATAIRES DE CESSIONS OU DE TRANSFERTS :<\/strong><\/p><p><strong>\u00a0<\/strong><\/p><p>Les donn\u00e9es personnelles de l&rsquo;utilisateur peuvent \u00eatre transf\u00e9r\u00e9es \u00e0 des tiers (m\u00e9decins, di\u00e9t\u00e9ticiens et autres professionnels de sant\u00e9 de PronoKal\u00ae assign\u00e9s dans le cadre de leur r\u00e9gime) qui agissent toujours en tant que co-responsables du traitement de vos donn\u00e9es. Cet acc\u00e8s et ce traitement des donn\u00e9es sont r\u00e9gis par un accord de coresponsabilit\u00e9. De plus, vos donn\u00e9es sont partag\u00e9es avec WhatsApp Ireland Limited, dont les mesures techniques de s\u00e9curit\u00e9 assurent la confidentialit\u00e9, l&rsquo;int\u00e9grit\u00e9 et la disponibilit\u00e9 de vos informations, comme indiqu\u00e9 dans sa propre <a href=\"https:\/\/www.whatsapp.com\/legal\/privacy-policy-eea\">politique de confidentialit\u00e9<\/a>. Aucune autre cession n&rsquo;est envisag\u00e9e, sauf obligation l\u00e9gale ou exigence judiciaire. Vos donn\u00e9es seront conserv\u00e9es pendant la dur\u00e9e de la finalit\u00e9 pour laquelle elles ont \u00e9t\u00e9 obtenues et, une fois qu&rsquo;elles ne seront plus n\u00e9cessaires, elles seront d\u00fbment bloqu\u00e9es, archiv\u00e9es et conserv\u00e9es pour la dur\u00e9e l\u00e9galement \u00e9tablie.<\/p><p>\u00a0<\/p><h3>DROITS DES PERSONNES INTERESS\u00c9ES :<\/h3><p>\u00a0<\/p><p>Vous avez le droit de demander l&rsquo;acc\u00e8s, la rectification, la portabilit\u00e9 et la suppression de vos donn\u00e9es ainsi que la limitation et l&rsquo;opposition \u00e0 leur traitement en contactant <strong>PRONOKAL GROUP\u00ae,<\/strong> en envoyant un email \u00e0 <strong>dpo@pronokalgroup.com<\/strong>, accompagn\u00e9 d&rsquo;une photocopie de votre pi\u00e8ce d&rsquo;identit\u00e9 officielle, indiquant le type de droit que vous souhaitez exercer. Vous avez \u00e9galement le droit de retirer le consentement donn\u00e9 \u00e0 tout moment. Le retrait du consentement n&rsquo;affectera pas la lic\u00e9it\u00e9 du traitement effectu\u00e9 avant le retrait de celui-ci. Vous avez \u00e9galement le droit d&rsquo;introduire une r\u00e9clamation, si vous estimez que le traitement des donn\u00e9es personnelles n&rsquo;est pas conforme \u00e0 la r\u00e9glementation en vigueur, aupr\u00e8s de l&rsquo;Autorit\u00e9 de contr\u00f4le, Le pr\u00e9pos\u00e9 f\u00e9d\u00e9ral \u00e0 la protection des donn\u00e9es et \u00e0 la transparence (<a href=\"https:\/\/www.edoeb.admin.ch\/edoeb\/fr\/home.html\">PFPDT<\/a>)<\/p>\t\t\t\t\t<\/div>\n\t\t\t\t\t\t<\/div>\n\t\t\t\t<\/div>\n\t\t\t\t\t\t<\/div>\n\t\t\t\t\t<\/div>\n\t\t<\/div>\n\t\t\t\t<div class=\"elementor-column elementor-col-16 elementor-top-column elementor-element elementor-element-2446eea\" data-id=\"2446eea\" data-element_type=\"column\">\n\t\t\t<div class=\"elementor-column-wrap\">\n\t\t\t\t\t\t\t<div class=\"elementor-widget-wrap\">\n\t\t\t\t\t\t\t\t<\/div>\n\t\t\t\t\t<\/div>\n\t\t<\/div>\n\t\t\t\t\t\t\t\t<\/div>\n\t\t\t\t\t<\/div>\n\t\t<\/section>\n\t\t\t\t\t\t\t\t\t<\/div>\n\t\t\t<\/div>\n\t\t\t\t\t<\/div>\n\t\t","protected":false},"excerpt":{"rendered":"POLITIQUE DE CONFIDENTIALIT\u00c9 POUR L&rsquo;UTILISATION COMMERCIALE DE WHATSAPP 1.\u00a0\u00a0\u00a0\u00a0\u00a0 INTRODUCTION \u00a0 Votre vie priv\u00e9e est importante pour nous, c&rsquo;est pourquoi \u00e0 travers ce document, nous expliquons quelles donn\u00e9es nous collectons aupr\u00e8s des utilisateurs, comment nous les utilisons et pour quoi, entre autres indications. \u00a0 Pour votre information, nous ne demanderons jamais plus d&rsquo;informations que ce [&hellip;]","protected":false},"author":5,"featured_media":0,"parent":0,"menu_order":0,"comment_status":"closed","ping_status":"closed","template":"","meta":[],"acf":[],"_links":{"self":[{"href":"https:\/\/pronokalprewpes.omatech.com\/ch-fr\/wp-json\/wp\/v2\/pages\/13191"}],"collection":[{"href":"https:\/\/pronokalprewpes.omatech.com\/ch-fr\/wp-json\/wp\/v2\/pages"}],"about":[{"href":"https:\/\/pronokalprewpes.omatech.com\/ch-fr\/wp-json\/wp\/v2\/types\/page"}],"author":[{"embeddable":true,"href":"https:\/\/pronokalprewpes.omatech.com\/ch-fr\/wp-json\/wp\/v2\/users\/5"}],"replies":[{"embeddable":true,"href":"https:\/\/pronokalprewpes.omatech.com\/ch-fr\/wp-json\/wp\/v2\/comments?post=13191"}],"version-history":[{"count":3,"href":"https:\/\/pronokalprewpes.omatech.com\/ch-fr\/wp-json\/wp\/v2\/pages\/13191\/revisions"}],"predecessor-version":[{"id":13195,"href":"https:\/\/pronokalprewpes.omatech.com\/ch-fr\/wp-json\/wp\/v2\/pages\/13191\/revisions\/13195"}],"wp:attachment":[{"href":"https:\/\/pronokalprewpes.omatech.com\/ch-fr\/wp-json\/wp\/v2\/media?parent=13191"}],"curies":[{"name":"wp","href":"https:\/\/api.w.org\/{rel}","templated":true}]}}