{"id":8731,"date":"2019-06-28T14:19:07","date_gmt":"2019-06-28T12:19:07","guid":{"rendered":"https:\/\/pronokalwordpress.omatech.com\/pt\/es\/?page_id=8731"},"modified":"2020-05-12T14:47:44","modified_gmt":"2020-05-12T12:47:44","slug":"le-regime-cetogene","status":"publish","type":"page","link":"https:\/\/pronokalprewpes.omatech.com\/ch-fr\/le-regime-cetogene\/","title":{"rendered":"Le r\u00e9gime c\u00e9tog\u00e8ne"},"content":{"rendered":"","protected":false},"excerpt":{"rendered":"","protected":false},"author":9,"featured_media":0,"parent":0,"menu_order":0,"comment_status":"closed","ping_status":"closed","template":"template-modules.php","meta":[],"acf":[],"_links":{"self":[{"href":"https:\/\/pronokalprewpes.omatech.com\/ch-fr\/wp-json\/wp\/v2\/pages\/8731"}],"collection":[{"href":"https:\/\/pronokalprewpes.omatech.com\/ch-fr\/wp-json\/wp\/v2\/pages"}],"about":[{"href":"https:\/\/pronokalprewpes.omatech.com\/ch-fr\/wp-json\/wp\/v2\/types\/page"}],"author":[{"embeddable":true,"href":"https:\/\/pronokalprewpes.omatech.com\/ch-fr\/wp-json\/wp\/v2\/users\/9"}],"replies":[{"embeddable":true,"href":"https:\/\/pronokalprewpes.omatech.com\/ch-fr\/wp-json\/wp\/v2\/comments?post=8731"}],"version-history":[{"count":48,"href":"https:\/\/pronokalprewpes.omatech.com\/ch-fr\/wp-json\/wp\/v2\/pages\/8731\/revisions"}],"predecessor-version":[{"id":12601,"href":"https:\/\/pronokalprewpes.omatech.com\/ch-fr\/wp-json\/wp\/v2\/pages\/8731\/revisions\/12601"}],"wp:attachment":[{"href":"https:\/\/pronokalprewpes.omatech.com\/ch-fr\/wp-json\/wp\/v2\/media?parent=8731"}],"curies":[{"name":"wp","href":"https:\/\/api.w.org\/{rel}","templated":true}]}}