{"id":16497,"date":"2022-08-04T11:11:39","date_gmt":"2022-08-04T09:11:39","guid":{"rendered":"https:\/\/pronokalprewpes.omatech.com\/do\/?page_id=16497"},"modified":"2022-09-05T10:23:35","modified_gmt":"2022-09-05T08:23:35","slug":"denuncia","status":"publish","type":"page","link":"https:\/\/pronokalprewpes.omatech.com\/do\/denuncia\/","title":{"rendered":"Denuncia"},"content":{"rendered":"<p>&nbsp;<\/p>\n<h1 style=\"padding-left: 120px;\"><strong><em>Speak Up:<\/em><\/strong><strong> el Canal de Denuncias del grupo PronoKal<\/strong><\/h1>\n<p style=\"padding-left: 120px; padding-right: 120px;\">Para garantizar el cumplimiento de los <a href=\"https:\/\/pronokalprewpes.omatech.com\/do\/wp-content\/uploads\/sites\/3\/2022\/09\/2_Corporate-Business-Principles-LATAM_c.pdf\" target=\"_blank\" rel=\"noopener\"><u>Principios Empresariales<\/u><\/a> que rigen a PronoKal Group, as\u00ed como del <a href=\"https:\/\/pronokalprewpes.omatech.com\/do\/wp-content\/uploads\/sites\/3\/2022\/08\/1_Code-of-Conduct-LATAM_c.pdf\" target=\"_blank\" rel=\"noopener\"><u>C\u00f3digo de Conducta<\/u><\/a> de la compa\u00f1\u00eda, ponemos nuestro<strong> Canal de Denuncias <\/strong>(<strong><em>Speak Up<\/em><\/strong>) a disposici\u00f3n de nuestros empleados, proveedores y clientes, para que, en caso de ser necesario, estos puedan <strong>reportar posibles vulneraciones o incumplimientos a la normativa mencionada<\/strong>.<\/p>\n<p style=\"padding-left: 120px; padding-right: 120px;\">Nuestro canal de denuncias, <strong>activo las 24h y 365 d\u00edas del a\u00f1o<\/strong>, est\u00e1 gestionado por un proveedor externo, lo que nos permite <strong>garantizar la m\u00e1xima confidencialidad del denunciante<\/strong> y velar en todo momento por su anonimato, salvo que contemos con su consentimiento expreso.<\/p>\n<p>&nbsp;<\/p>\n<hr \/>\n<blockquote>\n<p style=\"padding-left: 120px; padding-right: 120px; text-align: center;\"><strong>\u00a1ATENCI\u00d3N! Si lo que quieres es interponer una queja o reclamaci\u00f3n sobre nuestros productos y\/o servicios, tendr\u00e1s que hacerlo a trav\u00e9s de <a href=\"https:\/\/pronokalprewpes.omatech.com\/do\/contacto\/\">Atenci\u00f3n al Cliente<\/a>.<\/strong><\/p>\n<\/blockquote>\n<hr \/>\n<p>&nbsp;<\/p>\n<h2><\/h2>\n<h2 style=\"padding-left: 120px; padding-right: 120px;\"><strong>\u00bfC\u00f3mo presentar una denuncia?<\/strong><\/h2>\n<p style=\"padding-left: 120px; padding-right: 120px;\">Existen dos v\u00edas para interponer una denuncia a trav\u00e9s de Speak Up: mediante formulario web o v\u00eda llamada telef\u00f3nica (gratuita).<\/p>\n<p style=\"padding-left: 120px; padding-right: 120px;\">En ambos casos, la persona recibir\u00e1 un\u00a0<strong>n\u00famero de identificaci\u00f3n<\/strong> que le permitir\u00e1 realizar un seguimiento sobre el estado de la denuncia formulada y, en caso de ser necesario, aportar informaci\u00f3n adicional para la resoluci\u00f3n del caso.<\/p>\n<p>&nbsp;<\/p>\n<ul>\n<li style=\"list-style-type: none;\">\n<ul>\n<li style=\"list-style-type: none;\">\n<ul>\n<li style=\"list-style-type: none;\">\n<ul>\n<li style=\"list-style-type: none;\">\n<ul>\n<li><strong>DENUNCIA A TRAV\u00c9S DE FORMULARIO WEB<br \/>\n<\/strong>Accede a trav\u00e9s del siguiente enlace: <a href=\"https:\/\/www.speakupfeedback.eu\/web\/A2VY73\/do\/select_language\/766\" target=\"_blank\" rel=\"noopener\">denuncia aqu\u00ed<\/a><\/p>\n<p style=\"padding-left: 0px; padding-right: 120px;\">Para garantizar investigaci\u00f3n eficaz de los hechos, es importante <strong>aportar una descripci\u00f3n detallada del incidente<\/strong> (qui\u00e9n, qu\u00e9, cu\u00e1ndo, c\u00f3mo) <strong>y evidencias justificativas<\/strong> del mismo (por ejemplo, copias de documentos, capturas de pantalla o nombres de testigos) que permitan corroborar y contrastar los hechos denunciados.<\/p>\n<\/li>\n<\/ul>\n<\/li>\n<\/ul>\n<\/li>\n<\/ul>\n<\/li>\n<\/ul>\n<\/li>\n<\/ul>\n<p>&nbsp;<\/p>\n<ul>\n<li style=\"list-style-type: none;\">\n<ul>\n<li style=\"list-style-type: none;\">\n<ul>\n<li style=\"list-style-type: none;\">\n<ul>\n<li style=\"list-style-type: none;\">\n<ul>\n<li><strong>DENUNCIA V\u00cdA LLAMADA TELEF\u00d3NICA<br \/>\n<\/strong>Llama al <strong>1855-677-5588<\/strong> e introduce el c\u00f3digo de acceso 76951.<\/p>\n<p style=\"padding-left: 0px; padding-right: 120px;\">La llamada no ser\u00e1 atendida por un operador, sino que un sistema de correo de voz grabar\u00e1 la denuncia que se formule, que ser\u00e1 remitida al responsable a cargo de la investigaci\u00f3n del caso.<\/p>\n<\/li>\n<\/ul>\n<\/li>\n<\/ul>\n<\/li>\n<\/ul>\n<\/li>\n<\/ul>\n<\/li>\n<\/ul>\n<p>&nbsp;<\/p>\n<p style=\"padding-left: 120px; padding-right: 120px;\">Desde PronoKal Group nos comprometemos a<strong>\u00a0tramitar todas las denuncias recibidas <\/strong>en la mayor brevedad posible y a tomar las medidas pertinentes en cada caso. Asimismo, garantizamos que la persona ser\u00e1 informada en todo momento sobre la evoluci\u00f3n de la denuncia.<\/p>\n<p>&nbsp;<\/p>\n<h2 style=\"padding-left: 120px; padding-right: 120px;\"><strong>\u00bfQu\u00e9 sucede tras presentar una denuncia?<\/strong><\/h2>\n<p style=\"padding-left: 120px; padding-right: 120px;\">Accede <a href=\"https:\/\/pronokalprewpes.omatech.com\/do\/wp-content\/uploads\/sites\/3\/2022\/08\/Proceso-de-gestion-de-denuncias-LATAM_c.pdf\" target=\"_blank\" rel=\"noopener\"><strong><u>aqu\u00ed<\/u><\/strong><\/a> a las diferentes etapas del proceso.<\/p>\n","protected":false},"excerpt":{"rendered":"&nbsp; Speak Up: el Canal de Denuncias del grupo PronoKal Para garantizar el cumplimiento de los Principios Empresariales que rigen a PronoKal Group, as\u00ed como del C\u00f3digo de Conducta de la compa\u00f1\u00eda, ponemos nuestro Canal de Denuncias (Speak Up) a disposici\u00f3n de nuestros empleados, proveedores y clientes, para que, en caso de ser necesario, estos [&hellip;]","protected":false},"author":5,"featured_media":0,"parent":0,"menu_order":0,"comment_status":"closed","ping_status":"closed","template":"","meta":[],"acf":[],"_links":{"self":[{"href":"https:\/\/pronokalprewpes.omatech.com\/do\/wp-json\/wp\/v2\/pages\/16497"}],"collection":[{"href":"https:\/\/pronokalprewpes.omatech.com\/do\/wp-json\/wp\/v2\/pages"}],"about":[{"href":"https:\/\/pronokalprewpes.omatech.com\/do\/wp-json\/wp\/v2\/types\/page"}],"author":[{"embeddable":true,"href":"https:\/\/pronokalprewpes.omatech.com\/do\/wp-json\/wp\/v2\/users\/5"}],"replies":[{"embeddable":true,"href":"https:\/\/pronokalprewpes.omatech.com\/do\/wp-json\/wp\/v2\/comments?post=16497"}],"version-history":[{"count":3,"href":"https:\/\/pronokalprewpes.omatech.com\/do\/wp-json\/wp\/v2\/pages\/16497\/revisions"}],"predecessor-version":[{"id":16579,"href":"https:\/\/pronokalprewpes.omatech.com\/do\/wp-json\/wp\/v2\/pages\/16497\/revisions\/16579"}],"wp:attachment":[{"href":"https:\/\/pronokalprewpes.omatech.com\/do\/wp-json\/wp\/v2\/media?parent=16497"}],"curies":[{"name":"wp","href":"https:\/\/api.w.org\/{rel}","templated":true}]}}