{"id":34,"date":"2018-12-21T11:45:38","date_gmt":"2018-12-21T11:45:38","guid":{"rendered":"http:\/\/pronokal.com\/?page_id=34"},"modified":"2022-06-21T07:46:35","modified_gmt":"2022-06-21T05:46:35","slug":"otras-webs-del-grupo","status":"publish","type":"page","link":"https:\/\/pronokalprewpes.omatech.com\/es\/otras-webs-del-grupo\/","title":{"rendered":"Otras webs del grupo"},"content":{"rendered":"\t\t<div data-elementor-type=\"wp-post\" data-elementor-id=\"34\" class=\"elementor elementor-34\">\n\t\t\t\t\t\t\t\t\t<section class=\"elementor-section elementor-top-section elementor-element elementor-element-7dc4a16 bg-grey elementor-section-boxed elementor-section-height-default elementor-section-height-default\" data-id=\"7dc4a16\" data-element_type=\"section\">\n\t\t\t\t\t\t<div class=\"elementor-container elementor-column-gap-default\">\n\t\t\t\t\t<div class=\"elementor-column elementor-col-100 elementor-top-column elementor-element elementor-element-89be97f\" data-id=\"89be97f\" data-element_type=\"column\">\n\t\t\t<div class=\"elementor-widget-wrap elementor-element-populated\">\n\t\t\t\t\t\t\t\t<div class=\"elementor-element elementor-element-becf2c9 elementor-widget elementor-widget-heading\" data-id=\"becf2c9\" data-element_type=\"widget\" data-widget_type=\"heading.default\">\n\t\t\t\t<div class=\"elementor-widget-container\">\n\t\t\t<style>\/*! elementor - v3.12.1 - 02-04-2023 *\/\n.elementor-heading-title{padding:0;margin:0;line-height:1}.elementor-widget-heading .elementor-heading-title[class*=elementor-size-]>a{color:inherit;font-size:inherit;line-height:inherit}.elementor-widget-heading .elementor-heading-title.elementor-size-small{font-size:15px}.elementor-widget-heading .elementor-heading-title.elementor-size-medium{font-size:19px}.elementor-widget-heading .elementor-heading-title.elementor-size-large{font-size:29px}.elementor-widget-heading .elementor-heading-title.elementor-size-xl{font-size:39px}.elementor-widget-heading .elementor-heading-title.elementor-size-xxl{font-size:59px}<\/style><h1 class=\"elementor-heading-title elementor-size-default\">Otras  webs del  grupo<\/h1>\t\t<\/div>\n\t\t\t\t<\/div>\n\t\t\t\t\t<\/div>\n\t\t<\/div>\n\t\t\t\t\t\t\t<\/div>\n\t\t<\/section>\n\t\t\t\t<section class=\"elementor-section elementor-top-section elementor-element elementor-element-2d4a210 bg-grey elementor-section-boxed elementor-section-height-default elementor-section-height-default\" data-id=\"2d4a210\" data-element_type=\"section\">\n\t\t\t\t\t\t<div class=\"elementor-container elementor-column-gap-default\">\n\t\t\t\t\t<div class=\"elementor-column elementor-col-50 elementor-top-column elementor-element elementor-element-a67227e\" data-id=\"a67227e\" data-element_type=\"column\">\n\t\t\t<div class=\"elementor-widget-wrap elementor-element-populated\">\n\t\t\t\t\t\t\t\t<div class=\"elementor-element elementor-element-3ffc05c elementor-widget elementor-widget-heading\" data-id=\"3ffc05c\" data-element_type=\"widget\" data-widget_type=\"heading.default\">\n\t\t\t\t<div class=\"elementor-widget-container\">\n\t\t\t<h2 class=\"elementor-heading-title elementor-size-default\">EUROPA<\/h2>\t\t<\/div>\n\t\t\t\t<\/div>\n\t\t\t\t<div class=\"elementor-element elementor-element-7704d30 elementor-widget elementor-widget-image\" data-id=\"7704d30\" data-element_type=\"widget\" data-widget_type=\"image.default\">\n\t\t\t\t<div class=\"elementor-widget-container\">\n\t\t\t<style>\/*! elementor - v3.12.1 - 02-04-2023 *\/\n.elementor-widget-image{text-align:center}.elementor-widget-image a{display:inline-block}.elementor-widget-image a img[src$=\".svg\"]{width:48px}.elementor-widget-image img{vertical-align:middle;display:inline-block}<\/style>\t\t\t\t\t\t\t\t\t\t\t\t<img loading=\"lazy\" decoding=\"async\" width=\"96\" height=\"96\" src=\"https:\/\/pronokalprewpes.omatech.com\/es\/wp-content\/uploads\/2022\/02\/europe_cor_c-150x150.png\" class=\"attachment-thumbnail size-thumbnail wp-image-62499\" alt=\"\" srcset=\"https:\/\/pronokalprewpes.omatech.com\/es\/wp-content\/uploads\/2022\/02\/europe_cor_c-150x150.png 150w, https:\/\/pronokalprewpes.omatech.com\/es\/wp-content\/uploads\/2022\/02\/europe_cor_c-250x250.png 250w, https:\/\/pronokalprewpes.omatech.com\/es\/wp-content\/uploads\/2022\/02\/europe_cor_c-120x120.png 120w, https:\/\/pronokalprewpes.omatech.com\/es\/wp-content\/uploads\/2022\/02\/europe_cor_c.png 256w\" sizes=\"auto, (max-width: 96px) 100vw, 96px\" \/>\t\t\t\t\t\t\t\t\t\t\t\t\t\t\t<\/div>\n\t\t\t\t<\/div>\n\t\t\t\t<div class=\"elementor-element elementor-element-1975627 elementor-widget elementor-widget-text-editor\" data-id=\"1975627\" data-element_type=\"widget\" data-widget_type=\"text-editor.default\">\n\t\t\t\t<div class=\"elementor-widget-container\">\n\t\t\t<style>\/*! elementor - v3.12.1 - 02-04-2023 *\/\n.elementor-widget-text-editor.elementor-drop-cap-view-stacked .elementor-drop-cap{background-color:#69727d;color:#fff}.elementor-widget-text-editor.elementor-drop-cap-view-framed .elementor-drop-cap{color:#69727d;border:3px solid;background-color:transparent}.elementor-widget-text-editor:not(.elementor-drop-cap-view-default) .elementor-drop-cap{margin-top:8px}.elementor-widget-text-editor:not(.elementor-drop-cap-view-default) .elementor-drop-cap-letter{width:1em;height:1em}.elementor-widget-text-editor .elementor-drop-cap{float:left;text-align:center;line-height:1;font-size:50px}.elementor-widget-text-editor .elementor-drop-cap-letter{display:inline-block}<\/style>\t\t\t\t<p style=\"text-align: center;\"><strong><span style=\"color: #b08e43;\"><a style=\"color: #b08e43;\" href=\"https:\/\/pronokalprewpes.omatech.com\/it\/\" target=\"_blank\" rel=\"noopener\">Italia<\/a><\/span><\/strong><\/p>\n<p style=\"text-align: center;\"><strong><span style=\"color: #b08e43;\"><a style=\"color: #b08e43;\" href=\"https:\/\/pronokalprewpes.omatech.com\/be-nl\/\" target=\"_blank\" rel=\"noopener\">B\u00e9lgica NL<\/a><\/span><\/strong><\/p>\n<p style=\"text-align: center;\"><strong><span style=\"color: #b08e43;\"><a style=\"color: #b08e43;\" href=\"https:\/\/pronokalprewpes.omatech.com\/be-fr\/\" target=\"_blank\" rel=\"noopener\">B\u00e9lgica FR<\/a><\/span><\/strong><\/p>\n<p style=\"text-align: center;\"><strong><span style=\"color: #b08e43;\"><a style=\"color: #b08e43;\" href=\"https:\/\/pronokalprewpes.omatech.com\/pt\/\" target=\"_blank\" rel=\"noopener\">Portugal<\/a><\/span><\/strong><\/p>\n<p style=\"text-align: center;\"><strong><span style=\"color: #b08e43;\"><a style=\"color: #b08e43;\" href=\"https:\/\/pronokalprewpes.omatech.com\/ch-fr\/\" target=\"_blank\" rel=\"noopener\">Suiza<\/a><\/span><\/strong><\/p>\n<p style=\"text-align: center;\"><strong><span style=\"color: #b08e43;\"><a style=\"color: #b08e43;\" href=\"https:\/\/pronokalprewpes.omatech.com\/uk\" target=\"_blank\" rel=\"noopener\">Reino Unido<\/a><\/span><\/strong><\/p>\t\t\t\t\t\t<\/div>\n\t\t\t\t<\/div>\n\t\t\t\t\t<\/div>\n\t\t<\/div>\n\t\t\t\t<div class=\"elementor-column elementor-col-50 elementor-top-column elementor-element elementor-element-0f42cec\" data-id=\"0f42cec\" data-element_type=\"column\">\n\t\t\t<div class=\"elementor-widget-wrap elementor-element-populated\">\n\t\t\t\t\t\t\t\t<div class=\"elementor-element elementor-element-32ed40b elementor-widget elementor-widget-heading\" data-id=\"32ed40b\" data-element_type=\"widget\" data-widget_type=\"heading.default\">\n\t\t\t\t<div class=\"elementor-widget-container\">\n\t\t\t<h2 class=\"elementor-heading-title elementor-size-default\">LATAM<\/h2>\t\t<\/div>\n\t\t\t\t<\/div>\n\t\t\t\t<div class=\"elementor-element elementor-element-c0f2a71 elementor-widget elementor-widget-image\" data-id=\"c0f2a71\" data-element_type=\"widget\" data-widget_type=\"image.default\">\n\t\t\t\t<div class=\"elementor-widget-container\">\n\t\t\t\t\t\t\t\t\t\t\t\t\t\t\t<img loading=\"lazy\" decoding=\"async\" width=\"96\" height=\"96\" src=\"https:\/\/pronokalprewpes.omatech.com\/es\/wp-content\/uploads\/2022\/02\/south-america_cor_c-150x150.png\" class=\"attachment-thumbnail size-thumbnail wp-image-62498\" alt=\"\" srcset=\"https:\/\/pronokalprewpes.omatech.com\/es\/wp-content\/uploads\/2022\/02\/south-america_cor_c-150x150.png 150w, https:\/\/pronokalprewpes.omatech.com\/es\/wp-content\/uploads\/2022\/02\/south-america_cor_c-250x250.png 250w, https:\/\/pronokalprewpes.omatech.com\/es\/wp-content\/uploads\/2022\/02\/south-america_cor_c-120x120.png 120w, https:\/\/pronokalprewpes.omatech.com\/es\/wp-content\/uploads\/2022\/02\/south-america_cor_c.png 256w\" sizes=\"auto, (max-width: 96px) 100vw, 96px\" \/>\t\t\t\t\t\t\t\t\t\t\t\t\t\t\t<\/div>\n\t\t\t\t<\/div>\n\t\t\t\t<div class=\"elementor-element elementor-element-8f63eb5 elementor-widget elementor-widget-text-editor\" data-id=\"8f63eb5\" data-element_type=\"widget\" data-widget_type=\"text-editor.default\">\n\t\t\t\t<div class=\"elementor-widget-container\">\n\t\t\t\t\t\t\t<p style=\"text-align: center;\"><strong><span style=\"color: #b08e43;\"><a style=\"color: #b08e43;\" href=\"https:\/\/pronokalprewpes.omatech.com\/uy\/\" target=\"_blank\" rel=\"noopener\">Uruguay<\/a><\/span><\/strong><\/p>\n<p style=\"text-align: center;\"><strong><span style=\"color: #b08e43;\"><a style=\"color: #b08e43;\" href=\"https:\/\/pronokalprewpes.omatech.com\/pe\/\" target=\"_blank\" rel=\"noopener\">Per\u00fa<\/a><\/span><\/strong><\/p>\n<p style=\"text-align: center;\"><strong><span style=\"color: #b08e43;\"><a style=\"color: #b08e43;\" href=\"https:\/\/pronokalprewpes.omatech.com\/do\/\" target=\"_blank\" rel=\"noopener\">Rep\u00fablica Dominicana<\/a><\/span><\/strong><\/p>\n<p style=\"text-align: center;\"><strong><span style=\"color: #b08e43;\"><a style=\"color: #b08e43;\" href=\"https:\/\/pronokalprewpes.omatech.com\/cr\/\" target=\"_blank\" rel=\"noopener\">Costa Rica<\/a><\/span><\/strong><\/p>\n<p style=\"text-align: center;\"><strong><span style=\"color: #b08e43;\"><a style=\"color: #b08e43;\" href=\"https:\/\/pronokal.com.br\/\" target=\"_blank\" rel=\"noopener\">Brasil<\/a><\/span><\/strong><\/p>\t\t\t\t\t\t<\/div>\n\t\t\t\t<\/div>\n\t\t\t\t\t<\/div>\n\t\t<\/div>\n\t\t\t\t\t\t\t<\/div>\n\t\t<\/section>\n\t\t\t\t<section class=\"elementor-section elementor-top-section elementor-element elementor-element-dad5315 elementor-section-boxed elementor-section-height-default elementor-section-height-default\" data-id=\"dad5315\" data-element_type=\"section\">\n\t\t\t\t\t\t<div class=\"elementor-container elementor-column-gap-default\">\n\t\t\t\t\t<div class=\"elementor-column elementor-col-100 elementor-top-column elementor-element elementor-element-2fb0dd2\" data-id=\"2fb0dd2\" data-element_type=\"column\">\n\t\t\t<div class=\"elementor-widget-wrap elementor-element-populated\">\n\t\t\t\t\t\t\t\t<div class=\"elementor-element elementor-element-5dd3bbd elementor-widget-divider--view-line elementor-widget elementor-widget-divider\" data-id=\"5dd3bbd\" data-element_type=\"widget\" data-widget_type=\"divider.default\">\n\t\t\t\t<div class=\"elementor-widget-container\">\n\t\t\t<style>\/*! elementor - v3.12.1 - 02-04-2023 *\/\n.elementor-widget-divider{--divider-border-style:none;--divider-border-width:1px;--divider-color:#0c0d0e;--divider-icon-size:20px;--divider-element-spacing:10px;--divider-pattern-height:24px;--divider-pattern-size:20px;--divider-pattern-url:none;--divider-pattern-repeat:repeat-x}.elementor-widget-divider .elementor-divider{display:flex}.elementor-widget-divider .elementor-divider__text{font-size:15px;line-height:1;max-width:95%}.elementor-widget-divider .elementor-divider__element{margin:0 var(--divider-element-spacing);flex-shrink:0}.elementor-widget-divider .elementor-icon{font-size:var(--divider-icon-size)}.elementor-widget-divider .elementor-divider-separator{display:flex;margin:0;direction:ltr}.elementor-widget-divider--view-line_icon .elementor-divider-separator,.elementor-widget-divider--view-line_text .elementor-divider-separator{align-items:center}.elementor-widget-divider--view-line_icon .elementor-divider-separator:after,.elementor-widget-divider--view-line_icon .elementor-divider-separator:before,.elementor-widget-divider--view-line_text .elementor-divider-separator:after,.elementor-widget-divider--view-line_text .elementor-divider-separator:before{display:block;content:\"\";border-bottom:0;flex-grow:1;border-top:var(--divider-border-width) var(--divider-border-style) var(--divider-color)}.elementor-widget-divider--element-align-left .elementor-divider .elementor-divider-separator>.elementor-divider__svg:first-of-type{flex-grow:0;flex-shrink:100}.elementor-widget-divider--element-align-left .elementor-divider-separator:before{content:none}.elementor-widget-divider--element-align-left .elementor-divider__element{margin-left:0}.elementor-widget-divider--element-align-right .elementor-divider .elementor-divider-separator>.elementor-divider__svg:last-of-type{flex-grow:0;flex-shrink:100}.elementor-widget-divider--element-align-right .elementor-divider-separator:after{content:none}.elementor-widget-divider--element-align-right .elementor-divider__element{margin-right:0}.elementor-widget-divider:not(.elementor-widget-divider--view-line_text):not(.elementor-widget-divider--view-line_icon) .elementor-divider-separator{border-top:var(--divider-border-width) var(--divider-border-style) var(--divider-color)}.elementor-widget-divider--separator-type-pattern{--divider-border-style:none}.elementor-widget-divider--separator-type-pattern.elementor-widget-divider--view-line .elementor-divider-separator,.elementor-widget-divider--separator-type-pattern:not(.elementor-widget-divider--view-line) .elementor-divider-separator:after,.elementor-widget-divider--separator-type-pattern:not(.elementor-widget-divider--view-line) .elementor-divider-separator:before,.elementor-widget-divider--separator-type-pattern:not([class*=elementor-widget-divider--view]) .elementor-divider-separator{width:100%;min-height:var(--divider-pattern-height);-webkit-mask-size:var(--divider-pattern-size) 100%;mask-size:var(--divider-pattern-size) 100%;-webkit-mask-repeat:var(--divider-pattern-repeat);mask-repeat:var(--divider-pattern-repeat);background-color:var(--divider-color);-webkit-mask-image:var(--divider-pattern-url);mask-image:var(--divider-pattern-url)}.elementor-widget-divider--no-spacing{--divider-pattern-size:auto}.elementor-widget-divider--bg-round{--divider-pattern-repeat:round}.rtl .elementor-widget-divider .elementor-divider__text{direction:rtl}.e-con-inner>.elementor-widget-divider,.e-con>.elementor-widget-divider{width:var(--container-widget-width,100%);--flex-grow:var(--container-widget-flex-grow)}<\/style>\t\t<div class=\"elementor-divider\">\n\t\t\t<span class=\"elementor-divider-separator\">\n\t\t\t\t\t\t<\/span>\n\t\t<\/div>\n\t\t\t\t<\/div>\n\t\t\t\t<\/div>\n\t\t\t\t<div class=\"elementor-element elementor-element-a57ddf6 elementor-widget elementor-widget-heading\" data-id=\"a57ddf6\" data-element_type=\"widget\" data-widget_type=\"heading.default\">\n\t\t\t\t<div class=\"elementor-widget-container\">\n\t\t\t<h4 class=\"elementor-heading-title elementor-size-default\"><a href=\"https:\/\/pronokalprewpes.omatech.com\/es\/opiniones-pronokal\/\">Y no te pierdas las <strong>Historias de Superaci\u00f3n<\/strong> en:<\/a><\/h4>\t\t<\/div>\n\t\t\t\t<\/div>\n\t\t\t\t<div class=\"elementor-element elementor-element-3e333c6 elementor-widget elementor-widget-image\" data-id=\"3e333c6\" data-element_type=\"widget\" data-widget_type=\"image.default\">\n\t\t\t\t<div class=\"elementor-widget-container\">\n\t\t\t\t\t\t\t\t\t\t\t\t\t\t\t\t<a href=\"https:\/\/pronokalprewpes.omatech.com\/es\/opiniones-pronokal\/\">\n\t\t\t\t\t\t\t<img loading=\"lazy\" decoding=\"async\" width=\"278\" height=\"62\" src=\"https:\/\/pronokalprewpes.omatech.com\/es\/wp-content\/uploads\/2019\/05\/logo-comprometidos.png\" class=\"attachment-large size-large wp-image-6894\" alt=\"PronoKal\" srcset=\"https:\/\/pronokalprewpes.omatech.com\/es\/wp-content\/uploads\/2019\/05\/logo-comprometidos.png 278w, https:\/\/pronokalprewpes.omatech.com\/es\/wp-content\/uploads\/2019\/05\/logo-comprometidos-250x56.png 250w, https:\/\/pronokalprewpes.omatech.com\/es\/wp-content\/uploads\/2019\/05\/logo-comprometidos-120x27.png 120w\" sizes=\"auto, (max-width: 278px) 100vw, 278px\" \/>\t\t\t\t\t\t\t\t<\/a>\n\t\t\t\t\t\t\t\t\t\t\t\t\t\t\t<\/div>\n\t\t\t\t<\/div>\n\t\t\t\t<div class=\"elementor-element elementor-element-3709402 elementor-widget-divider--view-line elementor-widget elementor-widget-divider\" data-id=\"3709402\" data-element_type=\"widget\" data-widget_type=\"divider.default\">\n\t\t\t\t<div class=\"elementor-widget-container\">\n\t\t\t\t\t<div class=\"elementor-divider\">\n\t\t\t<span class=\"elementor-divider-separator\">\n\t\t\t\t\t\t<\/span>\n\t\t<\/div>\n\t\t\t\t<\/div>\n\t\t\t\t<\/div>\n\t\t\t\t\t<\/div>\n\t\t<\/div>\n\t\t\t\t\t\t\t<\/div>\n\t\t<\/section>\n\t\t\t\t\t\t\t<\/div>\n\t\t","protected":false},"excerpt":{"rendered":"Otras webs del grupo EUROPA Italia B\u00e9lgica NL B\u00e9lgica FR Portugal Suiza Reino Unido LATAM Uruguay Per\u00fa Rep\u00fablica Dominicana Costa Rica Brasil Y no te pierdas las Historias de Superaci\u00f3n en:","protected":false},"author":1,"featured_media":0,"parent":0,"menu_order":0,"comment_status":"closed","ping_status":"closed","template":"","meta":{"footnotes":""},"class_list":["post-34","page","type-page","status-publish","hentry"],"acf":[],"_links":{"self":[{"href":"https:\/\/pronokalprewpes.omatech.com\/es\/wp-json\/wp\/v2\/pages\/34","targetHints":{"allow":["GET"]}}],"collection":[{"href":"https:\/\/pronokalprewpes.omatech.com\/es\/wp-json\/wp\/v2\/pages"}],"about":[{"href":"https:\/\/pronokalprewpes.omatech.com\/es\/wp-json\/wp\/v2\/types\/page"}],"author":[{"embeddable":true,"href":"https:\/\/pronokalprewpes.omatech.com\/es\/wp-json\/wp\/v2\/users\/1"}],"replies":[{"embeddable":true,"href":"https:\/\/pronokalprewpes.omatech.com\/es\/wp-json\/wp\/v2\/comments?post=34"}],"version-history":[{"count":70,"href":"https:\/\/pronokalprewpes.omatech.com\/es\/wp-json\/wp\/v2\/pages\/34\/revisions"}],"predecessor-version":[{"id":75051,"href":"https:\/\/pronokalprewpes.omatech.com\/es\/wp-json\/wp\/v2\/pages\/34\/revisions\/75051"}],"wp:attachment":[{"href":"https:\/\/pronokalprewpes.omatech.com\/es\/wp-json\/wp\/v2\/media?parent=34"}],"curies":[{"name":"wp","href":"https:\/\/api.w.org\/{rel}","templated":true}]}}