{"id":54829,"date":"2021-09-27T13:19:13","date_gmt":"2021-09-27T11:19:13","guid":{"rendered":"https:\/\/pronokalprewpes.omatech.com\/es\/?page_id=54829"},"modified":"2021-09-27T13:28:13","modified_gmt":"2021-09-27T11:28:13","slug":"politica-privacidad-whatsapp","status":"publish","type":"page","link":"https:\/\/pronokalprewpes.omatech.com\/es\/politica-privacidad-whatsapp\/","title":{"rendered":"Pol\u00edtica de privacidad Whatsapp"},"content":{"rendered":"\t\t<div data-elementor-type=\"wp-post\" data-elementor-id=\"54829\" class=\"elementor elementor-54829 elementor-bc-flex-widget\">\n\t\t\t\t\t\t\t\t\t<section class=\"elementor-section elementor-top-section elementor-element elementor-element-9806ab4 elementor-section-boxed elementor-section-height-default elementor-section-height-default\" data-id=\"9806ab4\" data-element_type=\"section\">\n\t\t\t\t\t\t<div class=\"elementor-container elementor-column-gap-default\">\n\t\t\t\t\t<div class=\"elementor-column elementor-col-100 elementor-top-column elementor-element elementor-element-da0f975\" data-id=\"da0f975\" data-element_type=\"column\">\n\t\t\t<div class=\"elementor-widget-wrap elementor-element-populated\">\n\t\t\t\t\t\t\t\t<div class=\"elementor-element elementor-element-2bfabcd elementor-widget elementor-widget-heading\" data-id=\"2bfabcd\" data-element_type=\"widget\" data-widget_type=\"heading.default\">\n\t\t\t\t<div class=\"elementor-widget-container\">\n\t\t\t<style>\/*! elementor - v3.12.1 - 02-04-2023 *\/\n.elementor-heading-title{padding:0;margin:0;line-height:1}.elementor-widget-heading .elementor-heading-title[class*=elementor-size-]>a{color:inherit;font-size:inherit;line-height:inherit}.elementor-widget-heading .elementor-heading-title.elementor-size-small{font-size:15px}.elementor-widget-heading .elementor-heading-title.elementor-size-medium{font-size:19px}.elementor-widget-heading .elementor-heading-title.elementor-size-large{font-size:29px}.elementor-widget-heading .elementor-heading-title.elementor-size-xl{font-size:39px}.elementor-widget-heading .elementor-heading-title.elementor-size-xxl{font-size:59px}<\/style><h1 class=\"elementor-heading-title elementor-size-large\">Pol\u00edtica de Privacidad:<br>\ntratamiento datos Whatsapp<\/h1>\t\t<\/div>\n\t\t\t\t<\/div>\n\t\t\t\t\t<\/div>\n\t\t<\/div>\n\t\t\t\t\t\t\t<\/div>\n\t\t<\/section>\n\t\t\t\t<section class=\"elementor-section elementor-top-section elementor-element elementor-element-6c79a64 elementor-section-boxed elementor-section-height-default elementor-section-height-default\" data-id=\"6c79a64\" data-element_type=\"section\">\n\t\t\t\t\t\t<div class=\"elementor-container elementor-column-gap-default\">\n\t\t\t\t\t<div class=\"elementor-column elementor-col-16 elementor-top-column elementor-element elementor-element-1933392\" data-id=\"1933392\" data-element_type=\"column\">\n\t\t\t<div class=\"elementor-widget-wrap\">\n\t\t\t\t\t\t\t\t\t<\/div>\n\t\t<\/div>\n\t\t\t\t<div class=\"elementor-column elementor-col-66 elementor-top-column elementor-element elementor-element-698c140\" data-id=\"698c140\" data-element_type=\"column\">\n\t\t\t<div class=\"elementor-widget-wrap elementor-element-populated\">\n\t\t\t\t\t\t\t\t<div class=\"elementor-element elementor-element-3fca405 elementor-widget elementor-widget-text-editor\" data-id=\"3fca405\" data-element_type=\"widget\" data-widget_type=\"text-editor.default\">\n\t\t\t\t<div class=\"elementor-widget-container\">\n\t\t\t<style>\/*! elementor - v3.12.1 - 02-04-2023 *\/\n.elementor-widget-text-editor.elementor-drop-cap-view-stacked .elementor-drop-cap{background-color:#69727d;color:#fff}.elementor-widget-text-editor.elementor-drop-cap-view-framed .elementor-drop-cap{color:#69727d;border:3px solid;background-color:transparent}.elementor-widget-text-editor:not(.elementor-drop-cap-view-default) .elementor-drop-cap{margin-top:8px}.elementor-widget-text-editor:not(.elementor-drop-cap-view-default) .elementor-drop-cap-letter{width:1em;height:1em}.elementor-widget-text-editor .elementor-drop-cap{float:left;text-align:center;line-height:1;font-size:50px}.elementor-widget-text-editor .elementor-drop-cap-letter{display:inline-block}<\/style>\t\t\t\t<h2>1.\u00a0\u00a0\u00a0\u00a0\u00a0 INTRODUCCI\u00d3N<\/h2><div>\u00a0<\/div><p>Su privacidad es importante para nosotros, as\u00ed que, mediante este documento, le explicamos qu\u00e9 datos recogemos de los usuarios, como los utilizamos y para qu\u00e9, entre otras indicaciones.<\/p><p>Para su informaci\u00f3n, nunca pediremos m\u00e1s informaci\u00f3n de la que realmente necesitaremos para los servicios requeridos; nunca la compartiremos con terceros, excepto por obligaci\u00f3n legal o con su autorizaci\u00f3n previa; y nunca utilizaremos sus datos para otra finalidad no indicada previamente.<\/p><p>Como usuarios, deber\u00e1 leer atentamente esta Pol\u00edtica de privacidad de manera regular, y siempre que introduzca sus datos personales, ya que este documento puede sufrir modificaciones ya que el prestador puede modificar cualquier tipo de informaci\u00f3n que pudiera aparecer en la web para cumplir con la normativa o actualizar la pol\u00edtica, y sin que exista la obligaci\u00f3n de preavisar o poner en conocimiento de los usuarios dichas obligaciones, siendo suficientes la publicaci\u00f3n en el sitio web del prestador.<\/p><p>\u00a0<\/p><h2>2.\u00a0\u00a0\u00a0\u00a0\u00a0 ASPECTOS GENERALES DEL TRATAMIENTO DE DATOS PERSONALES<\/h2><p>\u00a0<\/p><h3>RESPONSABLE DEL TRATAMIENTO:<\/h3><p>Identidad:<strong>\u00a0<\/strong><strong>PNKDIET, S.L.U. (<\/strong>tambi\u00e9n el prestador, la Compa\u00f1\u00eda o <strong>PronoKal\u00ae<\/strong>))<\/p><p>NIF:<strong> B66256199 <\/strong><\/p><p>Direcci\u00f3n postal:<strong>\u00a0c\/ Roger de Ll\u00faria n\u00ba 58, 08009, Barcelona<\/strong><\/p><p>Correo electr\u00f3nico:<strong>\u00a0<\/strong><strong>info@pronokal.com<\/strong><\/p><p>Delegado de Protecci\u00f3n de Datos:<strong>\u00a0DPO@<\/strong><strong>pronokalgroup.com<\/strong><\/p><p>\u00a0<\/p><p><strong>PronoKal\u00ae,<\/strong> como responsable del sitio web de conformidad con lo dispuesto en el Reglamento (UE) 2016\/679 de 27 de abril de 2016 (RGPD) relativo a la protecci\u00f3n de las personas f\u00edsicas en lo que respecta al tratamiento de datos personales ya la libre circulaci\u00f3n de estos datos y dem\u00e1s normativa vigente en materia de protecci\u00f3n de datos personales, y por la Ley 34\/2002, de 11 de julio, de Servicios de la Sociedad de la Informaci\u00f3n y del Comercio Electr\u00f3nico (LSSICE), le informa que tiene implementadas las medidas de seguridad necesarias, de \u00edndole t\u00e9cnica y organizativas, para garantizar y proteger la confidencialidad, integridad y disponibilidad de los datos introducidos.<\/p><p>Cuando los usuarios den el consentimiento con la finalidad de comunicarse con el prestador a trav\u00e9s de la aplicaci\u00f3n para agilizar la gesti\u00f3n de los servicios y mejorar las comunicaciones compartiendo tus datos de contacto m\u00e9dico\/usuario, la compa\u00f1\u00eda realizar\u00e1 un tratamiento de sus datos personales, de conformidad con la presente pol\u00edtica de Privacidad.<\/p><p>La Compa\u00f1\u00eda se reserva el derecho a modificar en cualquier momento esta Pol\u00edtica de Privacidad, por lo que le recomendamos que la visite cada vez que acceda al usar la aplicaci\u00f3n.<\/p><p>DATOS QUE PRONOKAL\u00ae RECOPILA, M\u00c9TODO DE OBTENCI\u00d3N Y FINALIDAD: El m\u00e9todo de obtenci\u00f3n de los datos es mediante el uso de whatsapp business, conjunto de datos que la Compa\u00f1\u00eda recopila y las finalidades para los que se utilizaran:<\/p><p>El tratamiento de los datos que se lleven a cabo de las personas que se comuniquen a trav\u00e9s de whatsapp business de <strong>PronoKal\u00ae <\/strong>se regir\u00e1 por este apartado, as\u00ed como aquellas condiciones de uso, pol\u00edticas de privacidad y normativas de acceso que pertenezcan a la aplicaci\u00f3n que procedan en cada caso y aceptadas previamente por el usuario. <strong>PronoKal\u00ae<\/strong>, tratar\u00e1 sus datos con la finalidad de comunicarnos contigo a trav\u00e9s de esta aplicaci\u00f3n para agilizar la gesti\u00f3n de los servicios y mejorar esas comunicaciones compartiendo tus datos de contacto m\u00e9dico\/usuario, para lo cual te hemos solicitado tu consentimiento expreso. Queda prohibido el uso del WhatsApp de <strong>PronoKal\u00ae<\/strong>, para el env\u00edo de contenidos que no sean los necesarios para la respuesta a los servicios contratados y que sean il\u00edcitos por la normativa nacional o internacional que atente contra los derechos fundamentales de las personas y en general que contravengan los principios de legalidad, honradez, responsabilidad, protecci\u00f3n de la vida privada, la protecci\u00f3n del consumidor y los derechos de propiedad intelectual e industrial.<\/p><h3>DESTINATARIOS DE CESIONES O TRANSFERENCIAS:<\/h3><p>Los datos personales del usuario podr\u00e1n ser cedidos a terceros (m\u00e9dicos, dietistas y el resto de los profesionales de salud de PronoKal\u00ae asignados a su dieta) que act\u00faan siempre como corresponsables de tratamiento de sus datos. Dicho acceso y tratamiento de datos est\u00e1 regulado por un acuerdo de corresponsabilidad. Asi mismo, tus datos se comparten con WhatsApp Ireland Limited, cuyas medidas de seguridad t\u00e9cnicas aseguran la confidencialidad, integridad y disponibilidad de su informaci\u00f3n, seg\u00fan indica su propia <a href=\"https:\/\/www.whatsapp.com\/legal\/privacy-policy-eea\">pol\u00edtica de privacidad<\/a>. No se prev\u00e9n m\u00e1s cesiones, salvo por obligaci\u00f3n legal o requerimiento judicial. Tus datos se conservar\u00e1n mientras dure la finalidad para la que se han obtenido y, una vez ya no sean necesarios, se mantendr\u00e1n debidamente bloqueados, archivados y conservados durante el tiempo legalmente establecido.<\/p><h3>DERECHOS DE LAS PERSONAS INTERESADAS:<\/h3><p>Tienes derecho a solicitar el acceso, rectificaci\u00f3n, portabilidad y supresi\u00f3n de tus datos y la limitaci\u00f3n y oposici\u00f3n a su tratamiento dirigi\u00e9ndose a <strong>PRONOKAL GROUP \u00ae,<\/strong> enviando un correo electr\u00f3nico a <a href=\"mailto:dpo@pronokalgroup.com\">dpo@pronokalgroup.com<\/a>, junto con una fotocopia de tu DNI o documento an\u00e1logo en derecho, indicando el tipo de derecho que quieres ejercer. Tienes igualmente derecho a retirar el consentimiento prestado en cualquier momento. La retirada del consentimiento no afectar\u00e1 a la licitud del tratamiento efectuado antes de la retirada del mismo. Tambi\u00e9n tienes derecho a presentar una reclamaci\u00f3n, si consideras que el tratamiento de datos personales no se ajusta a la normativa vigente, ante la Autoridad de control (<a href=\"http:\/\/www.aepd.es\">www.aepd.es<\/a>).<\/p>\t\t\t\t\t\t<\/div>\n\t\t\t\t<\/div>\n\t\t\t\t\t<\/div>\n\t\t<\/div>\n\t\t\t\t<div class=\"elementor-column elementor-col-16 elementor-top-column elementor-element elementor-element-2446eea\" data-id=\"2446eea\" data-element_type=\"column\">\n\t\t\t<div class=\"elementor-widget-wrap\">\n\t\t\t\t\t\t\t\t\t<\/div>\n\t\t<\/div>\n\t\t\t\t\t\t\t<\/div>\n\t\t<\/section>\n\t\t\t\t\t\t\t<\/div>\n\t\t","protected":false},"excerpt":{"rendered":"Pol\u00edtica de Privacidad: tratamiento datos Whatsapp 1.\u00a0\u00a0\u00a0\u00a0\u00a0 INTRODUCCI\u00d3N \u00a0 Su privacidad es importante para nosotros, as\u00ed que, mediante este documento, le explicamos qu\u00e9 datos recogemos de los usuarios, como los utilizamos y para qu\u00e9, entre otras indicaciones. Para su informaci\u00f3n, nunca pediremos m\u00e1s informaci\u00f3n de la que realmente necesitaremos para los servicios requeridos; nunca la [&hellip;]","protected":false},"author":5,"featured_media":0,"parent":0,"menu_order":0,"comment_status":"closed","ping_status":"closed","template":"","meta":{"footnotes":""},"class_list":["post-54829","page","type-page","status-publish","hentry"],"acf":[],"_links":{"self":[{"href":"https:\/\/pronokalprewpes.omatech.com\/es\/wp-json\/wp\/v2\/pages\/54829","targetHints":{"allow":["GET"]}}],"collection":[{"href":"https:\/\/pronokalprewpes.omatech.com\/es\/wp-json\/wp\/v2\/pages"}],"about":[{"href":"https:\/\/pronokalprewpes.omatech.com\/es\/wp-json\/wp\/v2\/types\/page"}],"author":[{"embeddable":true,"href":"https:\/\/pronokalprewpes.omatech.com\/es\/wp-json\/wp\/v2\/users\/5"}],"replies":[{"embeddable":true,"href":"https:\/\/pronokalprewpes.omatech.com\/es\/wp-json\/wp\/v2\/comments?post=54829"}],"version-history":[{"count":11,"href":"https:\/\/pronokalprewpes.omatech.com\/es\/wp-json\/wp\/v2\/pages\/54829\/revisions"}],"predecessor-version":[{"id":54843,"href":"https:\/\/pronokalprewpes.omatech.com\/es\/wp-json\/wp\/v2\/pages\/54829\/revisions\/54843"}],"wp:attachment":[{"href":"https:\/\/pronokalprewpes.omatech.com\/es\/wp-json\/wp\/v2\/media?parent=54829"}],"curies":[{"name":"wp","href":"https:\/\/api.w.org\/{rel}","templated":true}]}}