{"id":59861,"date":"2022-01-12T13:38:49","date_gmt":"2022-01-12T11:38:49","guid":{"rendered":"https:\/\/pronokalprewpes.omatech.com\/es\/?page_id=59861"},"modified":"2022-01-17T11:38:30","modified_gmt":"2022-01-17T09:38:30","slug":"contacto","status":"publish","type":"page","link":"https:\/\/pronokalprewpes.omatech.com\/es\/contacto\/","title":{"rendered":"Contacto"},"content":{"rendered":"\t\t<div data-elementor-type=\"wp-page\" data-elementor-id=\"59861\" class=\"elementor elementor-59861\">\n\t\t\t\t\t\t\t\t\t<section class=\"elementor-section elementor-top-section elementor-element elementor-element-1f2bd96 elementor-section-boxed elementor-section-height-default elementor-section-height-default\" data-id=\"1f2bd96\" data-element_type=\"section\">\n\t\t\t\t\t\t<div class=\"elementor-container elementor-column-gap-default\">\n\t\t\t\t\t<div class=\"elementor-column elementor-col-100 elementor-top-column elementor-element elementor-element-831b8ea\" data-id=\"831b8ea\" data-element_type=\"column\">\n\t\t\t<div class=\"elementor-widget-wrap elementor-element-populated\">\n\t\t\t\t\t\t\t\t<div class=\"elementor-element elementor-element-f704fec elementor-widget elementor-widget-image\" data-id=\"f704fec\" data-element_type=\"widget\" data-widget_type=\"image.default\">\n\t\t\t\t<div class=\"elementor-widget-container\">\n\t\t\t<style>\/*! elementor - v3.12.1 - 02-04-2023 *\/\n.elementor-widget-image{text-align:center}.elementor-widget-image a{display:inline-block}.elementor-widget-image a img[src$=\".svg\"]{width:48px}.elementor-widget-image img{vertical-align:middle;display:inline-block}<\/style>\t\t\t\t\t\t\t\t\t\t\t\t<img loading=\"lazy\" decoding=\"async\" width=\"1440\" height=\"343\" src=\"https:\/\/pronokalprewpes.omatech.com\/es\/wp-content\/uploads\/2022\/01\/Banner-contacto-1-1.jpg\" class=\"attachment-full size-full wp-image-59791\" alt=\"\" srcset=\"https:\/\/pronokalprewpes.omatech.com\/es\/wp-content\/uploads\/2022\/01\/Banner-contacto-1-1.jpg 1440w, https:\/\/pronokalprewpes.omatech.com\/es\/wp-content\/uploads\/2022\/01\/Banner-contacto-1-1-250x60.jpg 250w, https:\/\/pronokalprewpes.omatech.com\/es\/wp-content\/uploads\/2022\/01\/Banner-contacto-1-1-700x167.jpg 700w, https:\/\/pronokalprewpes.omatech.com\/es\/wp-content\/uploads\/2022\/01\/Banner-contacto-1-1-768x183.jpg 768w, https:\/\/pronokalprewpes.omatech.com\/es\/wp-content\/uploads\/2022\/01\/Banner-contacto-1-1-120x29.jpg 120w\" sizes=\"auto, (max-width: 1440px) 100vw, 1440px\" \/>\t\t\t\t\t\t\t\t\t\t\t\t\t\t\t<\/div>\n\t\t\t\t<\/div>\n\t\t\t\t\t<\/div>\n\t\t<\/div>\n\t\t\t\t\t\t\t<\/div>\n\t\t<\/section>\n\t\t\t\t<section class=\"elementor-section elementor-top-section elementor-element elementor-element-30e68fa elementor-section-boxed elementor-section-height-default elementor-section-height-default\" data-id=\"30e68fa\" data-element_type=\"section\">\n\t\t\t\t\t\t<div class=\"elementor-container elementor-column-gap-default\">\n\t\t\t\t\t<div class=\"elementor-column elementor-col-100 elementor-top-column elementor-element elementor-element-8ffddb4\" data-id=\"8ffddb4\" data-element_type=\"column\">\n\t\t\t<div class=\"elementor-widget-wrap elementor-element-populated\">\n\t\t\t\t\t\t\t\t<div class=\"elementor-element elementor-element-3c6af0c elementor-widget elementor-widget-heading\" data-id=\"3c6af0c\" data-element_type=\"widget\" data-widget_type=\"heading.default\">\n\t\t\t\t<div class=\"elementor-widget-container\">\n\t\t\t<style>\/*! elementor - v3.12.1 - 02-04-2023 *\/\n.elementor-heading-title{padding:0;margin:0;line-height:1}.elementor-widget-heading .elementor-heading-title[class*=elementor-size-]>a{color:inherit;font-size:inherit;line-height:inherit}.elementor-widget-heading .elementor-heading-title.elementor-size-small{font-size:15px}.elementor-widget-heading .elementor-heading-title.elementor-size-medium{font-size:19px}.elementor-widget-heading .elementor-heading-title.elementor-size-large{font-size:29px}.elementor-widget-heading .elementor-heading-title.elementor-size-xl{font-size:39px}.elementor-widget-heading .elementor-heading-title.elementor-size-xxl{font-size:59px}<\/style><h3 class=\"elementor-heading-title elementor-size-default\">\u00bfEst\u00e1s en tratamiento?<\/h3>\t\t<\/div>\n\t\t\t\t<\/div>\n\t\t\t\t\t<\/div>\n\t\t<\/div>\n\t\t\t\t\t\t\t<\/div>\n\t\t<\/section>\n\t\t\t\t<section class=\"elementor-section elementor-top-section elementor-element elementor-element-3848e81 elementor-section-boxed elementor-section-height-default elementor-section-height-default\" data-id=\"3848e81\" data-element_type=\"section\">\n\t\t\t\t\t\t<div class=\"elementor-container elementor-column-gap-default\">\n\t\t\t\t\t<div class=\"elementor-column elementor-col-50 elementor-top-column elementor-element elementor-element-bd8db74\" data-id=\"bd8db74\" data-element_type=\"column\">\n\t\t\t<div class=\"elementor-widget-wrap elementor-element-populated\">\n\t\t\t\t\t\t\t\t<div class=\"elementor-element elementor-element-4068eba elementor-widget elementor-widget-image\" data-id=\"4068eba\" data-element_type=\"widget\" data-widget_type=\"image.default\">\n\t\t\t\t<div class=\"elementor-widget-container\">\n\t\t\t\t\t\t\t\t\t\t\t\t\t\t\t<img decoding=\"async\" src=\"https:\/\/pronokalprewpes.omatech.com\/es\/wp-content\/uploads\/elementor\/thumbs\/compra-telefono-pvx4vk2w8w9mwk7ni6r5lsp86pqsc6i4cqa9po6mso.png\" title=\"compra-telefono\" alt=\"compra-telefono\" loading=\"lazy\" \/>\t\t\t\t\t\t\t\t\t\t\t\t\t\t\t<\/div>\n\t\t\t\t<\/div>\n\t\t\t\t<div class=\"elementor-element elementor-element-097a7ab elementor-widget elementor-widget-heading\" data-id=\"097a7ab\" data-element_type=\"widget\" data-widget_type=\"heading.default\">\n\t\t\t\t<div class=\"elementor-widget-container\">\n\t\t\t<h4 class=\"elementor-heading-title elementor-size-default\">Asesor\u00eda Telef\u00f3nica<\/h4>\t\t<\/div>\n\t\t\t\t<\/div>\n\t\t\t\t<div class=\"elementor-element elementor-element-e4a3a45 elementor-widget elementor-widget-text-editor\" data-id=\"e4a3a45\" data-element_type=\"widget\" data-widget_type=\"text-editor.default\">\n\t\t\t\t<div class=\"elementor-widget-container\">\n\t\t\t<style>\/*! elementor - v3.12.1 - 02-04-2023 *\/\n.elementor-widget-text-editor.elementor-drop-cap-view-stacked .elementor-drop-cap{background-color:#69727d;color:#fff}.elementor-widget-text-editor.elementor-drop-cap-view-framed .elementor-drop-cap{color:#69727d;border:3px solid;background-color:transparent}.elementor-widget-text-editor:not(.elementor-drop-cap-view-default) .elementor-drop-cap{margin-top:8px}.elementor-widget-text-editor:not(.elementor-drop-cap-view-default) .elementor-drop-cap-letter{width:1em;height:1em}.elementor-widget-text-editor .elementor-drop-cap{float:left;text-align:center;line-height:1;font-size:50px}.elementor-widget-text-editor .elementor-drop-cap-letter{display:inline-block}<\/style>\t\t\t\t<p style=\"text-align: center;\">Solicita nuestro servicio de <br>\n<a href=\"https:\/\/outlook.office365.com\/owa\/calendar\/CITAPREVIACALLCENTER@pronokal.com\/bookings\/\" target=\"_blank\" rel=\"noopener\"><strong>Cita Previa Asesor\u00eda Telef\u00f3nica de Coaching Nutricional<\/strong><\/a><\/p>\t\t\t\t\t\t<\/div>\n\t\t\t\t<\/div>\n\t\t\t\t<div class=\"elementor-element elementor-element-4752b6e elementor-widget elementor-widget-text-editor\" data-id=\"4752b6e\" data-element_type=\"widget\" data-widget_type=\"text-editor.default\">\n\t\t\t\t<div class=\"elementor-widget-container\">\n\t\t\t\t\t\t\t<p style=\"text-align: center;\">Tambi\u00e9n nos puedes llamar al <strong><a href=\"tel:932492185\">932 492 185<\/a><\/strong> <strong>para cualquier tema relacionado con tu tratamiento<\/strong>: gesti\u00f3n de pedidos, incidencias, dudas, etc<\/p>\t\t\t\t\t\t<\/div>\n\t\t\t\t<\/div>\n\t\t\t\t\t<\/div>\n\t\t<\/div>\n\t\t\t\t<div class=\"elementor-column elementor-col-50 elementor-top-column elementor-element elementor-element-33f2184\" data-id=\"33f2184\" data-element_type=\"column\">\n\t\t\t<div class=\"elementor-widget-wrap elementor-element-populated\">\n\t\t\t\t\t\t\t\t<div class=\"elementor-element elementor-element-f72b4ef elementor-widget elementor-widget-image\" data-id=\"f72b4ef\" data-element_type=\"widget\" data-widget_type=\"image.default\">\n\t\t\t\t<div class=\"elementor-widget-container\">\n\t\t\t\t\t\t\t\t\t\t\t\t\t\t\t<img decoding=\"async\" src=\"https:\/\/pronokalprewpes.omatech.com\/es\/wp-content\/uploads\/elementor\/thumbs\/envio2-pvx4xgp43svkg3fzdiex5tdvjucky32iy5wpqvcw6g.png\" title=\"envio2\" alt=\"envio2\" loading=\"lazy\" \/>\t\t\t\t\t\t\t\t\t\t\t\t\t\t\t<\/div>\n\t\t\t\t<\/div>\n\t\t\t\t<div class=\"elementor-element elementor-element-d228739 elementor-widget elementor-widget-heading\" data-id=\"d228739\" data-element_type=\"widget\" data-widget_type=\"heading.default\">\n\t\t\t\t<div class=\"elementor-widget-container\">\n\t\t\t<h4 class=\"elementor-heading-title elementor-size-default\">Asesor\u00eda Presencial<\/h4>\t\t<\/div>\n\t\t\t\t<\/div>\n\t\t\t\t<div class=\"elementor-element elementor-element-26da5f4 elementor-widget elementor-widget-text-editor\" data-id=\"26da5f4\" data-element_type=\"widget\" data-widget_type=\"text-editor.default\">\n\t\t\t\t<div class=\"elementor-widget-container\">\n\t\t\t\t\t\t\t<p style=\"text-align: center;\">Para tu mayor comodidad, te ofrecemos el servicio de CITA PREVIA para agendar tu visita al centro presencial de Barcelona (C\/ Roger Ll\u00faria 58).<\/p><p style=\"text-align: center;\">Reserva hora:\u00a0<br \/><a href=\"https:\/\/outlook.office365.com\/owa\/calendar\/Pronokal1@pronokal.com\/bookings\/\" target=\"_blank\" rel=\"noopener\"><strong>Cita Previa Asesor\u00eda Presencial de Coaching Nutricional<\/strong><\/a><\/p>\t\t\t\t\t\t<\/div>\n\t\t\t\t<\/div>\n\t\t\t\t\t<\/div>\n\t\t<\/div>\n\t\t\t\t\t\t\t<\/div>\n\t\t<\/section>\n\t\t\t\t<section class=\"elementor-section elementor-top-section elementor-element elementor-element-31e5634 elementor-section-boxed elementor-section-height-default elementor-section-height-default\" data-id=\"31e5634\" data-element_type=\"section\">\n\t\t\t\t\t\t<div class=\"elementor-container elementor-column-gap-default\">\n\t\t\t\t\t<div class=\"elementor-column elementor-col-100 elementor-top-column elementor-element elementor-element-0f443a8\" data-id=\"0f443a8\" data-element_type=\"column\">\n\t\t\t<div class=\"elementor-widget-wrap elementor-element-populated\">\n\t\t\t\t\t\t\t\t<div class=\"elementor-element elementor-element-6bd1f37 elementor-widget elementor-widget-heading\" data-id=\"6bd1f37\" data-element_type=\"widget\" data-widget_type=\"heading.default\">\n\t\t\t\t<div class=\"elementor-widget-container\">\n\t\t\t<h3 class=\"elementor-heading-title elementor-size-default\">\u00bfNecesitas m\u00e1s informaci\u00f3n sobre el M\u00e9todo PronoKal?\u200b<\/h3>\t\t<\/div>\n\t\t\t\t<\/div>\n\t\t\t\t<div class=\"elementor-element elementor-element-3f5824a elementor-widget elementor-widget-text-editor\" data-id=\"3f5824a\" data-element_type=\"widget\" data-widget_type=\"text-editor.default\">\n\t\t\t\t<div class=\"elementor-widget-container\">\n\t\t\t\t\t\t\t<p style=\"text-align: center;\">Ll\u00e1manos al\u00a0<strong><a href=\"tel:910381816\">910 381 816<\/a><\/strong> y te explicaremos c\u00f3mo funciona, sin ning\u00fan compromiso.<\/p>\n<p style=\"text-align: center;\">\u00bfPrefieres que te llamemos?<\/p>\n<p style=\"text-align: center;\"><strong>Rellena el formulario de abajo<\/strong> y nos pondremos en contacto lo antes posible.<\/p>\t\t\t\t\t\t<\/div>\n\t\t\t\t<\/div>\n\t\t\t\t\t<\/div>\n\t\t<\/div>\n\t\t\t\t\t\t\t<\/div>\n\t\t<\/section>\n\t\t\t\t\t\t\t<\/div>\n\t\t","protected":false},"excerpt":{"rendered":"\u00bfEst\u00e1s en tratamiento? Asesor\u00eda Telef\u00f3nica Solicita nuestro servicio de Cita Previa Asesor\u00eda Telef\u00f3nica de Coaching Nutricional Tambi\u00e9n nos puedes llamar al 932 492 185 para cualquier tema relacionado con tu tratamiento: gesti\u00f3n de pedidos, incidencias, dudas, etc Asesor\u00eda Presencial Para tu mayor comodidad, te ofrecemos el servicio de CITA PREVIA para agendar tu visita al [&hellip;]","protected":false},"author":5,"featured_media":0,"parent":0,"menu_order":0,"comment_status":"closed","ping_status":"closed","template":"","meta":{"footnotes":""},"class_list":["post-59861","page","type-page","status-publish","hentry"],"acf":[],"_links":{"self":[{"href":"https:\/\/pronokalprewpes.omatech.com\/es\/wp-json\/wp\/v2\/pages\/59861","targetHints":{"allow":["GET"]}}],"collection":[{"href":"https:\/\/pronokalprewpes.omatech.com\/es\/wp-json\/wp\/v2\/pages"}],"about":[{"href":"https:\/\/pronokalprewpes.omatech.com\/es\/wp-json\/wp\/v2\/types\/page"}],"author":[{"embeddable":true,"href":"https:\/\/pronokalprewpes.omatech.com\/es\/wp-json\/wp\/v2\/users\/5"}],"replies":[{"embeddable":true,"href":"https:\/\/pronokalprewpes.omatech.com\/es\/wp-json\/wp\/v2\/comments?post=59861"}],"version-history":[{"count":93,"href":"https:\/\/pronokalprewpes.omatech.com\/es\/wp-json\/wp\/v2\/pages\/59861\/revisions"}],"predecessor-version":[{"id":60326,"href":"https:\/\/pronokalprewpes.omatech.com\/es\/wp-json\/wp\/v2\/pages\/59861\/revisions\/60326"}],"wp:attachment":[{"href":"https:\/\/pronokalprewpes.omatech.com\/es\/wp-json\/wp\/v2\/media?parent=59861"}],"curies":[{"name":"wp","href":"https:\/\/api.w.org\/{rel}","templated":true}]}}