{"id":79074,"date":"2022-08-02T13:21:01","date_gmt":"2022-08-02T11:21:01","guid":{"rendered":"https:\/\/pronokalprewpes.omatech.com\/es\/?page_id=79074"},"modified":"2024-09-04T11:36:38","modified_gmt":"2024-09-04T09:36:38","slug":"el-descuento-que-crece","status":"publish","type":"page","link":"https:\/\/pronokalprewpes.omatech.com\/es\/el-descuento-que-crece\/","title":{"rendered":"EL DESCUENTO QUE CRECE"},"content":{"rendered":"<p>&nbsp;<\/p>\n<p>Sabemos lo importante que es la constancia y la motivaci\u00f3n para conseguir los objetivos, tambi\u00e9n, en la p\u00e9rdida de peso. Por eso, <strong>te premiamos con un descuento que va creciendo a medida que avanzas en tu tratamiento<\/strong>. No, \u00a1no nos hemos vuelto locos!<\/p>\n<p>&nbsp;<\/p>\n<p><strong>1. \u00bfC\u00f3mo es el tratamiento PronoKal?<\/strong><\/p>\n<p>PronoKal es un m\u00e9todo de p\u00e9rdida y mantenimiento del peso que se realiza con supervisi\u00f3n m\u00e9dica y que consta de diversas etapas. <strong>Cada 15 o 21 d\u00edas, el profesional m\u00e9dico que <\/strong><strong>realiza tu seguimiento supervisar\u00e1 tu estado y te emitir\u00e1 una hoja de idoneidad con la<\/strong> <strong>indicaci\u00f3n para que puedas realizar tu pedido de alimentos PronoKal<\/strong>, los cuales formar\u00e1n parte de tu plan alimentario.<\/p>\n<p>&nbsp;<\/p>\n<p><strong>2. \u00bfC\u00f3mo y en qu\u00e9 condiciones se aplica el descuento?<\/strong><\/p>\n<p><strong>El descuento se aplicar\u00e1 en los 3 primeros pedidos<\/strong> de tu plan alimentario y ser\u00e1 de forma gradual: <strong>10% en el primer pedido, 15% en el segundo y 20% en el tercero.<\/strong><\/p>\n<p>Estos descuentos se <strong>aplicar\u00e1n de forma inmediata al realizar tu pedido a trav\u00e9s del servicio telef\u00f3nico de atenci\u00f3n diet\u00e9tica de PronoKal y siempre que compres el 100% de las tomas de alimento<\/strong> que se indican en tu hoja de idoneidad.<\/p>\n<p>Esta promoci\u00f3n se aplica \u00fanicamente a trav\u00e9s del servicio telef\u00f3nico y del Centro de Atenci\u00f3n Presencial de Barcelona, por lo que, en los tres primeros pedidos, te aconsejamos no utilizar nuestro servicio de compra a trav\u00e9s de la Tienda Online para que puedas beneficiarte de tu merecido descuento.<\/p>\n<p><strong>3. \u00bfCu\u00e1l es la fecha de validez de esta promoci\u00f3n?<\/strong><\/p>\n<p>Esta promoci\u00f3n que te ayudar\u00e1 a conseguir tu peso saludable <strong>estar\u00e1 activa desde el d\u00eda 9 de septiembre hasta el 15 de octubre de 2024<\/strong>, para todas aquellas personas que inicien o reinicien* el M\u00e9todo PronoKal y cualquiera de sus programas personalizados dentro de las fechas indicadas.<\/p>\n<p>*Se considera que una persona reinicia el tratamiento cuando han pasado 90 d\u00edas desde la fecha del \u00faltimo pedido.<\/p>\n<p><strong>No aplica para el programa PronoKal Clinics.<\/strong><\/p>\n<p>&nbsp;<\/p>\n","protected":false},"excerpt":{"rendered":"&nbsp; Sabemos lo importante que es la constancia y la motivaci\u00f3n para conseguir los objetivos, tambi\u00e9n, en la p\u00e9rdida de peso. Por eso, te premiamos con un descuento que va creciendo a medida que avanzas en tu tratamiento. No, \u00a1no nos hemos vuelto locos! &nbsp; 1. \u00bfC\u00f3mo es el tratamiento PronoKal? PronoKal es un m\u00e9todo [&hellip;]","protected":false},"author":5,"featured_media":0,"parent":0,"menu_order":0,"comment_status":"closed","ping_status":"closed","template":"template-modules.php","meta":{"footnotes":""},"class_list":["post-79074","page","type-page","status-publish","hentry"],"acf":[],"_links":{"self":[{"href":"https:\/\/pronokalprewpes.omatech.com\/es\/wp-json\/wp\/v2\/pages\/79074","targetHints":{"allow":["GET"]}}],"collection":[{"href":"https:\/\/pronokalprewpes.omatech.com\/es\/wp-json\/wp\/v2\/pages"}],"about":[{"href":"https:\/\/pronokalprewpes.omatech.com\/es\/wp-json\/wp\/v2\/types\/page"}],"author":[{"embeddable":true,"href":"https:\/\/pronokalprewpes.omatech.com\/es\/wp-json\/wp\/v2\/users\/5"}],"replies":[{"embeddable":true,"href":"https:\/\/pronokalprewpes.omatech.com\/es\/wp-json\/wp\/v2\/comments?post=79074"}],"version-history":[{"count":41,"href":"https:\/\/pronokalprewpes.omatech.com\/es\/wp-json\/wp\/v2\/pages\/79074\/revisions"}],"predecessor-version":[{"id":86018,"href":"https:\/\/pronokalprewpes.omatech.com\/es\/wp-json\/wp\/v2\/pages\/79074\/revisions\/86018"}],"wp:attachment":[{"href":"https:\/\/pronokalprewpes.omatech.com\/es\/wp-json\/wp\/v2\/media?parent=79074"}],"curies":[{"name":"wp","href":"https:\/\/api.w.org\/{rel}","templated":true}]}}