{"id":13880,"date":"2021-04-08T15:18:08","date_gmt":"2021-04-08T13:18:08","guid":{"rendered":"https:\/\/pronokalprewpes.omatech.com\/it\/?page_id=13880"},"modified":"2021-04-08T15:24:25","modified_gmt":"2021-04-08T13:24:25","slug":"connect-privacy","status":"publish","type":"page","link":"https:\/\/pronokalprewpes.omatech.com\/it\/connect-privacy\/","title":{"rendered":"Connect privacy"},"content":{"rendered":"\t\t<div data-elementor-type=\"wp-page\" data-elementor-id=\"13880\" class=\"elementor elementor-13880\">\n\t\t\t\t\t\t<div class=\"elementor-inner\">\n\t\t\t\t<div class=\"elementor-section-wrap\">\n\t\t\t\t\t\t\t\t\t<section class=\"elementor-section elementor-top-section elementor-element elementor-element-2bb22c5 elementor-section-boxed elementor-section-height-default elementor-section-height-default\" data-id=\"2bb22c5\" data-element_type=\"section\">\n\t\t\t\t\t\t<div class=\"elementor-container elementor-column-gap-default\">\n\t\t\t\t\t\t\t<div class=\"elementor-row\">\n\t\t\t\t\t<div class=\"elementor-column elementor-col-100 elementor-top-column elementor-element elementor-element-d7a24ac\" data-id=\"d7a24ac\" data-element_type=\"column\">\n\t\t\t<div class=\"elementor-column-wrap elementor-element-populated\">\n\t\t\t\t\t\t\t<div class=\"elementor-widget-wrap\">\n\t\t\t\t\t\t<div class=\"elementor-element elementor-element-c4fa1e4 elementor-widget elementor-widget-heading\" data-id=\"c4fa1e4\" data-element_type=\"widget\" data-widget_type=\"heading.default\">\n\t\t\t\t<div class=\"elementor-widget-container\">\n\t\t\t<h1 class=\"elementor-heading-title elementor-size-default\">CONNECT PRIVACY<\/h1>\t\t<\/div>\n\t\t\t\t<\/div>\n\t\t\t\t\t\t<\/div>\n\t\t\t\t\t<\/div>\n\t\t<\/div>\n\t\t\t\t\t\t\t\t<\/div>\n\t\t\t\t\t<\/div>\n\t\t<\/section>\n\t\t\t\t<section class=\"elementor-section elementor-top-section elementor-element elementor-element-ff102ac elementor-section-boxed elementor-section-height-default elementor-section-height-default\" data-id=\"ff102ac\" data-element_type=\"section\">\n\t\t\t\t\t\t<div class=\"elementor-container elementor-column-gap-default\">\n\t\t\t\t\t\t\t<div class=\"elementor-row\">\n\t\t\t\t\t<div class=\"elementor-column elementor-col-33 elementor-top-column elementor-element elementor-element-36f9ab0\" data-id=\"36f9ab0\" data-element_type=\"column\">\n\t\t\t<div class=\"elementor-column-wrap\">\n\t\t\t\t\t\t\t<div class=\"elementor-widget-wrap\">\n\t\t\t\t\t\t\t\t<\/div>\n\t\t\t\t\t<\/div>\n\t\t<\/div>\n\t\t\t\t<div class=\"elementor-column elementor-col-33 elementor-top-column elementor-element elementor-element-241db3d\" data-id=\"241db3d\" data-element_type=\"column\">\n\t\t\t<div class=\"elementor-column-wrap elementor-element-populated\">\n\t\t\t\t\t\t\t<div class=\"elementor-widget-wrap\">\n\t\t\t\t\t\t<div class=\"elementor-element elementor-element-c104ef3 elementor-widget elementor-widget-text-editor\" data-id=\"c104ef3\" data-element_type=\"widget\" data-widget_type=\"text-editor.default\">\n\t\t\t\t<div class=\"elementor-widget-container\">\n\t\t\t\t\t\t\t\t<div class=\"elementor-text-editor elementor-clearfix\">\n\t\t\t\t<p><strong>INFORMATIVA NEI CONFRONTI DI PERSONE FISICHE AI SENSI DELL\u2019ART. 13 E 14 DEL REGOLAMENTO (UE) 2016\/679 DEL PARLAMENTO EUROPEO E DEL CONSIGLIO DEL 27 APRILE 2016 (DI SEGUITO L\u2019\u201dINFORMATIVA\u201d)<\/strong><\/p><p>Il Regolamento sulla \u201cprotezione delle persone fisiche con riguardo al trattamento dei dati personali, nonch\u00e9 alla libera circolazione di tali dati\u201d (di seguito il \u201cRegolamento o GDPR\u201d) contiene una serie di norme dirette a garantire che il trattamento dei dati personali si svolga nel rispetto dei diritti e delle libert\u00e0 fondamentali delle persone. La presente Informativa ne recepisce le previsioni.<\/p><p>\u00a0<\/p><p><strong>SEZIONE 1 &#8211; IDENTIT\u00c0 E DATI DI CONTATTO DEL TITOLARE DEL TRATTAMENTO E DEL DATA PROTECTION OFFICER<\/strong><\/p><p>S.D.M. s.r.l. unipersonale con sede legale in Savigliano, via dell\u2019Artigianato n. 45, P. IVA 07607620965 societ\u00e0 soggetta al controllo di PNK GROUP (di seguito \u201cSDM\u201d o il \u201cTitolare\u201d), tratta i Suoi dati personali (di seguito i \u201cDati Personali\u201d) per le finalit\u00e0 indicate nella Sezione 2.<\/p><p>Il Data Protection Officer \u00e8 l\u2019avvocato Luisa Di Giacomo con studio in Torino, corso Matteotti n. 44, contattabile al numero 011. 5623588, all\u2019indirizzo di posta elettronica digiacomo@luisadigiacomo.it oppure all\u2019indirizzo pec<\/p><p><a style=\"color: #93814f;\">luisaannamariadigiacomo@pec.ordineavvocatitorino.it<\/a><\/p><p>\u00a0<\/p><p><strong>SEZIONE 2 &#8211; CATEGORIE DEI DATI PERSONALI, FINALIT\u00c0 E BASE GIURIDICA DEL TRATTAMENTO<\/strong><\/p><p><strong>\u00a0<\/strong>Quando gli utenti utilizzano una qualsiasi delle applicazioni del Titolare, il Titolare tratta i dati personali, in conformit\u00e0 con la presente informativa (&#8220;Informativa sulla privacy&#8221;).<\/p><p>Il Titolare raccoglier\u00e0 ed elaborer\u00e0 inoltre dati personali da clienti dei nostri metodi dietetici, nonch\u00e9 da medici prescrittori, attraverso canali diversi da questa Applicazione Web \/ Extranet, ad esempio attraverso contratti, moduli o schede cartacee. In tali casi, il trattamento dei dati personali sar\u00e0 effettuato secondo i termini stabiliti nei documenti corrispondenti.<\/p><p>Il Titolare si riserva il diritto di modificare la presente Informativa sulla privacy in qualsiasi momento, pertanto ti consigliamo di visitarla ogni volta che accedi a MyPatients \/ Medical Portal.<\/p><p>Attraverso questa applicazione raccogliamo dati personali nei seguenti modi:<\/p><ol><li>Dati personali che l&#8217;utente ci fornisce: quando il paziente prende contatto con il medico e completa uno qualsiasi dei moduli di contatto a sua disposizione relativi all&#8217;azienda.<\/li><li>Attraverso cookie e tecnologie simili: quando utilizzi la nostra app, utilizziamo varie tecnologie per raccogliere e archiviare informazioni e questo pu\u00f2 includere l&#8217;uso di cookie o tecnologie simili per identificare il tuo browser e \/ o dispositivo.<\/li><\/ol><p>Tali dati personali possono essere generalmente raggruppati nelle seguenti categorie:<\/p><ol><li>Dati identificativi: nome, cognome, numero di telefono, indirizzo, indirizzo email, nome utente e password.<\/li><li>Dati di connessione che identificano i dati: IP, registri.<\/li><\/ol><p>Nel caso in cui un utente diventi cliente del Titolare, l&#8217;utente accetta l\u2019informativa sulla privacy inclusa nel documento corrispondente attraverso il quale viene formalizzata la registrazione di tale cliente, che comporter\u00e0 il trattamento delle seguenti categorie di dati personali:<\/p><p>iii. Dati finanziari: numero di conto bancario.<\/p><ol><li>Dati sanitari: peso, eventuali patologie o malattie, possibili allergie e intolleranze ed eventuali altri dati sanitari che tale cliente porta all&#8217;attenzione dell&#8217;Azienda e\/o del suo medico ed \u00e8 strettamente necessario per la corretta evoluzione del trattamento.<\/li><li>Dati personali e dati medici che l&#8217;utente ci fornisce sui propri pazienti: quando registrano un paziente o compilano uno qualsiasi dei moduli di contatto a loro disposizione relativi a questo fatto per l&#8217;azienda.<\/li><li>Dati personali e dati medici che l&#8217;utente ci fornisce con i suoi pazienti quando effettua un Foglio di idoneit\u00e0 del paziente o completa uno qualsiasi dei moduli di contatto a sua disposizione relativi a questo fatto per l&#8217;azienda.<\/li><\/ol><p>La persona che diventa cliente sar\u00e0 informata che sia la Societ\u00e0 sia il medico a cui si \u00e8 rivolta per il trattamento saranno contitolari del trattamento, poich\u00e9 entrambi determineranno congiuntamente gli obiettivi e i mezzi del trattamento dei dati. A tal fine, SDM e il centro medico firmeranno un accordo che regola le rispettive responsabilit\u00e0 di ciascuna parte nel rispetto degli obblighi relativi ai dati personali.<\/p><p>Quando l&#8217;utente \u00e8 un medico prescrittore che mantiene un rapporto contrattuale con la Societ\u00e0, elaborer\u00e0 sia i dati identificativi che di contatto di quest&#8217;ultima (nome e cognome, NIF, e-mail e\/o indirizzo postale, telefono), nonch\u00e9 i dati per le disposizioni di pagamento.<\/p><p>I Dati Personali che la riguardano, da Lei comunicati al Titolare tramite la presente applicazione sono trattati dal Titolare nell&#8217;ambito della sua attivit\u00e0 per le seguenti finalit\u00e0:<\/p><ol><li>finalit\u00e0 strettamente connesse all\u2019utilizzo dell\u2019app e strumentali alla sua gestione, rispondere alle richieste da Lei effettuate, compresa la richiesta di appuntamento con il corrispondente centro medico;<\/li><li>gestione del rapporto con il centro medico\/professionista sanitario;<\/li><li>adempimento degli obblighi di legge e gestione amministrativa interna;<\/li><li>accertamento, esercizio o difesa di un diritto in sede giudiziaria;<\/li><li>previo Suo apposito e specifico consenso, i Suoi dati appartenenti alle categorie particolari (ovvero i dati riguardanti la sua altezza, peso, indice di massa corporea ed in generale i dati riguardanti il suo stato di salute) verranno utilizzati per l\u2019applicazione del metodo PNKDIET e per il follow-up personalizzato del metodo. In particolare, tale servizio comporter\u00e0: (1) l&#8217;analisi dell&#8217;evoluzione della perdita di peso e della composizione corporea dell&#8217;utente attraverso la bilancia intelligente e (2) la visualizzazione delle routine di esercizio fisico attraverso i video.<\/li><li>Previo Suo apposito e specifico consenso, i Suoi dati verranno utilizzati per finalit\u00e0 di marketing, per aggiornarla sulle novit\u00e0 relative al metodo di dimagrimento e per portare alla Sua attenzione le offerte commerciali per Lei pi\u00f9 vantaggiose.<\/li><li>Previso Suo apposito e specifico consenso, i Suoi dati clinici raccolti in occasione delle prestazioni a Lei erogate potrebbero essere utilizzati in studi osservazionali retrospettivi o in studi scientifici innovativi. In tal caso, i Suoi Dati saranno opportunamente anonimizzati e codificati per evitare la Sua individuazione. Inoltre i risultati potranno essere oggetto di pubblicazione o di condivisione con altri Centri di Ricerca o con societ\u00e0 che operano nel settore, soltanto in forma anonima e aggregata, senza possibilit\u00e0 di risalire a Lei in alcun modo.<\/li><li>Previo Suo apposito e specifico consenso, qualora Lei sia gi\u00e0 stato cliente di societ\u00e0 del Gruppo Pronokal in passato, i Suoi dati clinici raccolti in precedenza potranno essere trattati per fornirLe il servizio pi\u00f9 idoneo alle Sue esigenze.<\/li><\/ol><p>La base giuridica del trattamento di Dati Personali per le finalit\u00e0 di cui ai punti a) e b) \u00e8 l\u2019erogazione di un servizio che non richiede il consenso ai sensi della normativa applicabile. La base legale del trattamento per la lettera c) \u00e8 l\u2019adempimento ad un ordine di un\u2019autorit\u00e0 giudiziaria cui il Titolare sia destinatario (art. 6.1 lettera c GDPR). La base legale del trattamento per la lettera d) \u00e8 l\u2019interesse legittimo del Titolare (art. 6.1 lettera f GDPR). La base legale del trattamento per le lettere e) f) g) h) \u00e8 il Suo consenso espresso, libero e informato (art. 6.1 lettera a GDPR).<\/p><p>Per quanto riguarda il consenso al trattamento dei dati per finalit\u00e0 di cui alle lettere e), f), g), h) il consenso \u00e8 libero e facoltativo. Per quanto riguarda il punto e) il mancato consenso implicher\u00e0 l\u2019impossibilit\u00e0 per l\u2019Utente di usufruire del metodo PNKDIET, mentre per i punti f), g), h) il mancato consenso non implicher\u00e0 alcuna conseguenza in ordine alla applicazione del metodo.<\/p><p>Il consenso potr\u00e0 essere revocato in qualsiasi momento, inviando una email a <a style=\"color: #93814f;\">info.italia@pronokalgroup.com<\/a>. Dal momento della revoca del consenso, il trattamento dei Suoi dati cesser\u00e0. La cessazione del consenso non rende illegittimi i trattamenti effettuati fino a quel momento sulla base di un consenso precedentemente rilasciato e valido.<\/p><p>\u00a0<\/p><p><strong>SEZIONE 3 &#8211; CATEGORIE DI DESTINATARI AI QUALI I SUOI DATI PERSONALI POTRANNO ESSERE COMUNICATI<\/strong><\/p><p><strong>\u00a0<\/strong>I Suoi Dati Personali potranno essere comunicati, per le finalit\u00e0 specificate alla sezione 2, a soggetti all\u2019interno dell\u2019Unione Europea, quali:<\/p><ol><li>soggetti necessari per l\u2019erogazione dei servizi offerti dall\u2019applicazione;<\/li><li>soggetti che agiscono tipicamente in qualit\u00e0 di responsabili del Trattamento;<\/li><li>persone autorizzate dal Titolare al trattamento dei Dati Personali che si siano impegnate alla riservatezza o abbiano un adeguato obbligo legale di riservatezza; (es. dipendenti e collaboratori del Titolare); (a. e b. sono collettivamente \u201c<strong>Destinatari<\/strong>\u201d);<\/li><li>autorit\u00e0 giurisdizionali nell\u2019esercizio delle loro funzioni quando richiesto dalla normativa applicabile.<\/li><\/ol><p>I Suoi dati personali non saranno soggetti a diffusione. Qualora i Suoi dati dovessero, per i motivi di cui sopra, essere comunicati a soggetti residenti all\u2019esterno dell\u2019Unione Europea, ci\u00f2 avverr\u00e0 solo previo esame dell\u2019esistenza di clausole di adeguatezza per la protezione e sicurezza dei dati.<\/p><p><strong>\u00a0<\/strong><\/p><p><strong>SEZIONE 4 &#8211; MODALIT\u00c0 DI TRATTAMENTO E TEMPI DI CONSERVAZIONE DEI DATI PERSONALI<\/strong><\/p><p><strong>\u00a0<\/strong>Il trattamento dei Suoi Dati Personali avviene mediante strumenti manuali, informatici e telematici e in modo da garantire la sicurezza e la riservatezza dei dati stessi. I Suoi Dati Personali sono conservati per un periodo di tempo non superiore a quello necessario al conseguimento delle finalit\u00e0 per le quali essi sono trattati, fatti salvi i termini di conservazione previsti dalla legge. In particolare i Suoi Dati Personali sono conservati per tutto il periodo in cui il servizio erogato dall\u2019applicazione verr\u00e0 utilizzato e per i dieci anni successivi alla cessazione, in quanto termine per la prescrizione di eventuali azioni nei confronti del Titolare.<\/p><p>Qualora l\u2019applicazione venisse cancellata ed eliminata dal proprio dispositivo, tutti i relativi dati verranno immediatamente eliminati dal server del Titolare, senza possibilit\u00e0 di recuperarli. Se l\u2019Utente effettuer\u00e0 un nuovo accesso all\u2019applicazione, dovr\u00e0 nuovamente registrarsi come nuovo Utente, creando un nuovo account.<\/p><p><strong>\u00a0<\/strong><\/p><p><strong>SEZIONE 5 -DIRITTI DELL\u2019INTERESSATO <\/strong><\/p><p>In qualit\u00e0 di soggetto Interessato Lei potr\u00e0 esercitare, in qualsiasi momento, nei confronti del Titolare i diritti previsti dal Regolamento di seguito elencati, inviando un\u2019apposita richiesta per iscritto all\u2019indirizzo email <a style=\"color: #93814f;\">info.italia@pronokalgroup.com<\/a> o all\u2019indirizzo di posta elettronica certificata <a style=\"color: #93814f;\">pec@menopeso.info<\/a>; a mezzo posta all\u2019indirizzo S.D.M. s.r.l. Savigliano, via dell\u2019Artigianato n. 45.<\/p><p>Con le stesse modalit\u00e0 Lei potr\u00e0 revocare in qualsiasi momento i consensi espressi con la presente Informativa.<\/p><p>Le eventuali comunicazioni e le azioni intraprese dal Titolare, a fronte dell\u2019esercizio dei diritti di seguito elencati, saranno effettuate gratuitamente. Tuttavia, se le Sue richieste sono manifestamente infondate o eccessive, in particolare per il loro carattere ripetitivo, il Titolare potr\u00e0 addebitarle un contributo spese, tenendo conto dei costi amministrativi sostenuti, oppure rifiutare di soddisfare le Sue richieste.<\/p><ol><li><strong> Diritto di accesso<\/strong><\/li><\/ol><p>Lei potr\u00e0 ottenere dal Titolare la conferma che sia o meno in corso un trattamento dei Suoi Dati Personali e, in tal caso, ottenere l&#8217;accesso ai Dati Personali ed alle informazioni previste dall\u2019art. 15 del Regolamento, tra le quali, a titolo esemplificativo: le finalit\u00e0 del trattamento, le categorie di Dati Personali trattati etc.<\/p><p>Qualora i Dati Personali siano trasferiti a un paese terzo o a un&#8217;organizzazione internazionale, Lei ha il diritto di essere informato dell&#8217;esistenza di garanzie adeguate relative al trasferimento.<\/p><p>Se richiesto, il Titolare Le potr\u00e0 fornire una copia dei Dati Personali oggetto di trattamento. Per le eventuali ulteriori copie il Titolare potr\u00e0 addebitarle un contributo spese ragionevole basato sui costi amministrativi. Se la richiesta in questione \u00e8 presentata mediante mezzi elettronici, e salvo diversa indicazione, le informazioni Le verranno fornite dal Titolare in un formato elettronico di uso comune.<\/p><ol start=\"2\"><li><strong> Diritto di rettifica<\/strong><\/li><\/ol><p>Lei potr\u00e0 ottenere dal Titolare la rettifica dei Suoi Dati Personali che risultano inesatti come pure, tenuto conto delle finalit\u00e0 del trattamento, l\u2019integrazione degli stessi, qualora risultino incompleti, fornendo una dichiarazione integrativa.<\/p><ol start=\"3\"><li><strong> Diritto alla cancellazione<\/strong><\/li><\/ol><p>Lei potr\u00e0 ottenere dal Titolare la cancellazione dei Suoi Dati Personali, se sussiste uno dei motivi previsti dall\u2019art. 17 del Regolamento, tra cui, a titolo esemplificativo, qualora i Dati Personali non sono pi\u00f9 necessari rispetto alle finalit\u00e0 per le quali sono stati raccolti o altrimenti trattati o qualora il consenso su cui si basa il trattamento dei Suoi Dati Personali \u00e8 stato da Lei revocato e non sussiste altro fondamento giuridico per il trattamento.<\/p><p>La informiamo che il Titolare non potr\u00e0 procedere alla cancellazione dei Suoi Dati Personali: qualora il loro trattamento sia necessario, ad esempio, per l&#8217;adempimento di un obbligo di legge, per motivi di interesse pubblico, per l&#8217;accertamento, l&#8217;esercizio o la difesa di un diritto in sede giudiziaria.<\/p><ol start=\"4\"><li><strong> Diritto di limitazione di trattamento<\/strong><\/li><\/ol><p>Lei potr\u00e0 ottenere la limitazione del trattamento dei Suoi Dati Personali qualora ricorra una delle ipotesi previste dall\u2019art. 18 del Regolamento, tra le quali, ad esempio: a fronte di una Sua contestazione circa l&#8217;esattezza dei Suoi Dati Personali oggetto di trattamento o qualora i Suoi Dati Personali le siano necessari per l&#8217;accertamento, l&#8217;esercizio o la difesa di un diritto in sede giudiziaria, bench\u00e9 il Titolare non ne abbia pi\u00f9 bisogno ai fini del trattamento.<\/p><ol start=\"5\"><li><strong> Diritto alla portabilit\u00e0 dei dati<\/strong><\/li><\/ol><p>Qualora il trattamento dei Suoi Dati Personali si basi sul consenso o sia necessario per l\u2019esecuzione di un contratto o di misure precontrattuali e il trattamento sia effettuato con mezzi automatizzati, Lei potr\u00e0:<\/p><ul><li>richiedere di ricevere i Dati Personali da Lei forniti in un formato strutturato, di uso comune e leggibile da dispositivo automatico (esempio: computer e\/o tablet);<\/li><li>trasmettere i Suoi Dati Personali ricevuti ad un altro soggetto Titolare del trattamento senza impedimenti da parte del Titolare.<\/li><\/ul><p>Potr\u00e0 inoltre richiedere che i Suoi Dati Personali vengano trasmessi dal Titolare direttamente ad un altro soggetto titolare del trattamento da Lei indicato, se ci\u00f2 sia tecnicamente fattibile per il Titolare. In questo caso, sar\u00e0 Sua cura fornirci tutti gli estremi esatti del nuovo titolare del trattamento a cui intenda trasferire i Suoi Dati Personali, fornendoci apposita autorizzazione scritta.<\/p><ol start=\"6\"><li><strong> Diritto di opposizione <\/strong><\/li><\/ol><p>Lei potr\u00e0 opporsi in qualsiasi momento al trattamento dei Suoi Dati Personali qualora il trattamento venga effettuato per l\u2019esecuzione di un\u2019attivit\u00e0 di interesse pubblico o per il perseguimento di un interesse legittimo del Titolare (compresa l\u2019attivit\u00e0 di profilazione).<\/p><p>Qualora Lei decidesse di esercitare il diritto di opposizione qui descritto, il Titolare si asterr\u00e0 dal trattare ulteriormente i Suoi dati personali, a meno che non vi siano motivi legittimi per procedere al trattamento (motivi prevalenti sugli interessi, sui diritti e sulle libert\u00e0 dell&#8217;interessato), oppure il trattamento sia necessario per l&#8217;accertamento, l&#8217;esercizio o la difesa in giudizio di un diritto.<\/p><ol start=\"7\"><li><strong>Diritto di proporre un reclamo all\u2019Autorit\u00e0 Garante per la protezione dei dati personali<\/strong><\/li><\/ol><p>Fatto salvo il Suo diritto di ricorrere in ogni altra sede amministrativa o giurisdizionale, qualora ritenesse che il trattamento dei Suoi Dati Personali da parte del Titolare avvenga in violazione del Regolamento e\/o della normativa applicabile potr\u00e0 proporre reclamo all\u2019Autorit\u00e0 Garante per la Protezione dei dati personali competente.<\/p><p><strong>SEZIONE 6 \u2013 MISURE DI SICUREZZA <\/strong><\/p><p>Il Titolare applica misure di sicurezza tecniche, amministrative e organizzative per proteggere i dati contro la distruzione accidentale o illegale e la perdita, l&#8217;alterazione, la divulgazione o l&#8217;accesso non autorizzato, specialmente quando il trattamento comporta la trasmissione di dati in una rete e contro qualsiasi altra forma illegale di trattamento.<\/p><p><strong>\u00a0<\/strong><\/p><p><strong>SEZIONE 7 &#8211; MODIFICHE O MODIFICHE ALLA NOSTRA INFORMATIVA SULLA PRIVACY<\/strong><\/p><p>La presente informativa \u00e8 in vigore da febbraio 2021 ed \u00e8 soggetta a revisione ed adeguamento continui. Ogni volta che effettueremo una revisione che comporter\u00e0 modifiche per il trattamento dei Suoi dati personali lei ne sar\u00e0 informato attraverso l\u2019applicazione. La invitiamo a prendere visione della privacy policy del Titolare sul sito <a style=\"color: #93814f;\"><strong>pronokalprewpes.omatech.com\/it<\/strong><\/a><\/p>\t\t\t\t\t<\/div>\n\t\t\t\t\t\t<\/div>\n\t\t\t\t<\/div>\n\t\t\t\t\t\t<\/div>\n\t\t\t\t\t<\/div>\n\t\t<\/div>\n\t\t\t\t<div class=\"elementor-column elementor-col-33 elementor-top-column elementor-element elementor-element-79d848d\" data-id=\"79d848d\" data-element_type=\"column\">\n\t\t\t<div class=\"elementor-column-wrap\">\n\t\t\t\t\t\t\t<div class=\"elementor-widget-wrap\">\n\t\t\t\t\t\t\t\t<\/div>\n\t\t\t\t\t<\/div>\n\t\t<\/div>\n\t\t\t\t\t\t\t\t<\/div>\n\t\t\t\t\t<\/div>\n\t\t<\/section>\n\t\t\t\t\t\t\t\t\t<\/div>\n\t\t\t<\/div>\n\t\t\t\t\t<\/div>\n\t\t","protected":false},"excerpt":{"rendered":"CONNECT PRIVACY INFORMATIVA NEI CONFRONTI DI PERSONE FISICHE AI SENSI DELL\u2019ART. 13 E 14 DEL REGOLAMENTO (UE) 2016\/679 DEL PARLAMENTO EUROPEO E DEL CONSIGLIO DEL 27 APRILE 2016 (DI SEGUITO L\u2019\u201dINFORMATIVA\u201d) Il Regolamento sulla \u201cprotezione delle persone fisiche con riguardo al trattamento dei dati personali, nonch\u00e9 alla libera circolazione di tali dati\u201d (di seguito il [&hellip;]","protected":false},"author":5,"featured_media":0,"parent":0,"menu_order":0,"comment_status":"closed","ping_status":"closed","template":"","meta":[],"acf":[],"_links":{"self":[{"href":"https:\/\/pronokalprewpes.omatech.com\/it\/wp-json\/wp\/v2\/pages\/13880"}],"collection":[{"href":"https:\/\/pronokalprewpes.omatech.com\/it\/wp-json\/wp\/v2\/pages"}],"about":[{"href":"https:\/\/pronokalprewpes.omatech.com\/it\/wp-json\/wp\/v2\/types\/page"}],"author":[{"embeddable":true,"href":"https:\/\/pronokalprewpes.omatech.com\/it\/wp-json\/wp\/v2\/users\/5"}],"replies":[{"embeddable":true,"href":"https:\/\/pronokalprewpes.omatech.com\/it\/wp-json\/wp\/v2\/comments?post=13880"}],"version-history":[{"count":3,"href":"https:\/\/pronokalprewpes.omatech.com\/it\/wp-json\/wp\/v2\/pages\/13880\/revisions"}],"predecessor-version":[{"id":13885,"href":"https:\/\/pronokalprewpes.omatech.com\/it\/wp-json\/wp\/v2\/pages\/13880\/revisions\/13885"}],"wp:attachment":[{"href":"https:\/\/pronokalprewpes.omatech.com\/it\/wp-json\/wp\/v2\/media?parent=13880"}],"curies":[{"name":"wp","href":"https:\/\/api.w.org\/{rel}","templated":true}]}}