{"id":16023,"date":"2022-02-28T09:14:24","date_gmt":"2022-02-28T07:14:24","guid":{"rendered":"https:\/\/pronokalprewpes.omatech.com\/it\/?page_id=16023"},"modified":"2022-02-28T09:18:13","modified_gmt":"2022-02-28T07:18:13","slug":"informativa-sulla-privacy-whatsapp","status":"publish","type":"page","link":"https:\/\/pronokalprewpes.omatech.com\/it\/informativa-sulla-privacy-whatsapp\/","title":{"rendered":"Informativa sulla privacy Whatsapp"},"content":{"rendered":"\t\t<div data-elementor-type=\"wp-post\" data-elementor-id=\"16023\" class=\"elementor elementor-16023\">\n\t\t\t\t\t\t<div class=\"elementor-inner\">\n\t\t\t\t<div class=\"elementor-section-wrap\">\n\t\t\t\t\t\t\t\t\t<section class=\"elementor-section elementor-top-section elementor-element elementor-element-9806ab4 elementor-section-boxed elementor-section-height-default elementor-section-height-default\" data-id=\"9806ab4\" data-element_type=\"section\">\n\t\t\t\t\t\t<div class=\"elementor-container elementor-column-gap-default\">\n\t\t\t\t\t\t\t<div class=\"elementor-row\">\n\t\t\t\t\t<div class=\"elementor-column elementor-col-100 elementor-top-column elementor-element elementor-element-da0f975\" data-id=\"da0f975\" data-element_type=\"column\">\n\t\t\t<div class=\"elementor-column-wrap elementor-element-populated\">\n\t\t\t\t\t\t\t<div class=\"elementor-widget-wrap\">\n\t\t\t\t\t\t<div class=\"elementor-element elementor-element-2bfabcd elementor-widget elementor-widget-heading\" data-id=\"2bfabcd\" data-element_type=\"widget\" data-widget_type=\"heading.default\">\n\t\t\t\t<div class=\"elementor-widget-container\">\n\t\t\t<h1 class=\"elementor-heading-title elementor-size-default\">INFORMATIVA SULLA PRIVACY WHATSAPP<\/h1>\t\t<\/div>\n\t\t\t\t<\/div>\n\t\t\t\t\t\t<\/div>\n\t\t\t\t\t<\/div>\n\t\t<\/div>\n\t\t\t\t\t\t\t\t<\/div>\n\t\t\t\t\t<\/div>\n\t\t<\/section>\n\t\t\t\t<section class=\"elementor-section elementor-top-section elementor-element elementor-element-6c79a64 elementor-section-boxed elementor-section-height-default elementor-section-height-default\" data-id=\"6c79a64\" data-element_type=\"section\">\n\t\t\t\t\t\t<div class=\"elementor-container elementor-column-gap-default\">\n\t\t\t\t\t\t\t<div class=\"elementor-row\">\n\t\t\t\t\t<div class=\"elementor-column elementor-col-33 elementor-top-column elementor-element elementor-element-1933392\" data-id=\"1933392\" data-element_type=\"column\">\n\t\t\t<div class=\"elementor-column-wrap\">\n\t\t\t\t\t\t\t<div class=\"elementor-widget-wrap\">\n\t\t\t\t\t\t\t\t<\/div>\n\t\t\t\t\t<\/div>\n\t\t<\/div>\n\t\t\t\t<div class=\"elementor-column elementor-col-33 elementor-top-column elementor-element elementor-element-3ee600d\" data-id=\"3ee600d\" data-element_type=\"column\">\n\t\t\t<div class=\"elementor-column-wrap elementor-element-populated\">\n\t\t\t\t\t\t\t<div class=\"elementor-widget-wrap\">\n\t\t\t\t\t\t<div class=\"elementor-element elementor-element-eb4445a elementor-widget elementor-widget-text-editor\" data-id=\"eb4445a\" data-element_type=\"widget\" data-widget_type=\"text-editor.default\">\n\t\t\t\t<div class=\"elementor-widget-container\">\n\t\t\t\t\t\t\t\t<div class=\"elementor-text-editor elementor-clearfix\">\n\t\t\t\t<p><strong>INFORMATIVA <\/strong><strong>PER LE<\/strong><strong> PERSONE FISICHE <\/strong><strong>EX <\/strong><strong>ART. 13 E 14 DEL REGOLAMENTO (UE) 2016\/679 DEL PARLAMENTO EUROPEO E DEL CONSIGLIO DEL 27 APRILE 2016 <\/strong><\/p><p>\u00a0<\/p><p><strong>SEZIONE 1 &#8211; IDENTIT\u00c0 E DATI DI CONTATTO DEL TITOLARE DEL TRATTAMENTO E DEL DPO <\/strong><\/p><p>S.D.M. srl unipersonale Societ\u00e0 soggetta all\u2019attivit\u00e0 di direzione e coordinamento da parte della Pronokal Health Group S.L., Via dell&#8217;Artigianato 45 Savigliano (CN) P.IVA: IT0760762096 (di seguito solo \u201cSDM\u201d o Titolare), in qualit\u00e0 di Titolare del trattamento tratta i Suoi dati personali (di seguito i \u201cDati Personali\u201d) per le finalit\u00e0 indicate nella Sezione 2.<\/p><p>Per ulteriori informazioni puoi visitare il sito Internet pronokalprewpes.omatech.com\/it e, in particolare, la sezione \u201cPrivacy\u201d con tutte le informazioni concernenti l\u2019utilizzo ed il trattamento dei Dati Personali, le informazioni aggiornate in merito ai contatti ed ai canali di comunicazione resi disponibili a tutti gli Interessati.<\/p><p>Il Data Protection Officer \u00e8 l\u2019avvocato Luisa Di Giacomo con studio in Torino, corso Matteotti n. 44, contattabile al numero 011. 5623588, all\u2019indirizzo di posta elettronica <a href=\"mailto:digiacomo@luisadigiacomo.it\">digiacomo@luisadigiacomo.it<\/a> oppure all\u2019indirizzo pec<\/p><p><a href=\"mailto:luisaannamariadigiacomo@pec.ordineavvocatitorino.it\">luisaannamariadigiacomo@pec.ordineavvocatitorino.it<\/a><\/p><p>\u00a0<\/p><p><strong>SEZIONE 2 &#8211; CATEGORIE DEI DATI PERSONALI, FINALIT\u00c0 E BASE GIURIDICA DEL TRATTAMENTO<\/strong><\/p><p><u>Categorie di Dati Personali<\/u><\/p><p>La presente privacy policy regola il trattamento dei dati che vengono trattati attraverso WhatsApp Business, al fine di semplificare la gestione dei servizi e migliorare le comunicazioni tra gli utenti ed i medici prescrittori.<\/p><p>Attraverso WhatsApp Business vengono trattati alcuni tuoi dati forniti volontariamente.<\/p><p><u>Finalit\u00e0 e base giuridica del trattamento<\/u><\/p><p>I Dati Personali che ti riguardano, da te comunicati al Titolare attraverso WhatsApp Business sono trattati dal Titolare allo scopo di comunicare con lei attraverso questa applicazione per ottimizzare la gestione dei servizi contrattati e migliorare le comunicazioni con lei, per cui chiediamo il suo consenso esplicito. Potete trovare maggiori informazioni su: <a href=\"https:\/\/pronokalprewpes.omatech.com\/it\/informativa-sulla-privacy\/\">https:\/\/pronokalprewpes.omatech.com\/it\/informativa-sulla-privacy\/<\/a> \u00a0<\/p><p>Il mancato consenso implica l\u2019impossibilit\u00e0 di comunicare con te tramite WhatsApp Business, ma non pregiudica l\u2019applicazione e fruizione del trattamento PNK.<\/p><p>Il consenso potr\u00e0 essere revocato in ogni momento scrivendo a privacy.italia@pronokalgroup.com, ai recapiti del DPO indicati alla Sezione 1 della presente informativa, ovvero a mezzo posta all\u2019indirizzo S.D.M. s.r.l. Savigliano, via dell\u2019Artigianato n. 45.<\/p><p>Dal momento della revoca del consenso, non potrai pi\u00f9 essere contattato tramite messaggistica istantanea.<\/p><p><strong>SEZIONE 3 &#8211; CATEGORIE DI DESTINATARI AI QUALI I TUOI DATI PERSONALI POTRANNO ESSERE COMUNICATI<\/strong><strong>. <\/strong><\/p><p>Per il perseguimento delle finalit\u00e0 sopra indicate potrebbe essere necessario che il Titolare comunichi i tuoi Dati Personali alle seguenti categorie di destinatari:<\/p><p>1) Soggetti terzi operanti all\u2019interno dell\u2019Unione Europea che trattano i tuoi Dati Personali nell\u2019ambito delle attivit\u00e0 svolte dal Titolare, quali a titolo esemplificativo medici prescrittori e nutrizionisti.<\/p><p>2) Societ\u00e0 di gestione dell\u2019app WhatsApp Business. A questo proposito ti informiamo che la societ\u00e0 che gestisce detta app \u00e8 WhatsApp Ireland Limited, i cui termini di utilizzo e privacy policy sono reperibili a questi link:<\/p><p><a href=\"https:\/\/www.whatsapp.com\/legal\/business-terms\/\">https:\/\/www.whatsapp.com\/legal\/business-terms\/<\/a><\/p><p><a href=\"https:\/\/www.whatsapp.com\/legal\/business-data-processing-terms\">https:\/\/www.whatsapp.com\/legal\/business-data-processing-terms<\/a><\/p><p>I soggetti terzi cui possono essere comunicati i tuoi Dati Personali agiscono quali: 1) Titolari del trattamento, ossia soggetti che determinano le finalit\u00e0 ed i mezzi del trattamento dei Dati Personali; 2) Responsabili del trattamento, ossia soggetti che trattano i Dati Personali per conto del Titolare o 3) Contitolari del trattamento che determinano congiuntamente al Titolare le finalit\u00e0 ed i mezzi dello stesso.<\/p><p><strong>\u00a0<\/strong><\/p><p><strong>SEZIONE 4 &#8211; TRASFERIMENTI ALL\u2019ESTERO <\/strong><\/p><p>Alcuni dei tuoi Dati Personali sono trasferiti a Destinatari che si potrebbero trovare al di fuori dello Spazio Economico Europeo. Il Titolare assicura che il trattamento dei tuoi Dati Personali da parte dei Destinatari avviene nel rispetto della Normativa Applicabile. Invero, i trasferimenti si basano sul tuo consenso libero, inequivocabile e informato.<\/p><p>WhatsApp Ireland Limited, le cui misure tecniche di sicurezza garantiscono la riservatezza, l&#8217;integrit\u00e0 e la disponibilit\u00e0 delle tue informazioni, come indicato nella propria politica sulla privacy.<\/p><p><strong>\u00a0<\/strong><\/p><p><strong>SEZIONE <\/strong><strong>5<\/strong><strong> &#8211; MODALIT\u00c0 DI TRATTAMENTO E TEMPI DI CONSERVAZIONE DEI DATI PERSONALI<\/strong><\/p><p>Il trattamento dei tuoi Dati Personali avviene mediante WhatsApp Business e in modo da garantire la sicurezza e la riservatezza dei dati stessi (crittografia end-to-end).<\/p><p>I tuoi Dati Personali sono conservati, per un periodo di tempo non superiore a quello necessario al conseguimento delle finalit\u00e0 per le quali essi sono trattati, fatti salvi i termini di conservazione previsti dalla legge. In particolare i tuoi Dati Personali sono conservati in via generale per il periodo di durata del trattamento PNK, o fino a revoca del tuo consenso.<\/p><p>\u00a0<\/p><p><strong>SEZIONE <\/strong><strong>6<\/strong><strong> &#8211; DIRITTI DELL\u2019INTERESSATO <\/strong><\/p><p>Nei limiti della Normativa Applicabile, hai il diritto di chiedere al Titolare in qualunque momento, l\u2019accesso ai tuoi Dati Personali, la rettifica o la cancellazione degli stessi o di opporti al loro trattamento, la limitazione del trattamento nonch\u00e9 di ottenere in un formato strutturato, di uso comune e leggibile da dispositivo automatico i dati che ti riguardano.<\/p><p>Le richieste vanno rivolte a privacy.italia@pronokalgroup.com, ai recapiti del DPO indicati alla Sezione 1 della presente informativa, ovvero a mezzo posta all\u2019indirizzo S.D.M. s.r.l. Savigliano, via dell\u2019Artigianato n. 45.<\/p><p>Ai sensi della Normativa Applicabile, hai in ogni caso il diritto di proporre reclamo all\u2019autorit\u00e0 di controllo competente (Garante per la Protezione dei Dati Personali) qualora ritenessi che il trattamento dei tuoi Dati Personali sia contrario alla normativa vigente.<\/p><ol><li>Diritto di accesso<\/li><\/ol><p>Potrai ottenere dal Titolare la conferma che sia o meno in corso un trattamento dei tuoi Dati Personali e, in tal caso, ottenere l\u2019accesso ai Dati Personali ed alle informazioni previste dall\u2019art. 15 del Regolamento, tra le quali, a titolo esemplificativo: le finalit\u00e0 del trattamento, le categorie di Dati Personali trattati etc.<\/p><p>Qualora i Dati Personali siano trasferiti a un paese terzo o a un\u2019organizzazione internazionale, hai il diritto di essere informato dell\u2019esistenza di garanzie adeguate relative al trasferimento.<\/p><p>Se richiesto, il Titolare ti potr\u00e0 fornire una copia dei Dati Personali oggetto di trattamento. Per le eventuali ulteriori copie il Titolare potr\u00e0 addebitarti un contributo spese ragionevole basato sui costi amministrativi. Se la richiesta in questione \u00e8 presentata mediante mezzi elettronici, e salvo diversa indicazione, le informazioni ti verranno fornite dal Titolare in un formato elettronico di uso comune.<\/p><ol start=\"2\"><li>Diritto di rettifica<\/li><\/ol><p>Potrai ottenere dal Titolare la rettifica dei tuoi Dati Personali che risultano inesatti come pure, tenuto conto delle finalit\u00e0 del trattamento, l\u2019integrazione degli stessi, qualora risultino incompleti, fornendo una dichiarazione integrativa.<\/p><ol start=\"3\"><li>Diritto alla cancellazione<\/li><\/ol><p>Potrai ottenere dal Titolare la cancellazione dei tuoi Dati Personali, se sussiste uno dei motivi previsti dall\u2019art. 17 del Regolamento, tra cui, a titolo esemplificativo, qualora i Dati Personali non sono pi\u00f9 necessari rispetto alle finalit\u00e0 per le quali sono stati raccolti o altrimenti trattati o qualora il consenso su cui si basa il trattamento dei tuoi Dati Personali \u00e8 stato revocato e non sussiste altro fondamento giuridico per il trattamento.<\/p><p>Ti informiamo che il Titolare non potr\u00e0 procedere alla cancellazione dei tuoi Dati Personali: qualora il loro trattamento sia necessario, ad esempio, per l\u2019adempimento di un obbligo di legge, per motivi di interesse pubblico, per l\u2019accertamento, l\u2019esercizio o la difesa di un diritto in sede giudiziaria.<\/p><ol start=\"4\"><li>Diritto di limitazione di trattamento<\/li><\/ol><p>Potrai ottenere la limitazione del trattamento dei tuoi Dati Personali qualora ricorra una delle ipotesi previste dall\u2019art. 18 del Regolamento, tra le quali, ad esempio: a fronte di una tua contestazione circa l\u2019esattezza dei tuoi Dati Personali oggetto di trattamento o qualora i tuoi Dati Personali ti siano necessari per l\u2019accertamento, l\u2019esercizio o la difesa di un diritto in sede giudiziaria, bench\u00e9 il Titolare non ne abbia pi\u00f9 bisogno ai fini del trattamento.<\/p><ol start=\"5\"><li>Diritto alla portabilit\u00e0 dei dati<\/li><\/ol><p>Qualora il trattamento dei tuoi Dati Personali si basi sul consenso o sia necessario per l\u2019esecuzione di un contratto o di misure precontrattuali e il trattamento sia effettuato con mezzi automatizzati, potrai:<\/p><p>&#8211; richiedere di ricevere i Dati Personali da te forniti in un formato strutturato, di uso comune e leggibile da dispositivo automatico (esempio: computer e\/o tablet);<\/p><p>&#8211; trasmettere i tuoi Dati Personali ricevuti ad un altro soggetto Titolare del trattamento senza impedimenti da parte del Titolare.<\/p><p>Potrai inoltre richiedere che i tuoi Dati Personali vengano trasmessi dal Titolare direttamente ad un altro soggetto titolare del trattamento da te indicato, se ci\u00f2 sia tecnicamente fattibile per il Titolare. In questo caso, sar\u00e0 tua cura fornirci tutti gli estremi esatti del nuovo titolare del trattamento a cui intenda trasferire i tuoi Dati Personali, fornendoci apposita autorizzazione scritta.<\/p><ol start=\"6\"><li>Diritto di opposizione<\/li><\/ol><p>Potrai opporti in qualsiasi momento al trattamento dei tuoi Dati Personali qualora il trattamento venga effettuato per l\u2019esecuzione di un\u2019attivit\u00e0 di interesse pubblico o per il perseguimento di un interesse legittimo del Titolare (compresa l\u2019attivit\u00e0 di profilazione).<\/p><p>Qualora decidessi di esercitare il diritto di opposizione qui descritto, il Titolare si asterr\u00e0 dal trattare ulteriormente i tuoi dati personali, a meno che non vi siano motivi legittimi per procedere al trattamento (motivi prevalenti sugli interessi, sui diritti e sulle libert\u00e0 dell\u2019interessato), oppure il trattamento sia necessario per l\u2019accertamento, l\u2019esercizio o la difesa in giudizio di un diritto.<\/p><ol start=\"7\"><li>Diritto di proporre un reclamo all\u2019Autorit\u00e0 Garante per la protezione dei dati personali<\/li><\/ol><p>Fatto salvo il Suo diritto di ricorrere in ogni altra sede amministrativa o giurisdizionale, qualora ritenesse che il trattamento dei tuoi Dati Personali da parte del Titolare avvenga in violazione del Regolamento e\/o della normativa applicabile potr\u00e0 proporre reclamo all\u2019Autorit\u00e0 Garante per la Protezione dei dati personali competente.<\/p><p>Per qualsiasi richiesta o informazione ti puoi rivolgere al Titolare ai recapiti sopra riportati.<\/p><p>Con le stesse modalit\u00e0 potrai revocare in qualsiasi momento i consensi espressi con la presente Informativa.<\/p><p>Le eventuali comunicazioni e le azioni intraprese dal Titolare, a fronte dell\u2019esercizio dei diritti di seguito elencati, saranno effettuate gratuitamente. Tuttavia, se le tue richieste sono manifestamente infondate o eccessive, in particolare per il loro carattere ripetitivo, il Titolare potr\u00e0 addebitarti un contributo spese, tenendo conto dei costi amministrativi sostenuti, oppure rifiutare di soddisfare le tue richieste.<\/p><p>\u00a0<\/p><p>CONSENSO:<\/p><p>Letta e compresa l\u2019informativa resami qui sopra, acconsento all\u2019utilizzo di WhatsApp Business per le finalit\u00e0 di cui all\u2019informativa stessa.<\/p>\t\t\t\t\t<\/div>\n\t\t\t\t\t\t<\/div>\n\t\t\t\t<\/div>\n\t\t\t\t\t\t<\/div>\n\t\t\t\t\t<\/div>\n\t\t<\/div>\n\t\t\t\t<div class=\"elementor-column elementor-col-33 elementor-top-column elementor-element elementor-element-2446eea\" data-id=\"2446eea\" data-element_type=\"column\">\n\t\t\t<div class=\"elementor-column-wrap\">\n\t\t\t\t\t\t\t<div class=\"elementor-widget-wrap\">\n\t\t\t\t\t\t\t\t<\/div>\n\t\t\t\t\t<\/div>\n\t\t<\/div>\n\t\t\t\t\t\t\t\t<\/div>\n\t\t\t\t\t<\/div>\n\t\t<\/section>\n\t\t\t\t\t\t\t\t\t<\/div>\n\t\t\t<\/div>\n\t\t\t\t\t<\/div>\n\t\t","protected":false},"excerpt":{"rendered":"INFORMATIVA SULLA PRIVACY WHATSAPP INFORMATIVA PER LE PERSONE FISICHE EX ART. 13 E 14 DEL REGOLAMENTO (UE) 2016\/679 DEL PARLAMENTO EUROPEO E DEL CONSIGLIO DEL 27 APRILE 2016 \u00a0 SEZIONE 1 &#8211; IDENTIT\u00c0 E DATI DI CONTATTO DEL TITOLARE DEL TRATTAMENTO E DEL DPO S.D.M. srl unipersonale Societ\u00e0 soggetta all\u2019attivit\u00e0 di direzione e coordinamento da [&hellip;]","protected":false},"author":5,"featured_media":0,"parent":0,"menu_order":0,"comment_status":"closed","ping_status":"closed","template":"","meta":[],"acf":[],"_links":{"self":[{"href":"https:\/\/pronokalprewpes.omatech.com\/it\/wp-json\/wp\/v2\/pages\/16023"}],"collection":[{"href":"https:\/\/pronokalprewpes.omatech.com\/it\/wp-json\/wp\/v2\/pages"}],"about":[{"href":"https:\/\/pronokalprewpes.omatech.com\/it\/wp-json\/wp\/v2\/types\/page"}],"author":[{"embeddable":true,"href":"https:\/\/pronokalprewpes.omatech.com\/it\/wp-json\/wp\/v2\/users\/5"}],"replies":[{"embeddable":true,"href":"https:\/\/pronokalprewpes.omatech.com\/it\/wp-json\/wp\/v2\/comments?post=16023"}],"version-history":[{"count":7,"href":"https:\/\/pronokalprewpes.omatech.com\/it\/wp-json\/wp\/v2\/pages\/16023\/revisions"}],"predecessor-version":[{"id":16032,"href":"https:\/\/pronokalprewpes.omatech.com\/it\/wp-json\/wp\/v2\/pages\/16023\/revisions\/16032"}],"wp:attachment":[{"href":"https:\/\/pronokalprewpes.omatech.com\/it\/wp-json\/wp\/v2\/media?parent=16023"}],"curies":[{"name":"wp","href":"https:\/\/api.w.org\/{rel}","templated":true}]}}