{"id":16861,"date":"2022-08-04T10:41:54","date_gmt":"2022-08-04T08:41:54","guid":{"rendered":"https:\/\/pronokalprewpes.omatech.com\/it\/?page_id=16861"},"modified":"2022-08-04T10:41:54","modified_gmt":"2022-08-04T08:41:54","slug":"segnala","status":"publish","type":"page","link":"https:\/\/pronokalprewpes.omatech.com\/it\/segnala\/","title":{"rendered":"Segnala"},"content":{"rendered":"<p>&nbsp;<\/p>\n<h1 style=\"padding-left: 120px;\"><strong><em>Speak Up:<\/em><\/strong><strong> il Canale di Segnalazioni del gruppo PronoKal<\/strong><\/h1>\n<p style=\"padding-left: 120px; padding-right: 120px;\">Per garantire il rispetto dei <a href=\"https:\/\/pronokalprewpes.omatech.com\/it\/wp-content\/uploads\/sites\/6\/2022\/08\/2_Corporate-Business-Principles-IT_c.pdf\" target=\"_blank\" rel=\"noopener\"><u>Principi Aziendali<\/u><\/a> che regolano PronoKal Group, cos\u00ec come il <a href=\"https:\/\/pronokalprewpes.omatech.com\/it\/wp-content\/uploads\/sites\/6\/2022\/08\/1_Code-of-Conduct-IT_c.pdf\" target=\"_blank\" rel=\"noopener\"><u>Codice di Condotta<\/u><\/a> dell\u2019azienda, mettiamo il nostro<strong> Canale di Segnalazioni <\/strong>(<strong><em>Speak Up<\/em><\/strong>) a disposizione dei nostri dipendenti, fornitori e clienti, in modo che, in caso di necessit\u00e0, possano <strong>segnalare eventuali violazioni o infrazioni delle predette norme<\/strong>.<\/p>\n<p style=\"padding-left: 120px; padding-right: 120px;\">Il nostro canale reclami, <strong>attivo 24 h e 365 giorni l\u2019anno<\/strong>, \u00e8 gestito da un fornitore esterno, il che ci permette di  <strong>garantire la massima riservatezza del segnalante<\/strong> e di assicurarne l&#8217;anonimato in ogni momento, a meno che non abbiamo il suo esplicito consenso.<\/p>\n<p>&nbsp;<\/p>\n<hr \/>\n<blockquote>\n<p style=\"padding-left: 120px; padding-right: 120px; text-align: center;\"><strong>IMPORTANTE! Se quello che vuoi \u00e8 presentare una segnalazione o un reclamo sui nostri prodotti e\/o servizi, dovrai farlo attraverso il <a href=\"https:\/\/pronokalprewpes.omatech.com\/it\/contatti\/\">Servizio Clienti<\/a>.<\/strong><\/p>\n<\/blockquote>\n<hr \/>\n<p>&nbsp;<\/p>\n<h2><\/h2>\n<h2 style=\"padding-left: 120px; padding-right: 120px;\"><strong>Como presentare una segnalazione?<\/strong><\/h2>\n<p style=\"padding-left: 120px; padding-right: 120px;\">Esistono due modi per presentare una segnalazione: Speak Up mediante modulo web o con chiamata telefonica (gratuita).<\/p>\n<p style=\"padding-left: 120px; padding-right: 120px;\">In entrambi i casi, la persona ricever\u00e0 un\u00a0<strong>numero identificativo<\/strong> che le consentir\u00e0 di monitorare lo stato della segnalazione e, se necessario, di fornire ulteriori informazioni per la risoluzione del caso.<\/p>\n<p>&nbsp;<\/p>\n<ul>\n<li style=\"list-style-type: none;\">\n<ul>\n<li style=\"list-style-type: none;\">\n<ul>\n<li style=\"list-style-type: none;\">\n<ul>\n<li style=\"list-style-type: none;\">\n<ul>\n<li><strong>SEGNALAZIONE TRAMITE MODULO WEB<br \/>\n<\/strong>Accesso tramite il seguente link: <a href=\"https:\/\/www.speakupfeedback.eu\/web\/A2VY73\/it\/select_language\/3b3\" target=\"_blank\" rel=\"noopener\">segnala qui<\/a><\/p>\n<p style=\"padding-left: 0px; padding-right: 120px;\">Per garantire un&#8217;efficace indagine sui fatti, \u00e8 importante <strong>fornire una descrizione dettagliata dell\u2019accaduto<\/strong> (chi, cosa, quando, come) <strong>e prove a sostegno<\/strong> dello stesso (ad esempio copie di documenti, screenshot o nomi di testimoni) che consentano di corroborare e contrastare i fatti riportati.<\/p>\n<\/li>\n<\/ul>\n<\/li>\n<\/ul>\n<\/li>\n<\/ul>\n<\/li>\n<\/ul>\n<\/li>\n<\/ul>\n<p>&nbsp;<\/p>\n<ul>\n<li style=\"list-style-type: none;\">\n<ul>\n<li style=\"list-style-type: none;\">\n<ul>\n<li style=\"list-style-type: none;\">\n<ul>\n<li style=\"list-style-type: none;\">\n<ul>\n<li><strong>SEGNALAZIONE TRAMITE CHIAMATA TELEFONICA<br \/>\n<\/strong>Chiama il <strong>800-787639<\/strong> inserire il codice di accesso 46570.<\/p>\n<p style=\"padding-left: 0px; padding-right: 120px;\">Alla chiamata non risponder\u00e0 un operatore, ma un sistema di segreteria vocale registrer\u00e0 la segnalazione presentata, che verr\u00e0 inoltrata alla persona incaricata di indagare sul caso.<\/p>\n<\/li>\n<\/ul>\n<\/li>\n<\/ul>\n<\/li>\n<\/ul>\n<\/li>\n<\/ul>\n<\/li>\n<\/ul>\n<p>&nbsp;<\/p>\n<p style=\"padding-left: 120px; padding-right: 120px;\">Da PronoKal Group ci impegniamo a <strong>\u00a0elaborare tutte le segnalazioni ricevute <\/strong>nel pi\u00f9 breve tempo possibile ed a prendere le misure appropriate per ogni caso. Allo stesso modo, garantiamo che la persona sar\u00e0 costantemente informata sull\u2019evoluzione della segnalazione.<\/p>\n<p>&nbsp;<\/p>\n<h2 style=\"padding-left: 120px; padding-right: 120px;\"><strong>Cosa succede dopo aver presentato una segnalazione?<\/strong><\/h2>\n<p style=\"padding-left: 120px; padding-right: 120px;\">Accedi <a href=\"https:\/\/pronokalprewpes.omatech.com\/it\/wp-content\/uploads\/sites\/6\/2022\/08\/Proceso-de-gestion-de-denuncias-IT_c.pdf\" target=\"_blank\" rel=\"noopener\"><strong><u>qui<\/u><\/strong><\/a> alle diverse fasi del processo.<\/p>\n","protected":false},"excerpt":{"rendered":"&nbsp; Speak Up: il Canale di Segnalazioni del gruppo PronoKal Per garantire il rispetto dei Principi Aziendali che regolano PronoKal Group, cos\u00ec come il Codice di Condotta dell\u2019azienda, mettiamo il nostro Canale di Segnalazioni (Speak Up) a disposizione dei nostri dipendenti, fornitori e clienti, in modo che, in caso di necessit\u00e0, possano segnalare eventuali violazioni [&hellip;]","protected":false},"author":5,"featured_media":0,"parent":0,"menu_order":0,"comment_status":"closed","ping_status":"closed","template":"","meta":[],"acf":[],"_links":{"self":[{"href":"https:\/\/pronokalprewpes.omatech.com\/it\/wp-json\/wp\/v2\/pages\/16861"}],"collection":[{"href":"https:\/\/pronokalprewpes.omatech.com\/it\/wp-json\/wp\/v2\/pages"}],"about":[{"href":"https:\/\/pronokalprewpes.omatech.com\/it\/wp-json\/wp\/v2\/types\/page"}],"author":[{"embeddable":true,"href":"https:\/\/pronokalprewpes.omatech.com\/it\/wp-json\/wp\/v2\/users\/5"}],"replies":[{"embeddable":true,"href":"https:\/\/pronokalprewpes.omatech.com\/it\/wp-json\/wp\/v2\/comments?post=16861"}],"version-history":[{"count":2,"href":"https:\/\/pronokalprewpes.omatech.com\/it\/wp-json\/wp\/v2\/pages\/16861\/revisions"}],"predecessor-version":[{"id":16866,"href":"https:\/\/pronokalprewpes.omatech.com\/it\/wp-json\/wp\/v2\/pages\/16861\/revisions\/16866"}],"wp:attachment":[{"href":"https:\/\/pronokalprewpes.omatech.com\/it\/wp-json\/wp\/v2\/media?parent=16861"}],"curies":[{"name":"wp","href":"https:\/\/api.w.org\/{rel}","templated":true}]}}