{"id":17056,"date":"2025-10-21T10:46:34","date_gmt":"2025-10-21T08:46:34","guid":{"rendered":"https:\/\/pronokalprewpes.omatech.com\/it\/?page_id=17056"},"modified":"2025-10-21T11:23:37","modified_gmt":"2025-10-21T09:23:37","slug":"accessibilita","status":"publish","type":"page","link":"https:\/\/pronokalprewpes.omatech.com\/it\/accessibilita\/","title":{"rendered":"Accessiblit\u00e0"},"content":{"rendered":"\t\t<div data-elementor-type=\"wp-post\" data-elementor-id=\"17056\" class=\"elementor elementor-17056\">\n\t\t\t\t\t\t<div class=\"elementor-inner\">\n\t\t\t\t<div class=\"elementor-section-wrap\">\n\t\t\t\t\t\t\t\t\t<section class=\"elementor-section elementor-top-section elementor-element elementor-element-be8b957 elementor-section-boxed elementor-section-height-default elementor-section-height-default\" data-id=\"be8b957\" data-element_type=\"section\">\n\t\t\t\t\t\t<div class=\"elementor-container elementor-column-gap-default\">\n\t\t\t\t\t\t\t<div class=\"elementor-row\">\n\t\t\t\t\t<div class=\"elementor-column elementor-col-100 elementor-top-column elementor-element elementor-element-7299242\" data-id=\"7299242\" data-element_type=\"column\">\n\t\t\t<div class=\"elementor-column-wrap elementor-element-populated\">\n\t\t\t\t\t\t\t<div class=\"elementor-widget-wrap\">\n\t\t\t\t\t\t<div class=\"elementor-element elementor-element-33f241d elementor-widget elementor-widget-heading\" data-id=\"33f241d\" data-element_type=\"widget\" data-widget_type=\"heading.default\">\n\t\t\t\t<div class=\"elementor-widget-container\">\n\t\t\t<h1 class=\"elementor-heading-title elementor-size-default\">Accessibilit\u00e0<\/h1>\t\t<\/div>\n\t\t\t\t<\/div>\n\t\t\t\t\t\t<\/div>\n\t\t\t\t\t<\/div>\n\t\t<\/div>\n\t\t\t\t\t\t\t\t<\/div>\n\t\t\t\t\t<\/div>\n\t\t<\/section>\n\t\t\t\t<section class=\"elementor-section elementor-top-section elementor-element elementor-element-522e8b1 elementor-section-boxed elementor-section-height-default elementor-section-height-default\" data-id=\"522e8b1\" data-element_type=\"section\">\n\t\t\t\t\t\t<div class=\"elementor-container elementor-column-gap-default\">\n\t\t\t\t\t\t\t<div class=\"elementor-row\">\n\t\t\t\t\t<div class=\"elementor-column elementor-col-16 elementor-top-column elementor-element elementor-element-cc2f7ed\" data-id=\"cc2f7ed\" data-element_type=\"column\">\n\t\t\t<div class=\"elementor-column-wrap\">\n\t\t\t\t\t\t\t<div class=\"elementor-widget-wrap\">\n\t\t\t\t\t\t\t\t<\/div>\n\t\t\t\t\t<\/div>\n\t\t<\/div>\n\t\t\t\t<div class=\"elementor-column elementor-col-66 elementor-top-column elementor-element elementor-element-f464169\" data-id=\"f464169\" data-element_type=\"column\">\n\t\t\t<div class=\"elementor-column-wrap elementor-element-populated\">\n\t\t\t\t\t\t\t<div class=\"elementor-widget-wrap\">\n\t\t\t\t\t\t<div class=\"elementor-element elementor-element-5608e05 elementor-widget elementor-widget-text-editor\" data-id=\"5608e05\" data-element_type=\"widget\" data-widget_type=\"text-editor.default\">\n\t\t\t\t<div class=\"elementor-widget-container\">\n\t\t\t\t\t\t\t\t<div class=\"elementor-text-editor elementor-clearfix\">\n\t\t\t\t<p><strong>Dichiarazione di accessibilit\u00e0 \u2013 Sito non conforme in fase di adeguamento<\/strong><\/p><p><strong>Premessa normativa<\/strong><\/p><p>Il presente sito \u00e8 soggetto alle disposizioni previste dal <strong>Decreto legislativo 82\/2022<\/strong>, che recepisce nell\u2019ordinamento italiano la <strong>Direttiva (UE) 2019\/882<\/strong> sull\u2019accessibilit\u00e0 dei prodotti e dei servizi (European Accessibility Act \u2013 <strong>EAA<\/strong>).<\/p><p>La normativa impone ai soggetti erogatori di servizi digitali al pubblico di garantire che i contenuti web siano <strong>accessibili anche da parte di utenti con disabilit\u00e0<\/strong>, nel rispetto dei <strong>principi di percepibilit\u00e0, operabilit\u00e0, comprensibilit\u00e0 e robustezza<\/strong>, secondo gli standard internazionali <strong>WCAG (Web Content Accessibility Guidelines), livello almeno AA<\/strong>.<\/p><p><strong>Stato di accessibilit\u00e0 attuale<\/strong><\/p><p>Alla data di pubblicazione della presente dichiarazione,<strong> il sito non soddisfa integralmente i requisiti tecnici e funzionali di accessibilit\u00e0 previsti dalla normativa vigente.<\/strong><\/p><p>L\u2019attuale infrastruttura tecnologica, cos\u00ec come la progettazione originaria del sito, non garantisce la piena fruibilit\u00e0 dei contenuti da parte di tutte le categorie di utenti, in particolare:<\/p><ul><li>utenti con disabilit\u00e0 visive o ipovedenti (es. assenza di descrizioni alternative per immagini, navigazione non compatibile con tecnologie assistive);<\/li><li>utenti con disabilit\u00e0 motorie (es. elementi interattivi non accessibili da tastiera);<\/li><li>utenti con disabilit\u00e0 cognitive o neurologiche (es. struttura del contenuto non lineare, linguaggio poco semplificato);<\/li><li>utenti con disabilit\u00e0 uditive (es. mancanza di trascrizioni per contenuti multimediali audio).<\/li><\/ul><p><strong>Impegno dell\u2019organizzazione<\/strong><\/p><p>La nostra organizzazione <strong>riconosce l\u2019accessibilit\u00e0 digitale come un valore fondamentale<\/strong> e si impegna a <strong>rendere questo sito conforme ai requisiti stabiliti dalla normativa europea e nazionale<\/strong>, attraverso un processo progressivo che coinvolge le seguenti azioni:<\/p><ul><li>pianificazione di un <strong>audit tecnico e legale completo<\/strong> secondo lo standard WCAG 2.1 (o superiore), livello AA;<\/li><li>avvio di un percorso di <strong>adeguamento dei contenuti e della struttura del sito<\/strong> per migliorarne l\u2019usabilit\u00e0 per tutti gli utenti, con e senza disabilit\u00e0;<\/li><li>adozione di <strong>soluzioni inclusive e compatibili con le tecnologie assistive;<\/strong><\/li><li>redazione e pubblicazione della <strong>dichiarazione di accessibilit\u00e0 conforme<\/strong>, non appena sar\u00e0 raggiunto un livello adeguato di compliance.<\/li><\/ul><p>Siamo consapevoli della rilevanza di questi temi non solo in ottica normativa, ma anche come espressione concreta di inclusivit\u00e0, responsabilit\u00e0 sociale e qualit\u00e0 del servizio digitale offerto.<\/p><p><strong>Segnalazioni e feedback<\/strong><\/p><p>Siamo disponibili a ricevere segnalazioni, richieste di supporto o suggerimenti migliorativi da parte degli utenti che incontrassero difficolt\u00e0 nella navigazione o nell\u2019accesso ai contenuti del sito.<\/p><p>\u00c8 possibile scrivere all\u2019indirizzo e-mail dedicato:<\/p><p><strong>legal@pronokalgroup.com<\/strong><\/p><p>Ogni comunicazione verr\u00e0 presa in carico con attenzione e, laddove possibile, verranno fornite <strong>soluzioni alternative<\/strong> per accedere ai contenuti richiesti.<\/p><p><strong>Meccanismo di ricorso<\/strong><\/p><p>In caso di mancata risposta o di risposta insoddisfacente entro i termini previsti, l\u2019utente pu\u00f2 presentare segnalazione all\u2019<strong>Agenzia per l\u2019Italia Digitale (AGID),<\/strong> autorit\u00e0 nazionale competente in materia di accessibilit\u00e0 digitale:<\/p><p>\ud83d\udd17 <a href=\"https:\/\/www.agid.gov.it\/it\/design-servizi\/accessibilita\" target=\"_blank\" rel=\"noopener\">https:\/\/www.agid.gov.it\/it\/design-servizi\/accessibilita<\/a><\/p><p><strong>Data della dichiarazione<\/strong><\/p><p>La presente dichiarazione \u00e8 stata redatta in data <strong>1\u00b0 ottobre 2025<\/strong> sulla base di <strong>autovalutazione interna<\/strong> e sar\u00e0 aggiornata non appena saranno disponibili i risultati dell\u2019audit tecnico e giuridico in corso.<\/p>\t\t\t\t\t<\/div>\n\t\t\t\t\t\t<\/div>\n\t\t\t\t<\/div>\n\t\t\t\t<div class=\"elementor-element elementor-element-69ba6cd elementor-widget-divider--view-line elementor-widget elementor-widget-divider\" data-id=\"69ba6cd\" data-element_type=\"widget\" data-widget_type=\"divider.default\">\n\t\t\t\t<div class=\"elementor-widget-container\">\n\t\t\t\t\t<div class=\"elementor-divider\">\n\t\t\t<span class=\"elementor-divider-separator\">\n\t\t\t\t\t\t<\/span>\n\t\t<\/div>\n\t\t\t\t<\/div>\n\t\t\t\t<\/div>\n\t\t\t\t\t\t<\/div>\n\t\t\t\t\t<\/div>\n\t\t<\/div>\n\t\t\t\t<div class=\"elementor-column elementor-col-16 elementor-top-column elementor-element elementor-element-2da8ba2\" data-id=\"2da8ba2\" data-element_type=\"column\">\n\t\t\t<div class=\"elementor-column-wrap\">\n\t\t\t\t\t\t\t<div class=\"elementor-widget-wrap\">\n\t\t\t\t\t\t\t\t<\/div>\n\t\t\t\t\t<\/div>\n\t\t<\/div>\n\t\t\t\t\t\t\t\t<\/div>\n\t\t\t\t\t<\/div>\n\t\t<\/section>\n\t\t\t\t<section class=\"elementor-section elementor-top-section elementor-element elementor-element-82f8aae elementor-section-boxed elementor-section-height-default elementor-section-height-default\" data-id=\"82f8aae\" data-element_type=\"section\">\n\t\t\t\t\t\t<div class=\"elementor-container elementor-column-gap-default\">\n\t\t\t\t\t\t\t<div class=\"elementor-row\">\n\t\t\t\t\t<div class=\"elementor-column elementor-col-100 elementor-top-column elementor-element elementor-element-45cbf6f\" data-id=\"45cbf6f\" data-element_type=\"column\" data-settings=\"{&quot;background_background&quot;:&quot;classic&quot;}\">\n\t\t\t<div class=\"elementor-column-wrap\">\n\t\t\t\t\t<div class=\"elementor-background-overlay\"><\/div>\n\t\t\t\t\t\t\t<div class=\"elementor-widget-wrap\">\n\t\t\t\t\t\t\t\t<\/div>\n\t\t\t\t\t<\/div>\n\t\t<\/div>\n\t\t\t\t\t\t\t\t<\/div>\n\t\t\t\t\t<\/div>\n\t\t<\/section>\n\t\t\t\t\t\t\t\t\t<\/div>\n\t\t\t<\/div>\n\t\t\t\t\t<\/div>\n\t\t","protected":false},"excerpt":{"rendered":"Accessibilit\u00e0 Dichiarazione di accessibilit\u00e0 \u2013 Sito non conforme in fase di adeguamento Premessa normativa Il presente sito \u00e8 soggetto alle disposizioni previste dal Decreto legislativo 82\/2022, che recepisce nell\u2019ordinamento italiano la Direttiva (UE) 2019\/882 sull\u2019accessibilit\u00e0 dei prodotti e dei servizi (European Accessibility Act \u2013 EAA). La normativa impone ai soggetti erogatori di servizi digitali al [&hellip;]","protected":false},"author":5,"featured_media":0,"parent":0,"menu_order":0,"comment_status":"closed","ping_status":"closed","template":"","meta":[],"acf":[],"_links":{"self":[{"href":"https:\/\/pronokalprewpes.omatech.com\/it\/wp-json\/wp\/v2\/pages\/17056"}],"collection":[{"href":"https:\/\/pronokalprewpes.omatech.com\/it\/wp-json\/wp\/v2\/pages"}],"about":[{"href":"https:\/\/pronokalprewpes.omatech.com\/it\/wp-json\/wp\/v2\/types\/page"}],"author":[{"embeddable":true,"href":"https:\/\/pronokalprewpes.omatech.com\/it\/wp-json\/wp\/v2\/users\/5"}],"replies":[{"embeddable":true,"href":"https:\/\/pronokalprewpes.omatech.com\/it\/wp-json\/wp\/v2\/comments?post=17056"}],"version-history":[{"count":23,"href":"https:\/\/pronokalprewpes.omatech.com\/it\/wp-json\/wp\/v2\/pages\/17056\/revisions"}],"predecessor-version":[{"id":17080,"href":"https:\/\/pronokalprewpes.omatech.com\/it\/wp-json\/wp\/v2\/pages\/17056\/revisions\/17080"}],"wp:attachment":[{"href":"https:\/\/pronokalprewpes.omatech.com\/it\/wp-json\/wp\/v2\/media?parent=17056"}],"curies":[{"name":"wp","href":"https:\/\/api.w.org\/{rel}","templated":true}]}}