{"id":38,"date":"2018-12-21T11:45:51","date_gmt":"2018-12-21T11:45:51","guid":{"rendered":"http:\/\/pronokal.com\/?page_id=38"},"modified":"2022-07-19T12:45:58","modified_gmt":"2022-07-19T10:45:58","slug":"informativa-sulla-privacy","status":"publish","type":"page","link":"https:\/\/pronokalprewpes.omatech.com\/it\/informativa-sulla-privacy\/","title":{"rendered":"Informativa sulla privacy"},"content":{"rendered":"\t\t<div data-elementor-type=\"wp-post\" data-elementor-id=\"38\" class=\"elementor elementor-38\">\n\t\t\t\t\t\t<div class=\"elementor-inner\">\n\t\t\t\t<div class=\"elementor-section-wrap\">\n\t\t\t\t\t\t\t\t\t<section class=\"elementor-section elementor-top-section elementor-element elementor-element-9806ab4 elementor-section-boxed elementor-section-height-default elementor-section-height-default\" data-id=\"9806ab4\" data-element_type=\"section\">\n\t\t\t\t\t\t<div class=\"elementor-container elementor-column-gap-default\">\n\t\t\t\t\t\t\t<div class=\"elementor-row\">\n\t\t\t\t\t<div class=\"elementor-column elementor-col-100 elementor-top-column elementor-element elementor-element-da0f975\" data-id=\"da0f975\" data-element_type=\"column\">\n\t\t\t<div class=\"elementor-column-wrap elementor-element-populated\">\n\t\t\t\t\t\t\t<div class=\"elementor-widget-wrap\">\n\t\t\t\t\t\t<div class=\"elementor-element elementor-element-2bfabcd elementor-widget elementor-widget-heading\" data-id=\"2bfabcd\" data-element_type=\"widget\" data-widget_type=\"heading.default\">\n\t\t\t\t<div class=\"elementor-widget-container\">\n\t\t\t<h1 class=\"elementor-heading-title elementor-size-default\">INFORMATIVA SULLA PRIVACY<\/h1>\t\t<\/div>\n\t\t\t\t<\/div>\n\t\t\t\t\t\t<\/div>\n\t\t\t\t\t<\/div>\n\t\t<\/div>\n\t\t\t\t\t\t\t\t<\/div>\n\t\t\t\t\t<\/div>\n\t\t<\/section>\n\t\t\t\t<section class=\"elementor-section elementor-top-section elementor-element elementor-element-6c79a64 elementor-section-boxed elementor-section-height-default elementor-section-height-default\" data-id=\"6c79a64\" data-element_type=\"section\">\n\t\t\t\t\t\t<div class=\"elementor-container elementor-column-gap-default\">\n\t\t\t\t\t\t\t<div class=\"elementor-row\">\n\t\t\t\t\t<div class=\"elementor-column elementor-col-33 elementor-top-column elementor-element elementor-element-1933392\" data-id=\"1933392\" data-element_type=\"column\">\n\t\t\t<div class=\"elementor-column-wrap\">\n\t\t\t\t\t\t\t<div class=\"elementor-widget-wrap\">\n\t\t\t\t\t\t\t\t<\/div>\n\t\t\t\t\t<\/div>\n\t\t<\/div>\n\t\t\t\t<div class=\"elementor-column elementor-col-33 elementor-top-column elementor-element elementor-element-3ee600d\" data-id=\"3ee600d\" data-element_type=\"column\">\n\t\t\t<div class=\"elementor-column-wrap elementor-element-populated\">\n\t\t\t\t\t\t\t<div class=\"elementor-widget-wrap\">\n\t\t\t\t\t\t<div class=\"elementor-element elementor-element-eb4445a elementor-widget elementor-widget-text-editor\" data-id=\"eb4445a\" data-element_type=\"widget\" data-widget_type=\"text-editor.default\">\n\t\t\t\t<div class=\"elementor-widget-container\">\n\t\t\t\t\t\t\t\t<div class=\"elementor-text-editor elementor-clearfix\">\n\t\t\t\t<p>NFORMATIVA NEI CONFRONTI DI PERSONE FISICHE AI SENSI DELL\u2019ART. 13 E 14 DEL REGOLAMENTO (UE) 2016\/679 DEL PARLAMENTO EUROPEO E DEL CONSIGLIO DEL 27 APRILE 2016 (DI SEGUITO L\u2019\u201dINFORMATIVA\u201d)<\/p><p>\u00a0<\/p><p>\u00a0<\/p><p>S.D.M. srl unipersonale Societ\u00e0 soggetta all\u2019attivit\u00e0 di direzione e coordinamento da parte di Pronokal Health Group S.L., Via dell&#8217;Artigianato 45 Savigliano (CN) P.IVA: IT0760762096 (di seguito solo Titolare), in qualit\u00e0 di Titolare del trattamento dei dati personali ai sensi del d. lgs. 196\/2003 e successive modifiche \u2013 Codice in materia di protezione dei dati personali (\u201cCodice Privacy\u201d) \u2013 e del Regolamento UE 679\/2016 \u2013 Regolamento Generale sulla Protezione dei Dati (\u201cRGPD\u201d) ti informa che il trattamento dei tuoi dati personali sar\u00e0 improntato ai principi di liceit\u00e0, correttezza, trasparenza, limitazione delle finalit\u00e0 e della conservazione, minimizzazione dei dati, esattezza, integrit\u00e0 e riservatezza.<\/p><ol><li>TITOLARE E DATA PROTECTION OFFICER<\/li><\/ol><p>Il Titolare del Trattamento \u00e8 S.D.M. srl unipersonale Societ\u00e0 soggetta all\u2019attivit\u00e0 di direzione e coordinamento da parte di Pronokal Health Group S.L., Via dell&#8217;Artigianato 45 Savigliano (CN) P.IVA: IT0760762096, i cui dati sono riportati sul sito internet nella Home Page e\/o in altre pagine web del medesimo.<\/p><p>Il Data Protection Officer \u00e8 l\u2019avv. Luisa Annamaria DI Giacomo, con studio in Torino, corso Matteotti n. 44, contattabile all\u2019indirizzo <a href=\"mailto:digiacomo@luisadigiacomo.it\">digiacomo@luisadigiacomo.it<\/a> ed alla pec <a href=\"mailto:luisaannamariadigiacomo@pec.ordineavvocatitorino.it\">luisaannamariadigiacomo@pec.ordineavvocatitorino.it<\/a><\/p><ol start=\"2\"><li>DATI PERSONALI OGGETTO DI TRATTAMENTO, FINALITA\u2019, BASE GIURIDICA E NATURA OBBLIGATORIA O FACOLTATIVA DEL TRATTAMENTO<\/li><\/ol><p>Per \u201cDato Personale\u201d si intende qualsiasi informazione riguardante una persona fisica identificata o identificabile con particolare riferimento a un identificativo come il nome, un numero di identificazione, dati relativi all\u2019ubicazione, un identificativo online o a uno o pi\u00f9 elementi caratteristici della sua identit\u00e0 fisica, fisiologica, psichica, economica, culturale o sociale.<\/p><p>\u00a0I Dati Personali raccolti dal Sito sono i seguenti:<\/p><ul><li>Dati di navigazione<\/li><\/ul><p>I sistemi informatici del Sito raccolgono alcuni Dati Personali la cui trasmissione \u00e8 implicita nell\u2019uso dei protocolli di comunicazione di Internet. Si tratta di informazioni che non sono raccolte per essere associate a te, ma che per loro stessa natura potrebbero, attraverso elaborazioni ed associazioni con dati detenuti da terzi, permettere di identificarti. Tra questi ci sono gli indirizzi IP o i nomi a dominio dei dispositivi utilizzati per connetterti al Sito, gli indirizzi in notazione URI (Uniform Resource Identifier) delle risorse richieste, l\u2019orario della richiesta, il metodo utilizzato nel sottoporre la richiesta al server, la dimensione del file ottenuto in risposta, il codice numerico indicante lo stato della risposta data dal server (buon fine, errore, ecc.) ed altri parametri relativi al tuo sistema operativo e ambiente informatico.<\/p><p>Questi dati vengono utilizzati al fine di ricavare informazioni statistiche anonime sull\u2019uso del Sito e per controllarne il corretto funzionamento; per permettere \u2013 vista l\u2019architettura dei sistemi utilizzati \u2013 la corretta erogazione delle varie funzionalit\u00e0 da te richieste, per ragioni di sicurezza e di accertamento di responsabilit\u00e0 in caso di ipotetici reati informatici ai danni del Sito o di terzi e vengono cancellati dopo 7 giorni, in ogni caso tali dati sono conservati dal Titolare del sito per il periodo strettamente necessario e comunque in conformit\u00e0 alle vigenti disposizioni normative in materia.<\/p><ul><li>Dati forniti volontariamente<\/li><\/ul><p>Attraverso il Sito hai la possibilit\u00e0 di fornire volontariamente Dati Personali come il nome e l\u2019indirizzo e-mail per l\u2019iscrizione al servizio di newsletter o per contattare il Titolare attraverso il form \u201cContattaci\u201d o altri servizi similari. Sei libero di fornire o meno i tuoi dati personali, ma il loro mancato conferimento potrebbe comportare l\u2019impossibilit\u00e0 di ottenere il servizio richiesto.<\/p><p>Il Titolare tratter\u00e0 questi dati nel rispetto della Normativa Applicabile, assumendo che siano riferiti a te o a terzi soggetti che ti hanno espressamente autorizzato a conferirli in base ad un\u2019idonea base giuridica che legittima il trattamento dei dati in questione. Rispetto a tale ultima ipotesi, ti poni come autonomo titolare del trattamento, assumendoti tutti gli obblighi e le responsabilit\u00e0 di legge. In tal senso, conferisci sul punto la pi\u00f9 ampia manleva rispetto ad ogni contestazione, pretesa, richiesta di risarcimento del danno da trattamento, etc. che dovesse pervenire al Titolare da terzi soggetti i cui Dati Personali siano stati trattati attraverso il tuo utilizzo del Sito in violazione della Normativa Applicabile.<\/p><ul><li>Cookie e tecnologie affini<\/li><\/ul><p>Il Titolare raccoglie Dati Personali attraverso cookies. Maggiori informazioni sull\u2019uso dei cookie e tecnologie affini sono disponibili <a href=\"https:\/\/pronokalprewpes.omatech.com\/it\/cookie-privacy\/\">qui<\/a>.<\/p><p>I Dati Personali che fornisci attraverso il Sito saranno trattati dal Titolare per le seguenti finalit\u00e0:<\/p><ol><li>a) finalit\u00e0 inerenti all\u2019esecuzione di un contratto di cui sei parte, sia nella fase precontrattuale (risposta ad una tua richiesta di contatto), sia nella fase contrattuale (assistenza nel metterti in contatto con un medico prescrittore della tua zona, motivo per cui ti viene richiesto il codice di avviamento postale, o assistenza alla vendita).<\/li><li>b) finalit\u00e0 di marketing, per essere ricontattato per ricevere le offerte pi\u00f9 adatte alle tue esigenze e necessit\u00e0, previo tuo separato ed informato consenso.<\/li><li>c) finalit\u00e0 di ricerche\/analisi statistiche su dati aggregati o anonimi, senza dunque possibilit\u00e0 di identificare l\u2019utente, volti a misurare il funzionamento del Sito, misurare il traffico e valutare usabilit\u00e0 e interesse e per permetterti di navigare il sito e le sue sezioni;<\/li><li>d) finalit\u00e0 relative all\u2019adempimento di un obbligo legale al quale il Titolare e\u0300 soggetto;<\/li><li>e) finalit\u00e0 necessarie ad accertare, esercitare o difendere un diritto in sede giudiziaria o ogniqualvolta le autorit\u00e0 giurisdizionali esercitino le loro funzioni giurisdizionali;<\/li><\/ol><p>La base legale del trattamento di Dati Personali per le finalit\u00e0 di cui al punto a) \u00e8 l\u2019erogazione di un servizio o il riscontro ad una richiesta dell\u2019interessato, che non richiedono il consenso ai sensi della Normativa Applicabile.<\/p><p>Le finalit\u00e0 di cui al punto b) richiedono il tuo consenso, che viene rilasciato mediante apposito flag nel box dove richiesto. Il tuo consenso non \u00e8 obbligatorio ed il suo mancato conferimento implica solo l\u2019impossibilit\u00e0 di ricevere le informazioni commerciali e di marketing della azienda. Il consenso \u00e8 in qualsiasi momento revocabile, cliccando sul link \u201cdisiscriviti\u201d presente al fondo di ogni comunicazione commerciale, oppure scrivendo a <a href=\"mailto:info.italia@pronokalgroup.com\">privacy.italia@pronokalgroup.com<\/a>, indicando CANCELLAMI nell\u2019oggetto della email.<\/p><p>La finalit\u00e0 di cui al punto c) non comporta il trattamento di Dati Personali, mentre la finalit\u00e0 di cui ai punti d) ed e) rappresentano un trattamento legittimo di Dati Personali ai sensi della Normativa Applicabile in quanto, una volta conferiti i Dati Personali, il trattamento \u00e8 invero necessario per adempiere ad un obbligo di legge a cui il Titolare \u00e8 soggetto.<\/p><p>Il Titolare ti informa che, qualora compilassi il form per richiedere un contatto, le telefonate potrebbero essere registrate a seguito implementazione di sistemi e procedure per la rilevazione della soddisfazione dei clienti e per la gestione di eventuali reclami e per la conservazione dello storico delle telefonate per l\u2019esercizio dei diritti di difesa del Titolare. Le informazioni raccolte tramite i sistemi citati saranno trattate dal Titolare, nella pi\u00f9 rigorosa osservanza di quanto previsto dalla normativa vigente per la tutela della Privacy, anche per quanto riguarda la sicurezza dei dati, impegnandosi ad effettuarne il trattamento secondo le disposizioni di legge vigenti e ad opera di soggetti appositamente incaricati, rispettando le finalit\u00e0 e le modalit\u00e0 del trattamento sopra dichiarate, nonch\u00e9 l\u2019ambito di comunicazione e diffusione degli stessi e la natura dei dati e del loro conferimento. I dati registrati verranno conservati per un periodo di sei mesi e successivamente cancellati. La base giuridica di questo trattamento \u00e8 l\u2019interesse legittimo del Titolare.<\/p><p>3. MODALITA\u2019 DEL TRATTAMENTO<\/p><ul><li>Strumenti e logiche. In relazione alle finalit\u00e0 sopra richiamate, il trattamento avviene mediante strumenti manuali, informatici e telematici con logiche strettamente correlate alle finalit\u00e0 suddette e, comunque, in modo da garantire la sicurezza e la riservatezza dei dati stessi e con l\u2019impegno da parte tua di comunicarci sollecitamente eventuali correzioni, modificazione ed aggiornamenti. Detto trattamento potr\u00e0 essere effettuato per conto del Titolare del Trattamento per le finalit\u00e0 e con le modalit\u00e0 sopra descritte e nel rispetto di criteri idonei a garantire sicurezza e riservatezza, da societ\u00e0, studi, enti e collaboratori esterni nominati Responsabili e solamente per quanto attiene ai trattamenti da loro effettuati.<\/li><li>Categorie particolari di dati. Nessuno dei tuoi dati personali presso il Titolare del Trattamento sono riconducibili alla definizione di \u201cCategorie particolari di dati\u201d dell\u2019art. 9 del Regolamento UE 2016\/679. Nel caso ci fossero da te trasmessi dati di tale genere, in mancanza di un tuo esplicito consenso scritto sar\u00e0 nostra cura cancellarli immediatamente<br \/><br \/>4. DESTINATARI DEI DATI<\/li><\/ul><p>I tuoi Dati Personali potranno essere comunicati, per le finalit\u00e0 specificate al punto 3, a:<\/p><ol><li>soggetti necessari per l\u2019erogazione dei servizi offerti dal Sito, tra cui a titolo esemplificativo l\u2019invio di e-mail e l\u2019analisi del funzionamento del Sito che agiscono tipicamente in qualit\u00e0 di responsabili esterni del trattamento nominati dal Titolare;<\/li><li>soggetti autorizzati dal Titolare al trattamento dei Dati Personali che si siano impegnate alla riservatezza o abbiano un adeguato obbligo legale di riservatezza; (es. dipendenti e collaboratori); (a. e b. sono collettivamente \u201cDestinatari\u201d);<\/li><li>autorit\u00e0 giurisdizionali nell\u2019esercizio delle loro funzioni quando richiesto dalla Normativa Applicabile.<br \/><br \/>5. TRASFERIMENTI DI DATI ALL\u2019ESTERO<\/li><\/ol><p>SDM \u00e8 societ\u00e0 soggetta al controllo di Pronokal Health Group S.L., societ\u00e0 con sede in Spagna. I tuoi dati personali possono essere soggetti a trasferimenti infragruppo.<\/p><p>Nessuno dei tuoi dati personali viene trasferito al di fuori dello Spazio Economico Europeo. Se questo dovesse avvenire, il Titolare assicura che il trattamento elettronico e cartaceo dei tuoi Dati Personali da parte dei Destinatari avviene nel rispetto della Normativa Applicabile. Invero, i trasferimenti si basano alternativamente su una decisione di adeguatezza o sulle Standard Model Clauses approvate dalla Commissione Europea.<\/p><ol start=\"6\"><li>CONSERVAZIONE DEI DATI<\/li><\/ol><p>Il Titolare tratter\u00e0 i tuoi Dati Personali per il tempo strettamente necessario a raggiungere gli scopi indicati al punto 3. In particolare, i tuoi dati verranno trattati al fine di rispondere alle tue richieste, e, in caso di instaurazione di un rapporto contrattuale, finch\u00e9 permarr\u00e0 il rapporto contrattuale col Titolare. Per quanto riguarda il trattamento a fini di marketing, i dati verranno trattati fino a permanere del tuo consenso. Al termine del rapporto contrattuale eventualmente instaurato col Titolare, i tuoi dati verranno conservati per un periodo di dieci anni (termine di prescrizione per eventuali azioni legali) e successivamente cancellati.\u00a0<\/p><p>Maggiori informazioni in merito al periodo di conservazione dei Dati Personali e ai criteri utilizzati per determinare tale periodo possono essere richieste scrivendo al Titolare all\u2019indirizzo <a href=\"mailto:privacy.italia@pronokalgroup.com\">privacy.italia@pronokalgroup.com<\/a><\/p><ol start=\"7\"><li>I TUOI DIRITTI<\/li><\/ol><p>Nei limiti della Normativa Applicabile, hai il diritto di chiedere al Titolare, in qualunque momento, l\u2019accesso ai tuoi Dati Personali, la rettifica o la cancellazione degli stessi o di opporti al loro trattamento, la limitazione del trattamento nonch\u00e9 di ottenere in un formato strutturato, di uso comune e leggibile da dispositivo automatico i dati che ti riguardano.<\/p><p>Le richieste vanno rivolte via e-mail all\u2019indirizzo: <a href=\"mailto:info.italia@pronokalgroup.com\">privacy.italia@pronokalgroup.com<\/a><\/p><p>Ai sensi della Normativa Applicabile, hai in ogni caso il diritto di proporre reclamo all\u2019Autorit\u00e0 di controllo competente (Garante per la Protezione dei Dati Personali) qualora ritenessi che il trattamento dei tuoi Dati Personali sia contrario alla normativa vigente.<\/p><p>\u00a0<\/p><ol><li><strong> Diritto di accesso<\/strong><\/li><\/ol><p>Potrai ottenere dal Titolare la conferma che sia o meno in corso un trattamento dei tuoi Dati Personali e, in tal caso, ottenere l\u2019accesso ai Dati Personali ed alle informazioni previste dall\u2019art. 15 del Regolamento, tra le quali, a titolo esemplificativo: le finalit\u00e0 del trattamento, le categorie di Dati Personali trattati etc.<\/p><p>Qualora i Dati Personali siano trasferiti a un paese terzo o a un\u2019organizzazione internazionale, hai il diritto di essere informato dell\u2019esistenza di garanzie adeguate relative al trasferimento.<\/p><p>Se richiesto, il Titolare ti potr\u00e0 fornire una copia dei Dati Personali oggetto di trattamento. Per le eventuali ulteriori copie il Titolare potr\u00e0 addebitarti un contributo spese ragionevole basato sui costi amministrativi. Se la richiesta in questione \u00e8 presentata mediante mezzi elettronici, e salvo diversa indicazione, le informazioni ti verranno fornite dal Titolare in un formato elettronico di uso comune.<\/p><ol start=\"2\"><li><strong> Diritto di rettifica<\/strong><\/li><\/ol><p>Potrai ottenere dal Titolare la rettifica dei tuoi Dati Personali che risultano inesatti come pure, tenuto conto delle finalit\u00e0 del trattamento, l\u2019integrazione degli stessi, qualora risultino incompleti, fornendo una dichiarazione integrativa.<\/p><ol start=\"3\"><li><strong> Diritto alla cancellazione<\/strong><\/li><\/ol><p>Potrai ottenere dal Titolare la cancellazione dei tuoi Dati Personali, se sussiste uno dei motivi previsti dall\u2019art. 17 del Regolamento, tra cui, a titolo esemplificativo, qualora i Dati Personali non sono pi\u00f9 necessari rispetto alle finalit\u00e0 per le quali sono stati raccolti o altrimenti trattati o qualora il consenso su cui si basa il trattamento dei tuoi Dati Personali \u00e8 stato da te revocato e non sussiste altro fondamento giuridico per il trattamento.<\/p><p>Ti informiamo che il Titolare non potr\u00e0 procedere alla cancellazione dei tuoi Dati Personali: qualora il loro trattamento sia necessario, ad esempio, per l\u2019adempimento di un obbligo di legge, per motivi di interesse pubblico, per l\u2019accertamento, l\u2019esercizio o la difesa di un diritto in sede giudiziaria.<\/p><ol start=\"4\"><li><strong> Diritto di limitazione di trattamento<\/strong><\/li><\/ol><p>Potrai ottenere la limitazione del trattamento dei tuoi Dati Personali qualora ricorra una delle ipotesi previste dall\u2019art. 18 del Regolamento, tra le quali, ad esempio: a fronte di una tua contestazione circa l\u2019esattezza dei Dati Personali oggetto di trattamento o qualora i Dati Personali ti siano necessari per l\u2019accertamento, l\u2019esercizio o la difesa di un diritto in sede giudiziaria, bench\u00e9 il Titolare non ne abbia pi\u00f9 bisogno ai fini del trattamento.<\/p><ol start=\"5\"><li><strong> Diritto alla portabilit\u00e0 dei dati<\/strong><\/li><\/ol><p>Qualora il trattamento dei tuoi Dati Personali si basi sul consenso o sia necessario per l\u2019esecuzione di un contratto o di misure precontrattuali e il trattamento sia effettuato con mezzi automatizzati, potrai:<\/p><p>&#8211; richiedere di ricevere i Dati Personali da te forniti in un formato strutturato, di uso comune e leggibile da dispositivo automatico (esempio: computer e\/o tablet);<\/p><p>&#8211; trasmettere i tuoi Dati Personali ricevuti ad un altro soggetto Titolare del trattamento senza impedimenti da parte del Titolare.<\/p><p>Potrai inoltre richiedere che i tuoi Dati Personali vengano trasmessi dal Titolare direttamente ad un altro soggetto titolare del trattamento da te indicato, se ci\u00f2 sia tecnicamente fattibile per il Titolare. In questo caso, sar\u00e0 tua cura fornirci tutti gli estremi esatti del nuovo titolare del trattamento a cui intenda trasferire i Dati Personali, fornendoci apposita autorizzazione scritta.<\/p><ol start=\"6\"><li><strong> Diritto di opposizione <\/strong><\/li><\/ol><p>Potrai opporsi in qualsiasi momento al trattamento dei tuoi Dati Personali qualora il trattamento venga effettuato per l\u2019esecuzione di un\u2019attivit\u00e0 di interesse pubblico o per il perseguimento di un interesse legittimo del Titolare (compresa l\u2019attivit\u00e0 di profilazione).<\/p><p>Qualora decidessi di esercitare il diritto di opposizione qui descritto, il Titolare si asterr\u00e0 dal trattare ulteriormente i tuoi dati personali, a meno che non vi siano motivi legittimi per procedere al trattamento (motivi prevalenti sugli interessi, sui diritti e sulle libert\u00e0 dell\u2019interessato), oppure il trattamento sia necessario per l\u2019accertamento, l\u2019esercizio o la difesa in giudizio di un diritto.<\/p><ol start=\"7\"><li><strong> Diritto di proporre un reclamo all\u2019Autorit\u00e0 Garante per la protezione dei dati personali<\/strong><\/li><\/ol><p>Fatto salvo il tuo diritto di ricorrere in ogni altra sede amministrativa o giurisdizionale, qualora ritenesse che il trattamento dei tuoi Dati Personali da parte del Titolare avvenga in violazione del Regolamento e\/o della normativa applicabile potr\u00e0 proporre reclamo all\u2019Autorit\u00e0 Garante per la Protezione dei dati personali competente.<\/p><p>Per qualsiasi richiesta o informazione ti potrai rivolgere al DPO ai recapiti sopra riportati.<\/p><p>\u00a0<\/p><ol start=\"8\"><li>MODIFICHE ALLA PRIVACY POLICY<\/li><\/ol><p>La presente Privacy Policy \u00e8 aggiornata a giugno 2022.<\/p><p>Il Titolare si riserva di modificarne o semplicemente aggiornarne il contenuto, in parte o completamente, anche a causa di variazioni della Normativa Applicabile. Il Titolare ti informer\u00e0 di tali variazioni non appena verranno introdotte e saranno vincolanti non appena pubblicate sul Sito. Il Titolare ti invita quindi a visitare con regolarit\u00e0 questa sezione per prendere cognizione della pi\u00f9 recente ed aggiornata versione della Privacy Policy in modo che tu sia sempre aggiornato sui dati raccolti e sull\u2019uso che ne viene fatto da parte del Titolare.<\/p>\t\t\t\t\t<\/div>\n\t\t\t\t\t\t<\/div>\n\t\t\t\t<\/div>\n\t\t\t\t\t\t<\/div>\n\t\t\t\t\t<\/div>\n\t\t<\/div>\n\t\t\t\t<div class=\"elementor-column elementor-col-33 elementor-top-column elementor-element elementor-element-2446eea\" data-id=\"2446eea\" data-element_type=\"column\">\n\t\t\t<div class=\"elementor-column-wrap\">\n\t\t\t\t\t\t\t<div class=\"elementor-widget-wrap\">\n\t\t\t\t\t\t\t\t<\/div>\n\t\t\t\t\t<\/div>\n\t\t<\/div>\n\t\t\t\t\t\t\t\t<\/div>\n\t\t\t\t\t<\/div>\n\t\t<\/section>\n\t\t\t\t\t\t\t\t\t<\/div>\n\t\t\t<\/div>\n\t\t\t\t\t<\/div>\n\t\t","protected":false},"excerpt":{"rendered":"INFORMATIVA SULLA PRIVACY NFORMATIVA NEI CONFRONTI DI PERSONE FISICHE AI SENSI DELL\u2019ART. 13 E 14 DEL REGOLAMENTO (UE) 2016\/679 DEL PARLAMENTO EUROPEO E DEL CONSIGLIO DEL 27 APRILE 2016 (DI SEGUITO L\u2019\u201dINFORMATIVA\u201d) \u00a0 \u00a0 S.D.M. srl unipersonale Societ\u00e0 soggetta all\u2019attivit\u00e0 di direzione e coordinamento da parte di Pronokal Health Group S.L., Via dell&#8217;Artigianato 45 Savigliano [&hellip;]","protected":false},"author":1,"featured_media":0,"parent":0,"menu_order":0,"comment_status":"closed","ping_status":"closed","template":"","meta":[],"acf":[],"_links":{"self":[{"href":"https:\/\/pronokalprewpes.omatech.com\/it\/wp-json\/wp\/v2\/pages\/38"}],"collection":[{"href":"https:\/\/pronokalprewpes.omatech.com\/it\/wp-json\/wp\/v2\/pages"}],"about":[{"href":"https:\/\/pronokalprewpes.omatech.com\/it\/wp-json\/wp\/v2\/types\/page"}],"author":[{"embeddable":true,"href":"https:\/\/pronokalprewpes.omatech.com\/it\/wp-json\/wp\/v2\/users\/1"}],"replies":[{"embeddable":true,"href":"https:\/\/pronokalprewpes.omatech.com\/it\/wp-json\/wp\/v2\/comments?post=38"}],"version-history":[{"count":43,"href":"https:\/\/pronokalprewpes.omatech.com\/it\/wp-json\/wp\/v2\/pages\/38\/revisions"}],"predecessor-version":[{"id":16822,"href":"https:\/\/pronokalprewpes.omatech.com\/it\/wp-json\/wp\/v2\/pages\/38\/revisions\/16822"}],"wp:attachment":[{"href":"https:\/\/pronokalprewpes.omatech.com\/it\/wp-json\/wp\/v2\/media?parent=38"}],"curies":[{"name":"wp","href":"https:\/\/api.w.org\/{rel}","templated":true}]}}