{"id":36,"date":"2018-12-21T11:45:45","date_gmt":"2018-12-21T11:45:45","guid":{"rendered":"http:\/\/pronokal.com\/?page_id=36"},"modified":"2020-05-18T15:02:33","modified_gmt":"2020-05-18T13:02:33","slug":"aviso-legal","status":"publish","type":"page","link":"https:\/\/pronokalprewpes.omatech.com\/pe\/aviso-legal\/","title":{"rendered":"Aviso legal"},"content":{"rendered":"\t\t<div data-elementor-type=\"wp-post\" data-elementor-id=\"36\" class=\"elementor elementor-36\">\n\t\t\t\t\t\t<div class=\"elementor-inner\">\n\t\t\t\t<div class=\"elementor-section-wrap\">\n\t\t\t\t\t\t\t\t\t<section class=\"elementor-section elementor-top-section elementor-element elementor-element-be8b957 elementor-section-boxed elementor-section-height-default elementor-section-height-default\" data-id=\"be8b957\" data-element_type=\"section\">\n\t\t\t\t\t\t<div class=\"elementor-container elementor-column-gap-default\">\n\t\t\t\t\t\t\t<div class=\"elementor-row\">\n\t\t\t\t\t<div class=\"elementor-column elementor-col-100 elementor-top-column elementor-element elementor-element-7299242\" data-id=\"7299242\" data-element_type=\"column\">\n\t\t\t<div class=\"elementor-column-wrap elementor-element-populated\">\n\t\t\t\t\t\t\t<div class=\"elementor-widget-wrap\">\n\t\t\t\t\t\t<div class=\"elementor-element elementor-element-33f241d elementor-widget elementor-widget-heading\" data-id=\"33f241d\" data-element_type=\"widget\" data-widget_type=\"heading.default\">\n\t\t\t\t<div class=\"elementor-widget-container\">\n\t\t\t<h1 class=\"elementor-heading-title elementor-size-large\">Aviso legal<\/h1>\t\t<\/div>\n\t\t\t\t<\/div>\n\t\t\t\t\t\t<\/div>\n\t\t\t\t\t<\/div>\n\t\t<\/div>\n\t\t\t\t\t\t\t\t<\/div>\n\t\t\t\t\t<\/div>\n\t\t<\/section>\n\t\t\t\t<section class=\"elementor-section elementor-top-section elementor-element elementor-element-522e8b1 elementor-section-boxed elementor-section-height-default elementor-section-height-default\" data-id=\"522e8b1\" data-element_type=\"section\">\n\t\t\t\t\t\t<div class=\"elementor-container elementor-column-gap-default\">\n\t\t\t\t\t\t\t<div class=\"elementor-row\">\n\t\t\t\t\t<div class=\"elementor-column elementor-col-16 elementor-top-column elementor-element elementor-element-cc2f7ed\" data-id=\"cc2f7ed\" data-element_type=\"column\">\n\t\t\t<div class=\"elementor-column-wrap\">\n\t\t\t\t\t\t\t<div class=\"elementor-widget-wrap\">\n\t\t\t\t\t\t\t\t<\/div>\n\t\t\t\t\t<\/div>\n\t\t<\/div>\n\t\t\t\t<div class=\"elementor-column elementor-col-66 elementor-top-column elementor-element elementor-element-f464169\" data-id=\"f464169\" data-element_type=\"column\">\n\t\t\t<div class=\"elementor-column-wrap elementor-element-populated\">\n\t\t\t\t\t\t\t<div class=\"elementor-widget-wrap\">\n\t\t\t\t\t\t<div class=\"elementor-element elementor-element-5608e05 elementor-widget elementor-widget-text-editor\" data-id=\"5608e05\" data-element_type=\"widget\" data-widget_type=\"text-editor.default\">\n\t\t\t\t<div class=\"elementor-widget-container\">\n\t\t\t\t\t\t\t\t<div class=\"elementor-text-editor elementor-clearfix\">\n\t\t\t\t<p>Bienvenidos a M\u00e9todo PnK. El presente Aviso Legal regula el acceso y utilizaci\u00f3n de este Sitio Web (en adelante sitio Web) que la empresa titular de la misma, PNK DIET S.L.U, pone a disposici\u00f3n de los usuarios de Internet, con la finalidad de ofrecer informaci\u00f3n sobre la compa\u00f1\u00eda PronoKal Group\u00ae.<\/p><p>En cumplimiento de lo establecido en la Ley 34\/2002, de 11 de julio, de servicios de la sociedad de la informaci\u00f3n y de comercio electr\u00f3nico, le informamos que la titularidad del presente sitio Web as\u00ed como del nombre de dominio\u00a0pertenecen a la mercantil PNK DIET S.L.U, provista de TVA LU24402374 y domicilio en WTC \u2013Edificio Sur- 2\u00aa planta (Moll de Barcelona), 08039 Barcelona (Espa\u00f1a).<\/p><p>Si desea contactar con PNK DIET S.L.U, podr\u00e1 hacerlo directamente a trav\u00e9s de nuestro sitio Web, la siguiente direcci\u00f3n de correo electr\u00f3nico,info@metodopnk.com.<\/p><h3>Condiciones Generales de Utilizaci\u00f3n del Sitio Web<\/h3><h3><strong>1. Informaci\u00f3n general<\/strong><\/h3><p>La utilizaci\u00f3n de este Sitio Web y de todos los servicios y funcionalidades incorporadas en el mismo implica la plena aceptaci\u00f3n de las disposiciones incluidas en estas Condiciones Generales en la versi\u00f3n publicada por PNK DIET S.L.U, en el momento en que el Usuario acceda al Sitio Web.<\/p><p>La utilizaci\u00f3n de ciertos servicios y\/o funcionalidades ofrecidas a los Usuarios a trav\u00e9s del Sitio Web puede encontrarse, a su vez, sometida a Condiciones Particulares propias que, seg\u00fan los casos podr\u00e1n sustituir, completar y\/o modificar estas Condiciones Generales.<\/p><p>PNK DIET S.L.U, se reserva el derecho de alterar de forma unilateral, en cualquier momento y sin necesidad de aviso previo, el dise\u00f1o, presentaci\u00f3n y\/o configuraci\u00f3n del sitio Web as\u00ed como de algunas o todas sus herramientas y\/o funcionalidades y a\u00f1adir nuevas herramientas. En consecuencia, recomendamos que Ud. lea atentamente las presentes Condiciones en cada una de las ocasiones en que proceda a utilizar nuestra Plataforma, ya que \u00e9stas podr\u00edan sufrir modificaciones.<\/p><p>En caso de que Ud. decida no aceptar estas Condiciones Generales de Uso del sitio Web o en su caso, las Condiciones Particulares de Uso, deber\u00e1 abstenerse de acceder y\/o utilizar nuestra Web.<\/p><h3><strong>2. Obligaciones como usuario<\/strong><\/h3><p>Ud. se compromete a hacer un uso adecuado, correcto y l\u00edcito de nuestro sitio Web y sus contenidos con total sujeci\u00f3n a la Ley, a la buena fe y las buenas costumbres as\u00ed como a las presentes Condiciones Generales de Uso, manteniendo siempre el debido respeto a los dem\u00e1s Usuarios. En este sentido, est\u00e1 estrictamente prohibida cualquier actividad ilegal, il\u00edcita o contraria a la buena fe y al orden p\u00fablico y en particular, toda conducta que atente contra la dignidad humana y los principios de no discriminaci\u00f3n por motivos de raza, sexo, religi\u00f3n, opini\u00f3n, nacionalidad o cualquier otra circunstancia personal o social; protecci\u00f3n de la salud p\u00fablica, y de los consumidores y usuarios y protecci\u00f3n de la juventud y de la infancia.<\/p><p>Ud. renuncia expresamente a utilizar cualquier informaci\u00f3n contenida en esta Plataforma con fines il\u00edcitos y expresamente prohibidos en las presentes Condiciones, que resulten contrarios a la legislaci\u00f3n vigente as\u00ed como a los derechos e intereses de PNK DIET S.L.U, sus miembros, y\/o terceros, respondiendo frente a los mismos en caso de contravenir o incumplir tales obligaciones. Tambi\u00e9n en el caso de que, de cualquier modo (incluida la introducci\u00f3n o difusi\u00f3n de \u201cvirus inform\u00e1ticos\u201d), da\u00f1e, inutilice, sobrecargue, deteriore o impida la normal utilizaci\u00f3n del sitio Web o de la informaci\u00f3n contenida en el mismo, los sistemas de informaci\u00f3n o los documentos, archivos y toda clase de contenidos almacenados en cualquier equipo inform\u00e1tico de PNK DIET S.L.U, o de cualquier Usuario del Sitio Web.<\/p><p>Toda la informaci\u00f3n que nos facilite tanto a trav\u00e9s de su registro como a trav\u00e9s del sitio Web deber\u00e1 ser veraz y actualizada. A estos efectos, Ud. garantiza la autenticidad de todos aquellos datos que nos comunique, siendo el \u00fanico responsable de las manifestaciones falsas o inexactas que realice y de los perjuicios que con las mismas pudiera causar tanto a PNK DIET S.L.U, como a terceros.<\/p><h3><strong>3. Garant\u00edas y Responsabilidades<\/strong><\/h3><p>PNK DIET S.L.U se esfuerza para incluir en este Sitio Web informaci\u00f3n precisa y actualizada; no obstante lo anterior, la informaci\u00f3n puede llegar a contener inexactitudes t\u00e9cnicas o errores tipogr\u00e1ficos, por lo que PNK DIET S.L.U, no ofrece garant\u00eda alguna respecto a su contenido. En consecuencia, no responder\u00e1 de la precisi\u00f3n, integridad, veracidad, suficiencia, actualidad o exhaustividad de las informaciones contenidas en la misma ni de los da\u00f1os y perjuicios de cualquier naturaleza que pudieran deberse a la falta de exactitud, exhaustividad, actualidad, o a errores u omisiones de los que pudieran adolecer las informaciones y\/o servicios contenidos de este Sitio Web.<\/p><p>PNK DIET S.L.U, no garantiza la posibilidad de utilizaci\u00f3n, continuidad o disponibilidad del Sitio Web en el suministro de informaci\u00f3n o cualquiera de los distintos servicios ofrecidos a trav\u00e9s del mismo. Tampoco garantiza la infalibilidad o utilidad de la informaci\u00f3n y herramientas que facilita. Por ello, excluye, en la m\u00e1xima medida permitida por la legislaci\u00f3n vigente, cualquier responsabilidad por los da\u00f1os y perjuicios de toda naturaleza que puedan deberse a la falta de disponibilidad o de continuidad del funcionamiento del Sitio Web y de los servicios habilitados en el mismo.<\/p><p>Habida cuenta de que las medidas de seguridad en Internet no son inexpugnables, respecto a la privacidad y seguridad de la utilizaci\u00f3n de los datos de los Usuarios, PNK DIET S.L.U, no garantiza que terceros no autorizados puedan tener conocimiento de la clase, condiciones, caracter\u00edsticas y circunstancias del uso que los Usuarios hacen de los servicios ofrecidos en el Sitio Web o que puedan acceder y, en su caso, interceptar, eliminar, alterar, modificar o manipular los mensajes y comunicaciones de cualquier clase que los Usuarios realicen a trav\u00e9s de dichos servicios.<\/p><p>PNK DIET S.L.U, no garantiza la ausencia de virus u otros elementos lesivos que pudieran causar da\u00f1os o alteraciones en el sistema inform\u00e1tico, en los documentos electr\u00f3nicos o en los ficheros del Usuario a terceros.<\/p><p>PNK DIET S.L.U, no controla la utilizaci\u00f3n que el Usuario hace del Sitio Web. En consecuencia, excluye cualquier responsabilidad derivada de la incorrecta utilizaci\u00f3n de los contenidos del Sitio Web y se reserva el derecho a actualizar, modificar, sustituir, impedir el acceso, suspender temporalmente, cancelar definitivamente o suprimir cualquier servicio, suministro de informaci\u00f3n, instrumento o cualquier otro elemento con relaci\u00f3n a un Usuario concreto o para una parte o la totalidad de Usuarios.<\/p><p>Este Sitio Web y los materiales en \u00e9l contenidos tienen fines \u00fanicamente informativos y en ning\u00fan caso sustituyen el consejo de un profesional sanitario.<\/p><h3><strong>4. Derechos de Propiedad Industrial e Intelectual<\/strong><\/h3><p>Este sitio Web, incluido el nombre de dominio, el software utilizado para su uso y todos sus contenidos es titularidad de PNK DIET S.L.U, o bien de terceros que han autorizado debidamente su inclusi\u00f3n en el sitio Web. En particular, y sin car\u00e1cter limitativo, PNK DIET S.L.U, es titular de todos los dise\u00f1os, archivos de texto, audio o video, art\u00edculos, gr\u00e1ficos, bases de datos, fotograf\u00edas, logos, iconos, c\u00f3digo fuente, nombres comerciales, marcas, dibujos industriales y\/o cualquier otro signo susceptible de utilizaci\u00f3n industrial y comercial, o bien ha obtenido los permisos necesarios para su utilizaci\u00f3n.<\/p><p>Los Usuarios del Sitio Web pueden visualizar la informaci\u00f3n contenida en el mismo y efectuar descargas o reproducciones privadas a su sistema inform\u00e1tico, siempre y cuando la propia aplicaci\u00f3n lo permita y los elementos reproducidos no sean cedidos posteriormente a terceros o sean utilizados con fines comerciales.<\/p><p>La puesta a disposici\u00f3n y uso de las im\u00e1genes, dibujos, logos, signos distintivos, archivos de cualquier \u00edndole y software de la Plataforma titularidad de PNK DIET S.L.U, o de sus proveedores de contenidos no implica, en ning\u00fan caso, la cesi\u00f3n de su titularidad o la concesi\u00f3n de un derecho de uso a favor del Usuario.<\/p><p>Ud. se abstendr\u00e1 en todo caso de suprimir, alterar, eludir o manipular cualquier dispositivo de protecci\u00f3n o sistemas de seguridad que puedan estar instalados en el Sitio Web.<\/p><p>El uso no autorizado de los materiales contenidos en el sitio Web puede suponer la violaci\u00f3n de la legislaci\u00f3n sobre propiedad intelectual o industrial por lo que, para cualquier duda sobre la utilizaci\u00f3n de nuestro sitio Web rogamos se ponga en contacto con nosotros a trav\u00e9s de la direcci\u00f3n de correo electr\u00f3nico\u00a0<a href=\"mailto:info@metodopnk.com\">info@metodopnk.com<\/a>.<\/p><h3><strong>5. Enlaces y herramientas de B\u00fasqueda<\/strong><\/h3><p>PNK DIET S.L.U, puede poner a disposici\u00f3n de los Usuarios enlaces o herramientas de b\u00fasqueda con el fin de facilitar el acceso a la informaci\u00f3n, servicios y dem\u00e1s contenidos disponibles en Internet. En ning\u00fan caso tales enlaces tendr\u00e1n la consideraci\u00f3n de recomendaciones a los usuarios, por lo que la decisi\u00f3n de utilizarlos ser\u00e1 siempre responsabilidad de estos \u00faltimos, ya que \u00e9sta pudiera no estar autorizada.<\/p><p>Los enlaces habilitados en este Sitio Web pueden conducir al Usuario a otros sitios Web gestionados por terceros sobre los que PNK DIET S.L.U, no ejerce ning\u00fan tipo de control. PNK DIET S.L.U, no conoce, controla ni eval\u00faa las informaciones o contenidos de otros sitios web o plataformas de comunicaci\u00f3n social a los que se pueda acceder mediante los enlaces existentes en este sitio Web y, en consecuencia, no asume deber alguno de vigilar ni verificar las informaciones o contenidos de tales sitios web asumiendo, exclusivamente, respecto a los mismos, el deber de suprimir o inutilizar, a la mayor brevedad posible, el enlace o enlaces correspondientes, cuando tenga conocimiento efectivo de que la actividad o la informaci\u00f3n a la que remiten, recomiendan o publicitan es il\u00edcita, pueda inducir a error, causar da\u00f1o al usuario o pueda lesionar bienes o derechos de un tercero susceptibles de indemnizaci\u00f3n.<\/p><p>Aquellos prestadores de servicios que establezcan hiperenlaces a las p\u00e1ginas de este Sitio Web deber\u00e1n abstenerse de reproducir las p\u00e1ginas propias de PNK DIET S.L.U, a trav\u00e9s de frames as\u00ed como de asociar directamente el enlace a cualquier otra p\u00e1gina distinta de la de inicio (\u00abdeep-links\u00bb). PNK DIET S.L.U, autoriza \u00fanicamente el enlazado que desde tales sitios pueda realizar con su p\u00e1gina de inicio. Igualmente, deber\u00e1n abstenerse de utilizar los signos distintivos, nombre comercial, informaciones o cualquier otro contenido propio del Sitio Web, salvo la indicaci\u00f3n que forme parte del propio enlace. En ning\u00fan caso se podr\u00e1 dar a entender ni declararse que PNK DIET S.L.U, ha autorizado, interviene, asume, participa o ha supervisado en forma alguna los contenidos de la p\u00e1gina en la que figure el hiperenlace.<\/p><h3><strong>6. Legislaci\u00f3n y Jurisdicci\u00f3n<\/strong><\/h3><p>El presente Sitio Web est\u00e1 regido en todos y cada uno de sus extremos por la normativa espa\u00f1ola que resulte de aplicaci\u00f3n.<\/p><p>Para la resoluci\u00f3n de cualquier duda o controversia que pudiera derivarse de la existencia, acceso, utilizaci\u00f3n o contenido del presente Aviso Legal, o de nuestro Sitio Web, el Usuario, con renuncia expresa a cualquier otro fuero que pudiera resultar de aplicaci\u00f3n, se somete, a los Juzgados y Tribunales de la ciudad de Barcelona.<\/p>\t\t\t\t\t<\/div>\n\t\t\t\t\t\t<\/div>\n\t\t\t\t<\/div>\n\t\t\t\t<div class=\"elementor-element elementor-element-69ba6cd elementor-widget-divider--view-line elementor-widget elementor-widget-divider\" data-id=\"69ba6cd\" data-element_type=\"widget\" data-widget_type=\"divider.default\">\n\t\t\t\t<div class=\"elementor-widget-container\">\n\t\t\t\t\t<div class=\"elementor-divider\">\n\t\t\t<span class=\"elementor-divider-separator\">\n\t\t\t\t\t\t<\/span>\n\t\t<\/div>\n\t\t\t\t<\/div>\n\t\t\t\t<\/div>\n\t\t\t\t\t\t<\/div>\n\t\t\t\t\t<\/div>\n\t\t<\/div>\n\t\t\t\t<div class=\"elementor-column elementor-col-16 elementor-top-column elementor-element elementor-element-2da8ba2\" data-id=\"2da8ba2\" data-element_type=\"column\">\n\t\t\t<div class=\"elementor-column-wrap\">\n\t\t\t\t\t\t\t<div class=\"elementor-widget-wrap\">\n\t\t\t\t\t\t\t\t<\/div>\n\t\t\t\t\t<\/div>\n\t\t<\/div>\n\t\t\t\t\t\t\t\t<\/div>\n\t\t\t\t\t<\/div>\n\t\t<\/section>\n\t\t\t\t<section class=\"elementor-section elementor-top-section elementor-element elementor-element-82f8aae elementor-section-boxed elementor-section-height-default elementor-section-height-default\" data-id=\"82f8aae\" data-element_type=\"section\">\n\t\t\t\t\t\t<div class=\"elementor-container elementor-column-gap-default\">\n\t\t\t\t\t\t\t<div class=\"elementor-row\">\n\t\t\t\t\t<div class=\"elementor-column elementor-col-100 elementor-top-column elementor-element elementor-element-45cbf6f\" data-id=\"45cbf6f\" data-element_type=\"column\" data-settings=\"{&quot;background_background&quot;:&quot;classic&quot;}\">\n\t\t\t<div class=\"elementor-column-wrap\">\n\t\t\t\t\t<div class=\"elementor-background-overlay\"><\/div>\n\t\t\t\t\t\t\t<div class=\"elementor-widget-wrap\">\n\t\t\t\t\t\t\t\t<\/div>\n\t\t\t\t\t<\/div>\n\t\t<\/div>\n\t\t\t\t\t\t\t\t<\/div>\n\t\t\t\t\t<\/div>\n\t\t<\/section>\n\t\t\t\t\t\t\t\t\t<\/div>\n\t\t\t<\/div>\n\t\t\t\t\t<\/div>\n\t\t","protected":false},"excerpt":{"rendered":"Aviso legal Bienvenidos a M\u00e9todo PnK. El presente Aviso Legal regula el acceso y utilizaci\u00f3n de este Sitio Web (en adelante sitio Web) que la empresa titular de la misma, PNK DIET S.L.U, pone a disposici\u00f3n de los usuarios de Internet, con la finalidad de ofrecer informaci\u00f3n sobre la compa\u00f1\u00eda PronoKal Group\u00ae. En cumplimiento de [&hellip;]","protected":false},"author":1,"featured_media":0,"parent":0,"menu_order":0,"comment_status":"closed","ping_status":"closed","template":"","meta":[],"acf":[],"_links":{"self":[{"href":"https:\/\/pronokalprewpes.omatech.com\/pe\/wp-json\/wp\/v2\/pages\/36"}],"collection":[{"href":"https:\/\/pronokalprewpes.omatech.com\/pe\/wp-json\/wp\/v2\/pages"}],"about":[{"href":"https:\/\/pronokalprewpes.omatech.com\/pe\/wp-json\/wp\/v2\/types\/page"}],"author":[{"embeddable":true,"href":"https:\/\/pronokalprewpes.omatech.com\/pe\/wp-json\/wp\/v2\/users\/1"}],"replies":[{"embeddable":true,"href":"https:\/\/pronokalprewpes.omatech.com\/pe\/wp-json\/wp\/v2\/comments?post=36"}],"version-history":[{"count":18,"href":"https:\/\/pronokalprewpes.omatech.com\/pe\/wp-json\/wp\/v2\/pages\/36\/revisions"}],"predecessor-version":[{"id":18229,"href":"https:\/\/pronokalprewpes.omatech.com\/pe\/wp-json\/wp\/v2\/pages\/36\/revisions\/18229"}],"wp:attachment":[{"href":"https:\/\/pronokalprewpes.omatech.com\/pe\/wp-json\/wp\/v2\/media?parent=36"}],"curies":[{"name":"wp","href":"https:\/\/api.w.org\/{rel}","templated":true}]}}