{"id":21059,"date":"2021-12-31T09:27:06","date_gmt":"2021-12-31T07:27:06","guid":{"rendered":"https:\/\/pronokalprewpes.omatech.com\/pt\/?page_id=21059"},"modified":"2021-12-31T09:30:31","modified_gmt":"2021-12-31T07:30:31","slug":"politica-privacidade-whatsapp","status":"publish","type":"page","link":"https:\/\/pronokalprewpes.omatech.com\/pt\/politica-privacidade-whatsapp\/","title":{"rendered":"Pol\u00edtica de privacidade Whatsapp"},"content":{"rendered":"\t\t<div data-elementor-type=\"wp-post\" data-elementor-id=\"21059\" class=\"elementor elementor-21059\">\n\t\t\t\t\t\t<div class=\"elementor-inner\">\n\t\t\t\t<div class=\"elementor-section-wrap\">\n\t\t\t\t\t\t\t\t\t<section class=\"elementor-section elementor-top-section elementor-element elementor-element-9806ab4 elementor-section-boxed elementor-section-height-default elementor-section-height-default\" data-id=\"9806ab4\" data-element_type=\"section\">\n\t\t\t\t\t\t<div class=\"elementor-container elementor-column-gap-default\">\n\t\t\t\t\t\t\t<div class=\"elementor-row\">\n\t\t\t\t\t<div class=\"elementor-column elementor-col-100 elementor-top-column elementor-element elementor-element-da0f975\" data-id=\"da0f975\" data-element_type=\"column\">\n\t\t\t<div class=\"elementor-column-wrap elementor-element-populated\">\n\t\t\t\t\t\t\t<div class=\"elementor-widget-wrap\">\n\t\t\t\t\t\t<div class=\"elementor-element elementor-element-2bfabcd elementor-widget elementor-widget-heading\" data-id=\"2bfabcd\" data-element_type=\"widget\" data-widget_type=\"heading.default\">\n\t\t\t\t<div class=\"elementor-widget-container\">\n\t\t\t<h1 class=\"elementor-heading-title elementor-size-default\">Pol\u00edtica de Privacidade para uso do Whatsapp Business<\/h1>\t\t<\/div>\n\t\t\t\t<\/div>\n\t\t\t\t\t\t<\/div>\n\t\t\t\t\t<\/div>\n\t\t<\/div>\n\t\t\t\t\t\t\t\t<\/div>\n\t\t\t\t\t<\/div>\n\t\t<\/section>\n\t\t\t\t<section class=\"elementor-section elementor-top-section elementor-element elementor-element-6c79a64 elementor-section-boxed elementor-section-height-default elementor-section-height-default\" data-id=\"6c79a64\" data-element_type=\"section\">\n\t\t\t\t\t\t<div class=\"elementor-container elementor-column-gap-default\">\n\t\t\t\t\t\t\t<div class=\"elementor-row\">\n\t\t\t\t\t<div class=\"elementor-column elementor-col-16 elementor-top-column elementor-element elementor-element-1933392\" data-id=\"1933392\" data-element_type=\"column\">\n\t\t\t<div class=\"elementor-column-wrap\">\n\t\t\t\t\t\t\t<div class=\"elementor-widget-wrap\">\n\t\t\t\t\t\t\t\t<\/div>\n\t\t\t\t\t<\/div>\n\t\t<\/div>\n\t\t\t\t<div class=\"elementor-column elementor-col-66 elementor-top-column elementor-element elementor-element-698c140\" data-id=\"698c140\" data-element_type=\"column\">\n\t\t\t<div class=\"elementor-column-wrap elementor-element-populated\">\n\t\t\t\t\t\t\t<div class=\"elementor-widget-wrap\">\n\t\t\t\t\t\t<div class=\"elementor-element elementor-element-3fca405 elementor-widget elementor-widget-text-editor\" data-id=\"3fca405\" data-element_type=\"widget\" data-widget_type=\"text-editor.default\">\n\t\t\t\t<div class=\"elementor-widget-container\">\n\t\t\t\t\t\t\t\t<div class=\"elementor-text-editor elementor-clearfix\">\n\t\t\t\t<h2>1.\u00a0\u00a0\u00a0\u00a0\u00a0 INTRODU\u00c7\u00c3O<\/h2><p>A sua privacidade \u00e9 importante para n\u00f3s, por isso, atrav\u00e9s deste documento, explicamos quais os dados que recolhemos dos utilizadores, como os utilizamos e para que finalidades, entre outras indica\u00e7\u00f5es.<\/p><p>Para sua informa\u00e7\u00e3o, nunca pediremos mais informa\u00e7\u00e3o do que a que realmente necessitamos para os servi\u00e7os solicitados; nunca a partilharemos com terceiros, exceto por obriga\u00e7\u00e3o legal ou com a sua autoriza\u00e7\u00e3o pr\u00e9via; e nunca utilizaremos os seus dados para outra finalidade n\u00e3o indicada previamente.<\/p><p>Como utilizador, deve ler atentamente esta Pol\u00edtica de Privacidade de maneira regular e sempre que inserir os seus dados pessoais, pois este documento pode sofrer modifica\u00e7\u00f5es em virtude de o prestador poder modificar qualquer tipo de informa\u00e7\u00e3o que possa aparecer na internet de modo a cumprir as normas legais ou atualizar a pol\u00edtica, e sem que haja a obriga\u00e7\u00e3o de pr\u00e9-notificar ou dar conhecimento ao utilizador das referidas obriga\u00e7\u00f5es, bastando a publica\u00e7\u00e3o no s\u00edtio internet do prestador.<\/p><p>\u00a0<\/p><h2>2.\u00a0\u00a0\u00a0\u00a0\u00a0 ASPECTOS GERAIS TO TRATAMENTO DE DADOS PESSOAIS<\/h2><p><strong><u>\u00a0<\/u><\/strong><\/p><h3>RESPONS\u00c1VEL PELO TRATAMENTO:<\/h3><p>Identifica\u00e7\u00e3o:<strong>\u00a0NKPS Protein Supplies Portugal LDA<\/strong><\/p><p>NIF: <strong>515582000 <\/strong><\/p><p>Morada postal:<strong> Rua Xavier Ara\u00fajo, 10, Escrit\u00f3rio 21. 1600 226 Lisboa<\/strong><\/p><p>Correio electr\u00f3nico:<strong>\u00a0<u>pedidos.pt@metodopnk.com<\/u><\/strong><\/p><p>Delegado de Prote\u00e7\u00e3o de Dados:<strong>\u00a0<\/strong> <strong>\u00a0dpo@pronokalgroup.com<\/strong><\/p><p><strong>PronoKal\u00ae,<\/strong> como respons\u00e1vel pelo s\u00edtio INTERNET, de acordo com o disposto no Regulamento (UE) 2016\/679 de 27 de abril de 2016 (RGPD) relativo \u00e0 prote\u00e7\u00e3o de pessoas singulares no que diz respeito ao tratamento de dados pessoais e \u00e0 livre circula\u00e7\u00e3o desses dados e demais legisla\u00e7\u00e3o sobre a protec\u00e7\u00e3o de dados pessoais, bem como a legisla\u00e7\u00e3o dos Servi\u00e7os da Sociedade da Informa\u00e7\u00e3o, informa que implementou as medidas de seguran\u00e7a necess\u00e1rias, de natureza t\u00e9cnica e organizacional, para garantir e proteger a confidencialidade, integridade e disponibilidade dos dados introduzidos.<\/p><p>Quando os utilizadores d\u00e3o o seu consentimento com a finalidade de se comunicarem com o prestador por meio do aplicativo para agilizar a gest\u00e3o dos servi\u00e7os e melhorar a comunica\u00e7\u00e3o, compartilhando os seus dados de contacto do m\u00e9dico\/de contacto do utilizador, a empresa processar\u00e1 os seus dados pessoais, em conformidade com a presente Pol\u00edtica de Privacidade.<\/p><p>A Empresa reserva-se o direito de modificar esta Pol\u00edtica de Privacidade a qualquer momento, pelo que recomendamos que a visite sempre que aceder ao uso do aplicativo.<\/p><p>\u00a0<\/p><p>DATOS QUE PRONOKAL\u00ae RECOLHE, M\u00c9TODO DE OBTEN\u00c7\u00c3O E FINALIDADE: A forma de obten\u00e7\u00e3o dos dados \u00e9 por meio da utiliza\u00e7\u00e3o do WhatsApp business. Conjunto de dados que a Empresa recolhe e as finalidades para as quais ser\u00e3o utilizados:<\/p><p>O tratamento dos dados a que se procede relativamente \u00e0s pessoas que se comunicam atrav\u00e9s do WhatsApp business de PronoKal\u00ae ser\u00e1 regido por esta sec\u00e7\u00e3o, bem como pelas condi\u00e7\u00f5es de utiliza\u00e7\u00e3o, pol\u00edticas de privacidade e regras de acesso pertencentes \u00e0 aplica\u00e7\u00e3o e aplic\u00e1veis em cada caso e que foram previamente aceites pelo utilizador. PronoKal\u00ae ir\u00e1 processar os seus dados a fim de comunicar consigo atrav\u00e9s deste aplicativo para agilizar a gest\u00e3o dos servi\u00e7os e melhorar essas comunica\u00e7\u00f5es, compartilhando os seus dados de contacto do m\u00e9dico\/de contacto do utilizador, para o que solicit\u00e1mos o seu consentimento expresso. \u00c9 proibida a utiliza\u00e7\u00e3o do WhatsApp de PronoKal\u00ae para o envio de conte\u00fados desnecess\u00e1rios \u00e0 resposta aos servi\u00e7os contratados e que sejam il\u00edcitos por normativas nacionais ou internacionais, que violem os direitos fundamentais das pessoas e que em geral violem os princ\u00edpios de legalidade, honestidade, responsabilidade, prote\u00e7\u00e3o da vida privada, prote\u00e7\u00e3o do consumidor e direitos de propriedade intelectual e industrial.<\/p><h3>DESTINAT\u00c1RIOS DE CESS\u00d5ES OU TRANSFER\u00caNCIAS:<\/h3><p>\u00a0<\/p><p>Os dados pessoais do utilizador podem ser transmitidos a terceiros (m\u00e9dicos, nutricionistas e outros profissionais de sa\u00fade PronoKal\u00ae designados \u00e0 sua dieta) que atuam sempre como correspons\u00e1veis do processamento de dados. O referido acesso e processamento de dados \u00e9 regulado por um contrato de corresponsabilidade. Da mesma forma, os seus dados s\u00e3o compartilhados com o WhatsApp Ireland Limited, cujas medidas t\u00e9cnicas de seguran\u00e7a garantem a confidencialidade, integridade e disponibilidade da sua informa\u00e7\u00e3o, de acordo com a sua pr\u00f3pria <a href=\"https:\/\/www.whatsapp.com\/legal\/privacy-policy-eea\">pol\u00edtica de privacidad<\/a>e. N\u00e3o est\u00e3o previstas outras transfer\u00eancias, exceto por obriga\u00e7\u00e3o legal ou exig\u00eancia judicial. Os seus dados ser\u00e3o guardados enquanto durar o fim para o qual foram obtidos e, caso deixem de ser necess\u00e1rios, ser\u00e3o mantidos devidamente bloqueados, arquivados e conservados pelo tempo legalmente estabelecido.<\/p><p>\u00a0<\/p><h3>DIREITOS DAS PESSOAS INTERESSADAS:<\/h3><p>\u00a0<\/p><p>Tem o direito de solicitar o acesso, retifica\u00e7\u00e3o, portabilidade e exclus\u00e3o dos seus dados e a limita\u00e7\u00e3o e oposi\u00e7\u00e3o ao seu tratamento entrando em contacto com o <strong>PRONOKAL GROUP \u00ae<\/strong>, enviando um e-mail para dpo@pronokalgroup.com, juntamente com uma fotoc\u00f3pia autorizada do seu documento de identifica\u00e7\u00e3o oficial, indicando o tipo de direito que deseja exercer. Tem tamb\u00e9m o direito de retirar a qualquer momento o consentimento prestado. A retirada do consentimento n\u00e3o afetar\u00e1 a legalidade do tratamento realizado antes dessa retirada. Tem tamb\u00e9m o direito de fazer uma reclama\u00e7\u00e3o, se considerar que o processamento de dados pessoais n\u00e3o se ajusta \u00e0s normas em vigor, perante a Autoridade de Controlo (<a href=\"http:\/\/www.cnpd.pt\">www.cnpd.pt<\/a>).<\/p>\t\t\t\t\t<\/div>\n\t\t\t\t\t\t<\/div>\n\t\t\t\t<\/div>\n\t\t\t\t\t\t<\/div>\n\t\t\t\t\t<\/div>\n\t\t<\/div>\n\t\t\t\t<div class=\"elementor-column elementor-col-16 elementor-top-column elementor-element elementor-element-2446eea\" data-id=\"2446eea\" data-element_type=\"column\">\n\t\t\t<div class=\"elementor-column-wrap\">\n\t\t\t\t\t\t\t<div class=\"elementor-widget-wrap\">\n\t\t\t\t\t\t\t\t<\/div>\n\t\t\t\t\t<\/div>\n\t\t<\/div>\n\t\t\t\t\t\t\t\t<\/div>\n\t\t\t\t\t<\/div>\n\t\t<\/section>\n\t\t\t\t\t\t\t\t\t<\/div>\n\t\t\t<\/div>\n\t\t\t\t\t<\/div>\n\t\t","protected":false},"excerpt":{"rendered":"Pol\u00edtica de Privacidade para uso do Whatsapp Business 1.\u00a0\u00a0\u00a0\u00a0\u00a0 INTRODU\u00c7\u00c3O A sua privacidade \u00e9 importante para n\u00f3s, por isso, atrav\u00e9s deste documento, explicamos quais os dados que recolhemos dos utilizadores, como os utilizamos e para que finalidades, entre outras indica\u00e7\u00f5es. Para sua informa\u00e7\u00e3o, nunca pediremos mais informa\u00e7\u00e3o do que a que realmente necessitamos para os [&hellip;]","protected":false},"author":5,"featured_media":0,"parent":0,"menu_order":0,"comment_status":"closed","ping_status":"closed","template":"","meta":[],"acf":[],"_links":{"self":[{"href":"https:\/\/pronokalprewpes.omatech.com\/pt\/wp-json\/wp\/v2\/pages\/21059"}],"collection":[{"href":"https:\/\/pronokalprewpes.omatech.com\/pt\/wp-json\/wp\/v2\/pages"}],"about":[{"href":"https:\/\/pronokalprewpes.omatech.com\/pt\/wp-json\/wp\/v2\/types\/page"}],"author":[{"embeddable":true,"href":"https:\/\/pronokalprewpes.omatech.com\/pt\/wp-json\/wp\/v2\/users\/5"}],"replies":[{"embeddable":true,"href":"https:\/\/pronokalprewpes.omatech.com\/pt\/wp-json\/wp\/v2\/comments?post=21059"}],"version-history":[{"count":5,"href":"https:\/\/pronokalprewpes.omatech.com\/pt\/wp-json\/wp\/v2\/pages\/21059\/revisions"}],"predecessor-version":[{"id":21064,"href":"https:\/\/pronokalprewpes.omatech.com\/pt\/wp-json\/wp\/v2\/pages\/21059\/revisions\/21064"}],"wp:attachment":[{"href":"https:\/\/pronokalprewpes.omatech.com\/pt\/wp-json\/wp\/v2\/media?parent=21059"}],"curies":[{"name":"wp","href":"https:\/\/api.w.org\/{rel}","templated":true}]}}