{"id":23875,"date":"2022-08-04T10:10:11","date_gmt":"2022-08-04T08:10:11","guid":{"rendered":"https:\/\/pronokalprewpes.omatech.com\/pt\/?page_id=23875"},"modified":"2022-08-04T10:10:11","modified_gmt":"2022-08-04T08:10:11","slug":"reclamacao","status":"publish","type":"page","link":"https:\/\/pronokalprewpes.omatech.com\/pt\/reclamacao\/","title":{"rendered":"Reclama\u00e7\u00e3o"},"content":{"rendered":"<p>&nbsp;<\/p>\n<h1 style=\"padding-left: 120px;\"><strong><em>Speak Up:<\/em><\/strong><strong> o Portal da Reclama\u00e7\u00e3o do grupo PronoKal<\/strong><\/h1>\n<p style=\"padding-left: 120px; padding-right: 120px;\">Para garantir o cumprimento dos <a href=\"https:\/\/pronokalprewpes.omatech.com\/pt\/wp-content\/uploads\/sites\/4\/2022\/08\/2_Corporate-Business-Principles-PT_c.pdf\" target=\"_blank\" rel=\"noopener\"><u>Princ\u00edpios Empresariais<\/u><\/a> que regem o PronoKal Group (Grupo PronoKal), bem como do <a href=\"https:\/\/pronokalprewpes.omatech.com\/pt\/wp-content\/uploads\/sites\/4\/2022\/08\/1_Code-of-Conduct-PT_c.pdf\" target=\"_blank\" rel=\"noopener\"><u>C\u00f3digo de Conduta<\/u><\/a> da empresa, colocamos o nosso<strong> Portal da Reclama\u00e7\u00e3o <\/strong>(<strong><em>Speak Up<\/em><\/strong>) \u00e0 disposi\u00e7\u00e3o dos nossos trabalhadores, fornecedores e clientes, para que, caso seja necess\u00e1rio, possam <strong>reportar poss\u00edveis viola\u00e7\u00f5es ou incumprimentos ao regulamento mencionado<\/strong>.<\/p>\n<p style=\"padding-left: 120px; padding-right: 120px;\">O nosso portal da reclama\u00e7\u00e3o, <strong>ativo 24h e 365 dias por ano<\/strong>, \u00e9 gerido por um prestador de servi\u00e7os externo, o que nos permite <strong>garantir a m\u00e1xima confidencialidade do queixoso<\/strong> e proteger sempre o seu anonimato, exceto se tivermos o seu consentimento expresso.<\/p>\n<p>&nbsp;<\/p>\n<hr \/>\n<blockquote>\n<p style=\"padding-left: 120px; padding-right: 120px; text-align: center;\"><strong>IMPORTANTE! Se aquilo que pretende \u00e9 apresentar uma reclama\u00e7\u00e3o dos nossos produtos e\/ou servi\u00e7os, deve faz\u00ea-lo por interm\u00e9dio do nosso servi\u00e7o de <a href=\"https:\/\/pronokalprewpes.omatech.com\/pt\/contacto\/\">Apoio ao Cliente<\/a>.<\/strong><\/p>\n<\/blockquote>\n<hr \/>\n<p>&nbsp;<\/p>\n<h2><\/h2>\n<h2 style=\"padding-left: 120px; padding-right: 120px;\"><strong>Como fazer uma reclama\u00e7\u00e3o?<\/strong><\/h2>\n<p style=\"padding-left: 120px; padding-right: 120px;\">Existem duas formas de apresentar uma reclama\u00e7\u00e3o atrav\u00e9s do Speak Up: atrav\u00e9s de um formul\u00e1rio web ou por telefone (chamada gratuita).<\/p>\n<p style=\"padding-left: 120px; padding-right: 120px;\">Em ambos os casos, a pessoa ir\u00e1 receber um\u00a0<strong>n\u00famero de identifica\u00e7\u00e3o <\/strong> que lhe vai permitir efetuar um seguimento sobre o estado da reclama\u00e7\u00e3o apresentada e, caso seja necess\u00e1rio, apresentar informa\u00e7\u00e3o adicional para a resolu\u00e7\u00e3o do caso.<\/p>\n<p>&nbsp;<\/p>\n<ul>\n<li style=\"list-style-type: none;\">\n<ul>\n<li style=\"list-style-type: none;\">\n<ul>\n<li style=\"list-style-type: none;\">\n<ul>\n<li style=\"list-style-type: none;\">\n<ul>\n<li><strong>A)\tRECLAMA\u00c7\u00c3O ATRAV\u00c9S DO FORMUL\u00c1RIO WEB<br \/>\n<\/strong>Aceda atrav\u00e9s do seguinte link: <a href=\"https:\/\/www.speakupfeedback.eu\/web\/A2VY73\/pt\/select_language\/766\" target=\"_blank\" rel=\"noopener\">apresente aqui a sua reclama\u00e7\u00e3o<\/a><\/p>\n<p style=\"padding-left: 0px; padding-right: 120px;\">Para garantir uma investiga\u00e7\u00e3o eficaz dos factos, \u00e9 importante <strong>apresentar uma descri\u00e7\u00e3o detalhada da ocorr\u00eancia<\/strong> (quem, o qu\u00ea, quando, como) e provas justificativas da mesma (por exemplo, c\u00f3pias de documentos, capturas de ecr\u00e3 ou nomes de testemunhas) que permitam confirmar e comprovar os factos apresentados na reclama\u00e7\u00e3o.<\/p>\n<\/li>\n<\/ul>\n<\/li>\n<\/ul>\n<\/li>\n<\/ul>\n<\/li>\n<\/ul>\n<\/li>\n<\/ul>\n<p>&nbsp;<\/p>\n<ul>\n<li style=\"list-style-type: none;\">\n<ul>\n<li style=\"list-style-type: none;\">\n<ul>\n<li style=\"list-style-type: none;\">\n<ul>\n<li style=\"list-style-type: none;\">\n<ul>\n<li><strong>RECLAMA\u00c7\u00c3O POR TELEFONE<br \/>\n<\/strong>Ligue para o n\u00famero <strong>800-831528<\/strong> e insira o c\u00f3digo de acesso 81216.<\/p>\n<p style=\"padding-left: 0px; padding-right: 120px;\">A chamada n\u00e3o ser\u00e1 atendida por um operador, mas sim por um sistema de correio de voz que ir\u00e1 gravar a reclama\u00e7\u00e3o que for apresentada, a qual ser\u00e1 enviada para o respons\u00e1vel pela investiga\u00e7\u00e3o do caso.<\/p>\n<\/li>\n<\/ul>\n<\/li>\n<\/ul>\n<\/li>\n<\/ul>\n<\/li>\n<\/ul>\n<\/li>\n<\/ul>\n<p>&nbsp;<\/p>\n<p style=\"padding-left: 120px; padding-right: 120px;\">No PronoKal Group (Grupo PronoKal) comprometemo-nos a <strong>\u00a0dar seguimento a todas as reclama\u00e7\u00f5es recebidas <\/strong>com a maior brevidade poss\u00edvel e a tomar as medidas necess\u00e1rias em cada caso. Al\u00e9m disso, garantimos que a pessoa ser\u00e1 sempre informada sobre a evolu\u00e7\u00e3o da reclama\u00e7\u00e3o.<\/p>\n<p>&nbsp;<\/p>\n<h2 style=\"padding-left: 120px; padding-right: 120px;\"><strong>O que acontece depois de apresentar uma reclama\u00e7\u00e3o?<\/strong><\/h2>\n<p style=\"padding-left: 120px; padding-right: 120px;\">Aceda <a href=\"https:\/\/pronokalprewpes.omatech.com\/pt\/wp-content\/uploads\/sites\/4\/2022\/08\/Proceso-de-gestion-de-denuncias-PT_c.pdf\" target=\"_blank\" rel=\"noopener\"><strong><u>aqui<\/u><\/strong><\/a> \u00e0s diferentes etapas do processo.<\/p>\n","protected":false},"excerpt":{"rendered":"&nbsp; Speak Up: o Portal da Reclama\u00e7\u00e3o do grupo PronoKal Para garantir o cumprimento dos Princ\u00edpios Empresariais que regem o PronoKal Group (Grupo PronoKal), bem como do C\u00f3digo de Conduta da empresa, colocamos o nosso Portal da Reclama\u00e7\u00e3o (Speak Up) \u00e0 disposi\u00e7\u00e3o dos nossos trabalhadores, fornecedores e clientes, para que, caso seja necess\u00e1rio, possam reportar [&hellip;]","protected":false},"author":5,"featured_media":0,"parent":0,"menu_order":0,"comment_status":"closed","ping_status":"closed","template":"","meta":[],"acf":[],"_links":{"self":[{"href":"https:\/\/pronokalprewpes.omatech.com\/pt\/wp-json\/wp\/v2\/pages\/23875"}],"collection":[{"href":"https:\/\/pronokalprewpes.omatech.com\/pt\/wp-json\/wp\/v2\/pages"}],"about":[{"href":"https:\/\/pronokalprewpes.omatech.com\/pt\/wp-json\/wp\/v2\/types\/page"}],"author":[{"embeddable":true,"href":"https:\/\/pronokalprewpes.omatech.com\/pt\/wp-json\/wp\/v2\/users\/5"}],"replies":[{"embeddable":true,"href":"https:\/\/pronokalprewpes.omatech.com\/pt\/wp-json\/wp\/v2\/comments?post=23875"}],"version-history":[{"count":2,"href":"https:\/\/pronokalprewpes.omatech.com\/pt\/wp-json\/wp\/v2\/pages\/23875\/revisions"}],"predecessor-version":[{"id":23880,"href":"https:\/\/pronokalprewpes.omatech.com\/pt\/wp-json\/wp\/v2\/pages\/23875\/revisions\/23880"}],"wp:attachment":[{"href":"https:\/\/pronokalprewpes.omatech.com\/pt\/wp-json\/wp\/v2\/media?parent=23875"}],"curies":[{"name":"wp","href":"https:\/\/api.w.org\/{rel}","templated":true}]}}