{"id":34,"date":"2018-12-21T11:45:38","date_gmt":"2018-12-21T11:45:38","guid":{"rendered":"http:\/\/pronokal.com\/?page_id=34"},"modified":"2022-06-21T07:46:59","modified_gmt":"2022-06-21T05:46:59","slug":"outras-paginas-do-grupo","status":"publish","type":"page","link":"https:\/\/pronokalprewpes.omatech.com\/pt\/outras-paginas-do-grupo\/","title":{"rendered":"Outras p\u00e1ginas do grupo"},"content":{"rendered":"\t\t<div data-elementor-type=\"wp-post\" data-elementor-id=\"34\" class=\"elementor elementor-34\">\n\t\t\t\t\t\t<div class=\"elementor-inner\">\n\t\t\t\t<div class=\"elementor-section-wrap\">\n\t\t\t\t\t\t\t\t\t<section class=\"elementor-section elementor-top-section elementor-element elementor-element-7dc4a16 bg-grey elementor-section-boxed elementor-section-height-default elementor-section-height-default\" data-id=\"7dc4a16\" data-element_type=\"section\">\n\t\t\t\t\t\t<div class=\"elementor-container elementor-column-gap-default\">\n\t\t\t\t\t\t\t<div class=\"elementor-row\">\n\t\t\t\t\t<div class=\"elementor-column elementor-col-100 elementor-top-column elementor-element elementor-element-89be97f\" data-id=\"89be97f\" data-element_type=\"column\">\n\t\t\t<div class=\"elementor-column-wrap elementor-element-populated\">\n\t\t\t\t\t\t\t<div class=\"elementor-widget-wrap\">\n\t\t\t\t\t\t<div class=\"elementor-element elementor-element-becf2c9 elementor-widget elementor-widget-heading\" data-id=\"becf2c9\" data-element_type=\"widget\" data-widget_type=\"heading.default\">\n\t\t\t\t<div class=\"elementor-widget-container\">\n\t\t\t<h1 class=\"elementor-heading-title elementor-size-default\">Outras webs do grupo<\/h1>\t\t<\/div>\n\t\t\t\t<\/div>\n\t\t\t\t\t\t<\/div>\n\t\t\t\t\t<\/div>\n\t\t<\/div>\n\t\t\t\t\t\t\t\t<\/div>\n\t\t\t\t\t<\/div>\n\t\t<\/section>\n\t\t\t\t<section class=\"elementor-section elementor-top-section elementor-element elementor-element-08d810a bg-grey elementor-section-boxed elementor-section-height-default elementor-section-height-default\" data-id=\"08d810a\" data-element_type=\"section\">\n\t\t\t\t\t\t<div class=\"elementor-container elementor-column-gap-default\">\n\t\t\t\t\t\t\t<div class=\"elementor-row\">\n\t\t\t\t\t<div class=\"elementor-column elementor-col-100 elementor-top-column elementor-element elementor-element-b3ab42e\" data-id=\"b3ab42e\" data-element_type=\"column\">\n\t\t\t<div class=\"elementor-column-wrap elementor-element-populated\">\n\t\t\t\t\t\t\t<div class=\"elementor-widget-wrap\">\n\t\t\t\t\t\t<div class=\"elementor-element elementor-element-8f3120e elementor-widget elementor-widget-spacer\" data-id=\"8f3120e\" data-element_type=\"widget\" data-widget_type=\"spacer.default\">\n\t\t\t\t<div class=\"elementor-widget-container\">\n\t\t\t\t\t<div class=\"elementor-spacer\">\n\t\t\t<div class=\"elementor-spacer-inner\"><\/div>\n\t\t<\/div>\n\t\t\t\t<\/div>\n\t\t\t\t<\/div>\n\t\t\t\t\t\t<\/div>\n\t\t\t\t\t<\/div>\n\t\t<\/div>\n\t\t\t\t\t\t\t\t<\/div>\n\t\t\t\t\t<\/div>\n\t\t<\/section>\n\t\t\t\t<section class=\"elementor-section elementor-top-section elementor-element elementor-element-0b97b3e elementor-section-boxed elementor-section-height-default elementor-section-height-default\" data-id=\"0b97b3e\" data-element_type=\"section\">\n\t\t\t\t\t\t<div class=\"elementor-container elementor-column-gap-default\">\n\t\t\t\t\t\t\t<div class=\"elementor-row\">\n\t\t\t\t\t<div class=\"elementor-column elementor-col-50 elementor-top-column elementor-element elementor-element-9a90fbb\" data-id=\"9a90fbb\" data-element_type=\"column\">\n\t\t\t<div class=\"elementor-column-wrap elementor-element-populated\">\n\t\t\t\t\t\t\t<div class=\"elementor-widget-wrap\">\n\t\t\t\t\t\t<div class=\"elementor-element elementor-element-c09f7e2 elementor-widget elementor-widget-heading\" data-id=\"c09f7e2\" data-element_type=\"widget\" data-widget_type=\"heading.default\">\n\t\t\t\t<div class=\"elementor-widget-container\">\n\t\t\t<h2 class=\"elementor-heading-title elementor-size-default\">EUROPA<\/h2>\t\t<\/div>\n\t\t\t\t<\/div>\n\t\t\t\t<div class=\"elementor-element elementor-element-9a91e58 elementor-widget elementor-widget-image\" data-id=\"9a91e58\" data-element_type=\"widget\" data-widget_type=\"image.default\">\n\t\t\t\t<div class=\"elementor-widget-container\">\n\t\t\t\t\t\t\t\t<div class=\"elementor-image\">\n\t\t\t\t\t\t\t\t\t\t\t\t<img decoding=\"async\" width=\"150\" height=\"150\" src=\"https:\/\/pronokalprewpes.omatech.com\/pt\/wp-content\/uploads\/sites\/4\/2022\/03\/europe_cor_c-1-150x150.png\" class=\"attachment-thumbnail size-thumbnail wp-image-22286\" alt=\"\" srcset=\"https:\/\/pronokalprewpes.omatech.com\/pt\/wp-content\/uploads\/sites\/4\/2022\/03\/europe_cor_c-1-150x150.png 150w, https:\/\/pronokalprewpes.omatech.com\/pt\/wp-content\/uploads\/sites\/4\/2022\/03\/europe_cor_c-1-250x250.png 250w, https:\/\/pronokalprewpes.omatech.com\/pt\/wp-content\/uploads\/sites\/4\/2022\/03\/europe_cor_c-1-120x120.png 120w, https:\/\/pronokalprewpes.omatech.com\/pt\/wp-content\/uploads\/sites\/4\/2022\/03\/europe_cor_c-1.png 256w\" sizes=\"(max-width: 150px) 100vw, 150px\" \/>\t\t\t\t\t\t\t\t\t\t\t\t\t\t<\/div>\n\t\t\t\t\t\t<\/div>\n\t\t\t\t<\/div>\n\t\t\t\t<div class=\"elementor-element elementor-element-465c923 elementor-widget elementor-widget-text-editor\" data-id=\"465c923\" data-element_type=\"widget\" data-widget_type=\"text-editor.default\">\n\t\t\t\t<div class=\"elementor-widget-container\">\n\t\t\t\t\t\t\t\t<div class=\"elementor-text-editor elementor-clearfix\">\n\t\t\t\t<p style=\"text-align: center;\"><strong><span style=\"color: #b08e43;\"><a style=\"color: #b08e43;\" href=\"https:\/\/pronokalprewpes.omatech.com\/it\/\" target=\"_blank\" rel=\"noopener\">It\u00e1lia<\/a><\/span><\/strong><\/p>\n<p style=\"text-align: center;\"><strong><span style=\"color: #b08e43;\"><a style=\"color: #b08e43;\" href=\"https:\/\/pronokalprewpes.omatech.com\/be-nl\/\" target=\"_blank\" rel=\"noopener\">B\u00e9lgica NL<\/a><\/span><\/strong><\/p>\n<p style=\"text-align: center;\"><strong><span style=\"color: #b08e43;\"><a style=\"color: #b08e43;\" href=\"https:\/\/pronokalprewpes.omatech.com\/be-fr\/\" target=\"_blank\" rel=\"noopener\">B\u00e9lgica FR<\/a><\/span><\/strong><\/p>\n<p style=\"text-align: center;\"><strong><span style=\"color: #b08e43;\"><a style=\"color: #b08e43;\" href=\"https:\/\/pronokalprewpes.omatech.com\/es\/\" target=\"_blank\" rel=\"noopener\">Espanha<\/a><\/span><\/strong><\/p>\n<p style=\"text-align: center;\"><strong><span style=\"color: #b08e43;\"><a style=\"color: #b08e43;\" href=\"https:\/\/pronokalprewpes.omatech.com\/ch-fr\/\" target=\"_blank\" rel=\"noopener\">Sui\u00e7a<\/a><\/span><\/strong><\/p>\n<p style=\"text-align: center;\"><strong><span style=\"color: #b08e43;\"><a style=\"color: #b08e43;\" href=\"https:\/\/pronokalprewpes.omatech.com\/uk\" target=\"_blank\" rel=\"noopener\">Reino Unido<\/a><\/span><\/strong><\/p>\t\t\t\t\t<\/div>\n\t\t\t\t\t\t<\/div>\n\t\t\t\t<\/div>\n\t\t\t\t\t\t<\/div>\n\t\t\t\t\t<\/div>\n\t\t<\/div>\n\t\t\t\t<div class=\"elementor-column elementor-col-50 elementor-top-column elementor-element elementor-element-d6222b2\" data-id=\"d6222b2\" data-element_type=\"column\">\n\t\t\t<div class=\"elementor-column-wrap elementor-element-populated\">\n\t\t\t\t\t\t\t<div class=\"elementor-widget-wrap\">\n\t\t\t\t\t\t<div class=\"elementor-element elementor-element-3132f57 elementor-widget elementor-widget-heading\" data-id=\"3132f57\" data-element_type=\"widget\" data-widget_type=\"heading.default\">\n\t\t\t\t<div class=\"elementor-widget-container\">\n\t\t\t<h2 class=\"elementor-heading-title elementor-size-default\">LATAM<\/h2>\t\t<\/div>\n\t\t\t\t<\/div>\n\t\t\t\t<div class=\"elementor-element elementor-element-d797ea6 elementor-widget elementor-widget-image\" data-id=\"d797ea6\" data-element_type=\"widget\" data-widget_type=\"image.default\">\n\t\t\t\t<div class=\"elementor-widget-container\">\n\t\t\t\t\t\t\t\t<div class=\"elementor-image\">\n\t\t\t\t\t\t\t\t\t\t\t\t<img decoding=\"async\" width=\"150\" height=\"150\" src=\"https:\/\/pronokalprewpes.omatech.com\/pt\/wp-content\/uploads\/sites\/4\/2022\/03\/south-america_cor_c-1-150x150.png\" class=\"attachment-thumbnail size-thumbnail wp-image-22287\" alt=\"\" srcset=\"https:\/\/pronokalprewpes.omatech.com\/pt\/wp-content\/uploads\/sites\/4\/2022\/03\/south-america_cor_c-1-150x150.png 150w, https:\/\/pronokalprewpes.omatech.com\/pt\/wp-content\/uploads\/sites\/4\/2022\/03\/south-america_cor_c-1-250x250.png 250w, https:\/\/pronokalprewpes.omatech.com\/pt\/wp-content\/uploads\/sites\/4\/2022\/03\/south-america_cor_c-1-120x120.png 120w, https:\/\/pronokalprewpes.omatech.com\/pt\/wp-content\/uploads\/sites\/4\/2022\/03\/south-america_cor_c-1.png 256w\" sizes=\"(max-width: 150px) 100vw, 150px\" \/>\t\t\t\t\t\t\t\t\t\t\t\t\t\t<\/div>\n\t\t\t\t\t\t<\/div>\n\t\t\t\t<\/div>\n\t\t\t\t<div class=\"elementor-element elementor-element-2de3619 elementor-widget elementor-widget-text-editor\" data-id=\"2de3619\" data-element_type=\"widget\" data-widget_type=\"text-editor.default\">\n\t\t\t\t<div class=\"elementor-widget-container\">\n\t\t\t\t\t\t\t\t<div class=\"elementor-text-editor elementor-clearfix\">\n\t\t\t\t<p style=\"text-align: center;\"><strong><span style=\"color: #b08e43;\"><a style=\"color: #b08e43;\" href=\"https:\/\/pronokalprewpes.omatech.com\/uy\/\" target=\"_blank\" rel=\"noopener\">Uruguai<\/a><\/span><\/strong><\/p>\n<p style=\"text-align: center;\"><strong><span style=\"color: #b08e43;\"><a style=\"color: #b08e43;\" href=\"https:\/\/pronokalprewpes.omatech.com\/pe\/\" target=\"_blank\" rel=\"noopener\">Peru<\/a><\/span><\/strong><\/p>\n<p style=\"text-align: center;\"><strong><span style=\"color: #b08e43;\"><a style=\"color: #b08e43;\" href=\"https:\/\/pronokalprewpes.omatech.com\/do\/\" target=\"_blank\" rel=\"noopener\">Rep\u00fablica Dominicana<\/a><\/span><\/strong><\/p>\n<p style=\"text-align: center;\"><strong><span style=\"color: #b08e43;\"><a style=\"color: #b08e43;\" href=\"https:\/\/pronokalprewpes.omatech.com\/cr\/\" target=\"_blank\" rel=\"noopener\">Costa Rica<\/a><\/span><\/strong><\/p>\n<p style=\"text-align: center;\"><strong><span style=\"color: #b08e43;\"><a style=\"color: #b08e43;\" href=\"https:\/\/pronokal.com.br\/\" target=\"_blank\" rel=\"noopener\">Brasil<\/a><\/span><\/strong><\/p>\t\t\t\t\t<\/div>\n\t\t\t\t\t\t<\/div>\n\t\t\t\t<\/div>\n\t\t\t\t\t\t<\/div>\n\t\t\t\t\t<\/div>\n\t\t<\/div>\n\t\t\t\t\t\t\t\t<\/div>\n\t\t\t\t\t<\/div>\n\t\t<\/section>\n\t\t\t\t\t\t\t\t\t<\/div>\n\t\t\t<\/div>\n\t\t\t\t\t<\/div>\n\t\t","protected":false},"excerpt":{"rendered":"Outras webs do grupo EUROPA It\u00e1lia B\u00e9lgica NL B\u00e9lgica FR Espanha Sui\u00e7a Reino Unido LATAM Uruguai Peru Rep\u00fablica Dominicana Costa Rica Brasil","protected":false},"author":1,"featured_media":0,"parent":0,"menu_order":0,"comment_status":"closed","ping_status":"closed","template":"","meta":[],"acf":[],"_links":{"self":[{"href":"https:\/\/pronokalprewpes.omatech.com\/pt\/wp-json\/wp\/v2\/pages\/34"}],"collection":[{"href":"https:\/\/pronokalprewpes.omatech.com\/pt\/wp-json\/wp\/v2\/pages"}],"about":[{"href":"https:\/\/pronokalprewpes.omatech.com\/pt\/wp-json\/wp\/v2\/types\/page"}],"author":[{"embeddable":true,"href":"https:\/\/pronokalprewpes.omatech.com\/pt\/wp-json\/wp\/v2\/users\/1"}],"replies":[{"embeddable":true,"href":"https:\/\/pronokalprewpes.omatech.com\/pt\/wp-json\/wp\/v2\/comments?post=34"}],"version-history":[{"count":23,"href":"https:\/\/pronokalprewpes.omatech.com\/pt\/wp-json\/wp\/v2\/pages\/34\/revisions"}],"predecessor-version":[{"id":23540,"href":"https:\/\/pronokalprewpes.omatech.com\/pt\/wp-json\/wp\/v2\/pages\/34\/revisions\/23540"}],"wp:attachment":[{"href":"https:\/\/pronokalprewpes.omatech.com\/pt\/wp-json\/wp\/v2\/media?parent=34"}],"curies":[{"name":"wp","href":"https:\/\/api.w.org\/{rel}","templated":true}]}}